{"id":8588,"date":"2022-08-20T20:51:00","date_gmt":"2022-08-20T19:51:00","guid":{"rendered":"https:\/\/culton.org\/?page_id=8588"},"modified":"2023-09-02T09:37:00","modified_gmt":"2023-09-02T08:37:00","slug":"systematikk","status":"publish","type":"page","link":"https:\/\/culton.org\/no\/systematikk\/","title":{"rendered":"SYSTEMATIKK"},"content":{"rendered":"\n<p class=\"has-medium-font-size\"><strong>M\u00e5let med denne seksjonen er \u00e5 bidra til en generell forst\u00e5else av forskjeller mellom generell biologi (taksonomi) og domestiserte organismer (kultonomi) n\u00e5r det gjelder <strong>systematikk og nomenklatur<\/strong>, og med det som grunnlag forklare valgene som er gjort for strukturen i Culton-prosjektet.<\/strong><\/p>\n\n\n\n<h2 class=\"gb-headline gb-headline-90b5a07d gb-headline-text\"><strong><a href=\"\/no\/systematikk\/taksonomi\/\">Taksonomi<\/a><\/strong><\/h2>\n\n\n\n<p>Vi arbeider med en grundig beskrivelse av feltets historie og n\u00e5v\u00e6rende status. S\u00e5 langt er dette bare en kort oversikt med noen linker til videre lesing. <strong><a href=\"\/no\/systematikk\/taksonomi\/\" data-type=\"page\" data-id=\"8027\">&gt;&gt;&gt;<\/a><\/strong><\/p>\n\n\n\n<h2 class=\"gb-headline gb-headline-633b46b6 gb-headline-text\"><strong><a href=\"\/no\/systematikk\/kultonomi\/\">Kultonomi<\/a><\/strong><\/h2>\n\n\n\n<p>Vi arbeider med en grundig beskrivelse av feltets historie og n\u00e5v\u00e6rende status. S\u00e5 langt er dette bare en kort oversikt med noen linker til videre lesing. <strong><a href=\"\/no\/systematikk\/kultonomi\/\" data-type=\"page\" data-id=\"8027\">&gt;&gt;&gt;<\/a><\/strong><\/p>\n\n\n\n<h2 class=\"wp-block-heading\"><strong><a href=\"\/no\/systematikk\/takso-kultonomi\/\">Takso- &amp; kultonomi<\/a><\/strong><\/h2>\n\n\n\n<p>De sentrale problemstillingene om forholdet mellom taksonomi og kultonomi, og problemstillinger vedr\u00f8rende nomenklatur (navning) derav. &nbsp;<strong><a href=\"\/no\/systematikk\/takso-kultonomi\/\" data-type=\"page\" data-id=\"10555\">&gt;&gt;&gt;<\/a><\/strong><\/p>\n\n\n\n<h2 class=\"wp-block-heading\"><strong><a href=\"\/no\/systematikk\/ny-kultonomi\/\">Ny kultonomi: basert p\u00e5 avling (crop)<\/a><\/strong><\/h2>\n\n\n\n<p>Den kultonomiske teorien til Wilbert Hetterscheid og Ronald van den Berg, som Culton-prosjektet bruker mange begreper fra, vil bli beskrevet i et eget avsnitt. \u00a0<strong><a href=\"\/no\/systematikk\/ny-kultonomi\/\">>>><\/a><\/strong><\/p>\n\n\n\n<p class=\"has-global-color-8-color has-text-color\">Dette innholdet er under utvikling og for tiden kun tilgjengelig for deltakere<\/p>\n\n\n\n<h2 class=\"gb-headline gb-headline-0469ebd4 gb-headline-text\"><strong><a href=\"\/no\/systematikk\/cultons-tilnarming\/\">Cultons tiln\u00e6rming: taksonomi og kultonomi i parallell<\/a><\/strong><\/h2>\n\n\n\n<p>I dette avsnittet beskriver vi valgene med hensyn til systematikk og pragmatiske behov et slikt prosjekt m\u00e5 ta for \u00e5 kunne levere en operativ tjeneste p\u00e5 kort sikt, samtidig som d\u00f8renes holdes \u00e5pne for ny teoretiske utvikling p\u00e5 lengre sikt. <\/p>\n\n\n\n<p>Det viktigste grepet om systematikk er at vi bruker b\u00e5de taksonomi og kultonomi parallelt, og en enkel m\u00e5te \u00e5 vise graden av relevans mellom dem i hvert enkelt tilfelle. &nbsp;<strong><a href=\"\/no\/systematikk\/cultons-tilnarming\/\" data-type=\"page\" data-id=\"4703\">&gt;&gt;&gt;<\/a><\/strong><\/p>\n\n\n\n<div style=\"height:100px\" aria-hidden=\"true\" class=\"wp-block-spacer\"><\/div>\n","protected":false},"excerpt":{"rendered":"<p>M\u00e5let med denne seksjonen er \u00e5 bidra til en generell forst\u00e5else av forskjeller mellom generell biologi (taksonomi) og domestiserte organismer (kultonomi) n\u00e5r det gjelder systematikk og nomenklatur, og med det som grunnlag forklare valgene som er gjort for strukturen i Culton-prosjektet. Taksonomi Vi arbeider med en grundig beskrivelse av feltets historie og n\u00e5v\u00e6rende status. S\u00e5 &#8230; <a title=\"SYSTEMATIKK\" class=\"read-more\" href=\"https:\/\/culton.org\/no\/systematikk\/\" aria-label=\"Read more about SYSTEMATIKK\">Les mer<\/a><\/p>\n","protected":false},"author":3,"featured_media":0,"parent":0,"menu_order":4,"comment_status":"closed","ping_status":"closed","template":"","meta":{"_bbp_topic_count":0,"_bbp_reply_count":0,"_bbp_total_topic_count":0,"_bbp_total_reply_count":0,"_bbp_voice_count":0,"_bbp_anonymous_reply_count":0,"_bbp_topic_count_hidden":0,"_bbp_reply_count_hidden":0,"_bbp_forum_subforum_count":0,"_lmt_disableupdate":"","_lmt_disable":"","footnotes":""},"class_list":["post-8588","page","type-page","status-publish"],"_links":{"self":[{"href":"https:\/\/culton.org\/no\/wp-json\/wp\/v2\/pages\/8588","targetHints":{"allow":["GET"]}}],"collection":[{"href":"https:\/\/culton.org\/no\/wp-json\/wp\/v2\/pages"}],"about":[{"href":"https:\/\/culton.org\/no\/wp-json\/wp\/v2\/types\/page"}],"author":[{"embeddable":true,"href":"https:\/\/culton.org\/no\/wp-json\/wp\/v2\/users\/3"}],"replies":[{"embeddable":true,"href":"https:\/\/culton.org\/no\/wp-json\/wp\/v2\/comments?post=8588"}],"version-history":[{"count":78,"href":"https:\/\/culton.org\/no\/wp-json\/wp\/v2\/pages\/8588\/revisions"}],"predecessor-version":[{"id":13818,"href":"https:\/\/culton.org\/no\/wp-json\/wp\/v2\/pages\/8588\/revisions\/13818"}],"wp:attachment":[{"href":"https:\/\/culton.org\/no\/wp-json\/wp\/v2\/media?parent=8588"}],"curies":[{"name":"wp","href":"https:\/\/api.w.org\/{rel}","templated":true}]}}