{"id":8050,"date":"2022-08-13T12:05:23","date_gmt":"2022-08-13T11:05:23","guid":{"rendered":"https:\/\/culton.org\/?page_id=8050"},"modified":"2023-11-09T17:52:19","modified_gmt":"2023-11-09T16:52:19","slug":"cultonx","status":"publish","type":"page","link":"https:\/\/culton.org\/no\/organisasjon\/cultonx\/","title":{"rendered":"Culton X"},"content":{"rendered":"\n<p>Bi-O AS lanserer webtjenesten Culton X for \u00e5 lette utveksling av biologisk oppformeringsmateriale mellom alle som p\u00e5 en eller annen m\u00e5te er involvert i jordbruk, skogbruk og etter hvert ogs\u00e5 akvakultur.<\/p>\n\n\n\n<figure class=\"wp-block-image size-full is-resized\"><img loading=\"lazy\" decoding=\"async\" width=\"600\" height=\"450\" src=\"https:\/\/culton.org\/wp-content\/uploads\/2023\/01\/cultonx-logo-white.png\" alt=\"\" class=\"wp-image-10119\" style=\"width:300px;height:225px\" srcset=\"https:\/\/culton.org\/wp-content\/uploads\/2023\/01\/cultonx-logo-white.png 600w, https:\/\/culton.org\/wp-content\/uploads\/2023\/01\/cultonx-logo-white-300x225.png 300w\" sizes=\"auto, (max-width: 600px) 100vw, 600px\" \/><\/figure>\n\n\n\n<p><\/p>\n\n\n\n<p>Som navnet tilsier, er dette prosjektet knyttet til&nbsp;Culton-prosjektet i den forstand at det bruker databasen som ryggrad for generisk informasjon om det biologiske materialet som registreres. Forskjellen mellom prosjektene er at all informasjon i Culton X handler om faktisk fysisk materiale og ikke bare generiske (ensyklopediske) data.<\/p>\n\n\n\n<p>Plattformen skal ha som m\u00e5l \u00e5 \u00f8ke tilgangen p\u00e5 genetisk mangfold, og samtidig i alle ledd informere om og inkorporere hensyn til<\/p>\n\n\n\n<ul class=\"wp-block-list\">\n<li>helsemessige krav<\/li>\n\n\n\n<li>import\/eksport-restriksjoner<\/li>\n\n\n\n<li>eierrettigheter<\/li>\n\n\n\n<li>krav ifm vedlikehold av kultivarer (=sorter) og raser.<\/li>\n<\/ul>\n\n\n\n<h2 class=\"wp-block-heading\">Oppbygning og funksjon<\/h2>\n\n\n\n<p>Dette prosjektet vil v\u00e6re en egen webtjeneste best\u00e5ende av tre moduler;<\/p>\n\n\n\n<ul class=\"wp-block-list\">\n<li><strong>inventering<\/strong>: oversikt over hvilke kultivarer brukeren har i sine dyrkingssystemer, inkludert fr\u00f8, planter og dyr,<\/li>\n\n\n\n<li><strong>prosjekt<\/strong>: planlegging og styring av dyrking, b\u00e5de for konsum og for oppformeringsmateriale, med n\u00f8yaktige data om det siste<\/li>\n\n\n\n<li><strong>katalog: <\/strong>tilbud og bestilling av oppformeringsmateriale mellom brukerne, med system for logistikk og \u00f8konomi<\/li>\n<\/ul>\n\n\n\n<h2 class=\"wp-block-heading\">Hvem kan bruke Culton X?<\/h2>\n\n\n\n<p>Culton X<strong> <\/strong>vil v\u00e6re \u00e5pent for alle:<\/p>\n\n\n\n<ul class=\"wp-block-list\">\n<li>enkeltpersoner\/bostander<\/li>\n\n\n\n<li>medlemsorganisasjoner<\/li>\n\n\n\n<li>bedrifter<\/li>\n\n\n\n<li>offentlige og private institusjoner<\/li>\n<\/ul>\n\n\n\n<p>P\u00e5 grunn av utfordringene med \u00e5 bygge inn hensynene listet over, vil plattformen i f\u00f8rste omgang kun v\u00e6re tilgjengelig for utveksling innenfor Norge, men intensjonen er \u00e5 gradvis bygge den ut videre.<\/p>\n\n\n\n<h2 class=\"wp-block-heading\">Eierskap og samarbeidsforhold<\/h2>\n\n\n\n<p>Culton X eies, utvikles og vedlikeholdes av Culton X AS.<\/p>\n\n\n\n<p>Culton Foundation (under etablering) og Culton X AS samarbeider tett gjennom en egen <a href=\"https:\/\/culton.org\/no\/organisasjon\/dokumenter\/\" data-type=\"page\" data-id=\"6359\">samarbeidsavtale <\/a>som sikrer at Culton f\u00e5r dekket alle behov for teknisk support og datainnsamlingsteknologi, og at Culton X sikres rett til \u00e5 bruke Culton-databasen som backbone for \u00e5 kunne dekke disse behov.<\/p>\n\n\n\n<h2 class=\"gb-headline gb-headline-3099b0ef gb-headline-text\">Status og neste skritt<\/h2>\n\n\n\n<p>Her er noen skjermbilder fra slik det ser ut pr. august 2022, utviklet i WordPress. Culton X tar sikte p\u00e5 lansering p\u00e5 <strong>cultonx.net<\/strong> i l\u00f8pet av 2024, da i hovedsak p\u00e5 en annen plattform, men etter hvert med programtillegg for WordPress som del av sitt produktspekter. Det vil ogs\u00e5 bli utviklet en mobilapp for systemet.<\/p>\n\n\n\n<figure class=\"wp-block-image size-full\"><img loading=\"lazy\" decoding=\"async\" width=\"1024\" height=\"386\" src=\"https:\/\/culton.org\/wp-content\/uploads\/2022\/08\/LEX-variantliste-1024x386-2.jpg\" alt=\"\" class=\"wp-image-7655\" srcset=\"https:\/\/culton.org\/wp-content\/uploads\/2022\/08\/LEX-variantliste-1024x386-2.jpg 1024w, https:\/\/culton.org\/wp-content\/uploads\/2022\/08\/LEX-variantliste-1024x386-2-300x113.jpg 300w, https:\/\/culton.org\/wp-content\/uploads\/2022\/08\/LEX-variantliste-1024x386-2-768x290.jpg 768w\" sizes=\"auto, (max-width: 1024px) 100vw, 1024px\" \/><\/figure>\n\n\n\n<p>Brukeren s\u00f8ker opp kultivaren og aktiverer den til sin inventeringsliste for \u00e5 arbeide med den videre.<\/p>\n\n\n\n<figure class=\"wp-block-image size-full\"><img loading=\"lazy\" decoding=\"async\" width=\"1024\" height=\"364\" src=\"https:\/\/culton.org\/wp-content\/uploads\/2022\/08\/INV-oversikt-new-1024x364-1.png\" alt=\"\" class=\"wp-image-7663\" srcset=\"https:\/\/culton.org\/wp-content\/uploads\/2022\/08\/INV-oversikt-new-1024x364-1.png 1024w, https:\/\/culton.org\/wp-content\/uploads\/2022\/08\/INV-oversikt-new-1024x364-1-300x107.png 300w, https:\/\/culton.org\/wp-content\/uploads\/2022\/08\/INV-oversikt-new-1024x364-1-768x273.png 768w\" sizes=\"auto, (max-width: 1024px) 100vw, 1024px\" \/><\/figure>\n\n\n\n<p><\/p>\n\n\n\n<figure class=\"wp-block-image size-full\"><img loading=\"lazy\" decoding=\"async\" width=\"1024\" height=\"461\" src=\"https:\/\/culton.org\/wp-content\/uploads\/2022\/08\/KAT-avlingsgrupper-1024x461-1.png\" alt=\"\" class=\"wp-image-7657\" srcset=\"https:\/\/culton.org\/wp-content\/uploads\/2022\/08\/KAT-avlingsgrupper-1024x461-1.png 1024w, https:\/\/culton.org\/wp-content\/uploads\/2022\/08\/KAT-avlingsgrupper-1024x461-1-300x135.png 300w, https:\/\/culton.org\/wp-content\/uploads\/2022\/08\/KAT-avlingsgrupper-1024x461-1-768x346.png 768w\" sizes=\"auto, (max-width: 1024px) 100vw, 1024px\" \/><figcaption class=\"wp-element-caption\">Systemet har en katalog der brukerne kan legge ut tilbud av oppformeringsmateriale i form av fr\u00f8, stiklinger osv.<\/figcaption><\/figure>\n\n\n\n<p><\/p>\n\n\n\n<figure class=\"wp-block-image size-full\"><img loading=\"lazy\" decoding=\"async\" width=\"1024\" height=\"541\" src=\"https:\/\/culton.org\/wp-content\/uploads\/2022\/08\/KAT-liste-1024x541-1.png\" alt=\"\" class=\"wp-image-7659\" srcset=\"https:\/\/culton.org\/wp-content\/uploads\/2022\/08\/KAT-liste-1024x541-1.png 1024w, https:\/\/culton.org\/wp-content\/uploads\/2022\/08\/KAT-liste-1024x541-1-300x158.png 300w, https:\/\/culton.org\/wp-content\/uploads\/2022\/08\/KAT-liste-1024x541-1-768x406.png 768w\" sizes=\"auto, (max-width: 1024px) 100vw, 1024px\" \/><figcaption class=\"wp-element-caption\">Her kan man s\u00f8ke p\u00e5 ulike m\u00e5ter og bestille direkte.<\/figcaption><\/figure>\n\n\n\n<figure class=\"wp-block-image size-full\"><img loading=\"lazy\" decoding=\"async\" width=\"1024\" height=\"357\" src=\"https:\/\/culton.org\/wp-content\/uploads\/2022\/08\/INV-innkommende-bestillinger-3-1024x357-1.png\" alt=\"\" class=\"wp-image-7661\" srcset=\"https:\/\/culton.org\/wp-content\/uploads\/2022\/08\/INV-innkommende-bestillinger-3-1024x357-1.png 1024w, https:\/\/culton.org\/wp-content\/uploads\/2022\/08\/INV-innkommende-bestillinger-3-1024x357-1-300x105.png 300w, https:\/\/culton.org\/wp-content\/uploads\/2022\/08\/INV-innkommende-bestillinger-3-1024x357-1-768x268.png 768w\" sizes=\"auto, (max-width: 1024px) 100vw, 1024px\" \/><figcaption class=\"wp-element-caption\">Og den brukeren som har f\u00e5tt bestillinger, kan enkelt h\u00e5ndtere dem fra sin profil slik at hele systemet oppdateres p\u00e5 status.<\/figcaption><\/figure>\n\n\n\n<div style=\"height:100px\" aria-hidden=\"true\" class=\"wp-block-spacer\"><\/div>\n","protected":false},"excerpt":{"rendered":"<p>Bi-O AS lanserer webtjenesten Culton X for \u00e5 lette utveksling av biologisk oppformeringsmateriale mellom alle som p\u00e5 en eller annen m\u00e5te er involvert i jordbruk, skogbruk og etter hvert ogs\u00e5 akvakultur. Som navnet tilsier, er dette prosjektet knyttet til&nbsp;Culton-prosjektet i den forstand at det bruker databasen som ryggrad for generisk informasjon om det biologiske materialet &#8230; <a title=\"Culton X\" class=\"read-more\" href=\"https:\/\/culton.org\/no\/organisasjon\/cultonx\/\" aria-label=\"Read more about Culton X\">Les mer<\/a><\/p>\n","protected":false},"author":3,"featured_media":0,"parent":4700,"menu_order":3,"comment_status":"closed","ping_status":"closed","template":"","meta":{"_bbp_topic_count":0,"_bbp_reply_count":0,"_bbp_total_topic_count":0,"_bbp_total_reply_count":0,"_bbp_voice_count":0,"_bbp_anonymous_reply_count":0,"_bbp_topic_count_hidden":0,"_bbp_reply_count_hidden":0,"_bbp_forum_subforum_count":0,"_lmt_disableupdate":"","_lmt_disable":"","footnotes":""},"class_list":["post-8050","page","type-page","status-publish"],"_links":{"self":[{"href":"https:\/\/culton.org\/no\/wp-json\/wp\/v2\/pages\/8050","targetHints":{"allow":["GET"]}}],"collection":[{"href":"https:\/\/culton.org\/no\/wp-json\/wp\/v2\/pages"}],"about":[{"href":"https:\/\/culton.org\/no\/wp-json\/wp\/v2\/types\/page"}],"author":[{"embeddable":true,"href":"https:\/\/culton.org\/no\/wp-json\/wp\/v2\/users\/3"}],"replies":[{"embeddable":true,"href":"https:\/\/culton.org\/no\/wp-json\/wp\/v2\/comments?post=8050"}],"version-history":[{"count":49,"href":"https:\/\/culton.org\/no\/wp-json\/wp\/v2\/pages\/8050\/revisions"}],"predecessor-version":[{"id":13888,"href":"https:\/\/culton.org\/no\/wp-json\/wp\/v2\/pages\/8050\/revisions\/13888"}],"up":[{"embeddable":true,"href":"https:\/\/culton.org\/no\/wp-json\/wp\/v2\/pages\/4700"}],"wp:attachment":[{"href":"https:\/\/culton.org\/no\/wp-json\/wp\/v2\/media?parent=8050"}],"curies":[{"name":"wp","href":"https:\/\/api.w.org\/{rel}","templated":true}]}}