{"id":7998,"date":"2022-08-13T11:19:26","date_gmt":"2022-08-13T10:19:26","guid":{"rendered":"https:\/\/culton.org\/?page_id=7998"},"modified":"2023-09-02T09:03:23","modified_gmt":"2023-09-02T08:03:23","slug":"data","status":"publish","type":"page","link":"https:\/\/culton.org\/no\/data\/","title":{"rendered":"DATA"},"content":{"rendered":"\n<h2 class=\"wp-block-heading\">Taksonomisk ryggrad <\/h2>\n\n\n\n<p>Fra starten har prosjektet g\u00e5tt sammen med GBIF Norge for generell taksonomisk og systematisk veiledning, og derfor brukes GBIF som taksonomisk ryggrad (backone) for alle ville organismer i biosf\u00e6ren. <strong><a rel=\"noreferrer noopener\" href=\"https:\/\/www.gbif.org\/dataset\/d7dddbf4-2cf0-4f39-9b2a-bb099caae36c\" target=\"_blank\">Hovedtaksontabellen <\/a><\/strong>best\u00e5r n\u00e5 av &gt; 7 mill. oppf\u00f8ringer, hvorav &gt; 3 mill. er synonymer. GBIF-ryggraden er en fantstisk ressurs, fritt tilgjengelig via gbif.org, her s\u00f8keresultatet for<strong><em> <a rel=\"noreferrer noopener\" href=\"https:\/\/www.gbif.org\/species\/2930262\" target=\"_blank\">Solanum tuberosum<\/a><\/em><a rel=\"noreferrer noopener\" href=\"https:\/\/www.gbif.org\/species\/2930262\" target=\"_blank\"> L.<\/a><\/strong> Ryggraden er bygget p\u00e5 basis av <a rel=\"noreferrer noopener\" href=\"https:\/\/www.tdwg.org\/standards\/dwc\/\" target=\"_blank\"><strong>Darwin Core Standard<\/strong><\/a>, og hovedtabellen er taksontabellen, og dens termer kan sees i referanseguiden her: <a rel=\"noreferrer noopener\" href=\"https:\/\/dwc.tdwg.org\/terms\/#taxon\" target=\"_blank\"><strong>https:\/\/dwc.tdwg.org\/terms\/#taxon<\/strong><\/a><\/p>\n\n\n\n<h2 class=\"wp-block-heading\">Kultonomisk ryggrad <\/h2>\n\n\n\n<p>Culton-sjekklisten vil inneholde oppf\u00f8ringer av b\u00e5de planter, sopp, dyr, mikroorganismer etc., lik GBIF og andre taksonomiske sjekklister, men den vil kun dekke en br\u00f8kdel av antall arter, siden v\u00e5rt fokus i hovedsak er de domestiserte organismene, samt de som sankes\/jaktes\/fiskes. Med andre ord: alle artene vi er avhengige av for mat, medisiner, kl\u00e6r, materialer osv.<\/p>\n\n\n\n<p>De systematiske valgene som er gjort for Culton-sjekklisten er beskrevet i den systematiske delen av denne siden under <strong><a href=\"\/no\/systematikk\/cultons-tilnarming\/\" data-type=\"page\" data-id=\"4703\">Cultons<\/a><\/strong> <strong><a href=\"\/no\/systematikk\/cultons-tilnarming\/\" data-type=\"page\" data-id=\"4703\">tiln\u00e6rming<\/a><\/strong>.<\/p>\n\n\n\n<p>Hvordan vi strukturerer databasen v\u00e5r for \u00e5 reflektere disse systematiske valgene er beskrevet i <strong><a href=\"\/no\/data\/datamodell\/\" data-type=\"page\" data-id=\"11295\">datamodellen<\/a><\/strong> <em>(for p\u00e5loggede deltakere)<\/em><\/p>\n\n\n\n<p>Det vil bli utviklet en oversikt over v\u00e5re kilder ved <strong><a href=\"\/no\/data\/datakilder\/\" data-type=\"page\" data-id=\"8501\">datakilder<\/a><\/strong> <em>(for p\u00e5loggede deltakere)<\/em><\/p>\n\n\n\n<h2 class=\"wp-block-heading\">Datasett<\/h2>\n\n\n\n<p><strong>For hvert av datasettene nedenfor er det en egen side med informasjon om definisjon, kilder, metode og datastruktur. Alle med litt grunnleggende kunnskap om biologi, systematikk og\/eller datavitenskap er hjertelig velkommen til \u00e5 komme med innspill, og deltakerne oppfordres til \u00e5 bruke <strong><a href=\"https:\/\/culton.org\/no\/organisasjon\/forum\/\">foraene<\/a><\/strong><\/strong> <strong>til \u00e5 stille sp\u00f8rsm\u00e5l og sette i gang diskusjoner. Vil du <a href=\"\/no\/organisasjon\/bli-med-pa-laget\/\" data-type=\"page\" data-id=\"12936\">bli med p\u00e5 laget<\/a>?<\/strong><\/p>\n\n\n\n<h3 class=\"wp-block-heading\">Kjernen<\/h3>\n\n\n\n<p><strong><a href=\"\/no\/data\/avlingstype-husdyr-mikroorganisme\/\">Avlingstype\/husdyr\/mikroorganisme<\/a><\/strong><\/p>\n\n\n\n<p><strong><a href=\"\/no\/data\/kultivargruppe\/\">Kultivargruppe<\/a><\/strong><\/p>\n\n\n\n<p><strong><a href=\"\/no\/data\/kultivar\/\">Kultivarer (\/raser\/stammer)<\/a><\/strong><\/p>\n\n\n\n<h3 class=\"wp-block-heading\">Deskriptordata<\/h3>\n\n\n\n<p><a href=\"\/no\/data\/egenskaper\/\"><strong>Egenskaper<\/strong><\/a><\/p>\n\n\n\n<p><a href=\"\/no\/data\/bruk\"><strong>Bruk<\/strong><\/a><\/p>\n\n\n\n<p><a href=\"\/no\/data\/regulering\" data-type=\"URL\" data-id=\"\/no\/data\/Regulering\"><strong>Regulering<\/strong><\/a><\/p>\n\n\n\n<p><\/p>\n\n\n\n<p class=\"has-global-color-8-color has-base-background-color has-text-color has-background\">V\u00e5r f\u00f8rste betaversjon av sjekklistetjenesten vil kj\u00f8re fra <strong><a href=\"https:\/\/beta.culton.org\/\">beta.culton.org<\/a><\/strong>. Her p\u00e5 culton.org er det <a href=\"\/no\/data\/datasett\/\" data-type=\"URL\" data-id=\"\/no\/data\/datasett\/\">utviklingsdatasett<\/a>, for det meste i regnearkformat, kun for intern diskusjon og tilgang begrenset til p\u00e5loggede deltakere i prosjektet. Dersom det er lagt ut slike data, lenkes det dit under her:<\/p>\n\n\n\n<div style=\"height:100px\" aria-hidden=\"true\" class=\"wp-block-spacer\"><\/div>\n","protected":false},"excerpt":{"rendered":"<p>Taksonomisk ryggrad Fra starten har prosjektet g\u00e5tt sammen med GBIF Norge for generell taksonomisk og systematisk veiledning, og derfor brukes GBIF som taksonomisk ryggrad (backone) for alle ville organismer i biosf\u00e6ren. Hovedtaksontabellen best\u00e5r n\u00e5 av &gt; 7 mill. oppf\u00f8ringer, hvorav &gt; 3 mill. er synonymer. GBIF-ryggraden er en fantstisk ressurs, fritt tilgjengelig via gbif.org, her &#8230; <a title=\"DATA\" class=\"read-more\" href=\"https:\/\/culton.org\/no\/data\/\" aria-label=\"Read more about DATA\">Les mer<\/a><\/p>\n","protected":false},"author":3,"featured_media":0,"parent":0,"menu_order":3,"comment_status":"closed","ping_status":"closed","template":"","meta":{"_bbp_topic_count":0,"_bbp_reply_count":0,"_bbp_total_topic_count":0,"_bbp_total_reply_count":0,"_bbp_voice_count":0,"_bbp_anonymous_reply_count":0,"_bbp_topic_count_hidden":0,"_bbp_reply_count_hidden":0,"_bbp_forum_subforum_count":0,"_lmt_disableupdate":"","_lmt_disable":"","footnotes":""},"class_list":["post-7998","page","type-page","status-publish"],"_links":{"self":[{"href":"https:\/\/culton.org\/no\/wp-json\/wp\/v2\/pages\/7998","targetHints":{"allow":["GET"]}}],"collection":[{"href":"https:\/\/culton.org\/no\/wp-json\/wp\/v2\/pages"}],"about":[{"href":"https:\/\/culton.org\/no\/wp-json\/wp\/v2\/types\/page"}],"author":[{"embeddable":true,"href":"https:\/\/culton.org\/no\/wp-json\/wp\/v2\/users\/3"}],"replies":[{"embeddable":true,"href":"https:\/\/culton.org\/no\/wp-json\/wp\/v2\/comments?post=7998"}],"version-history":[{"count":228,"href":"https:\/\/culton.org\/no\/wp-json\/wp\/v2\/pages\/7998\/revisions"}],"predecessor-version":[{"id":13806,"href":"https:\/\/culton.org\/no\/wp-json\/wp\/v2\/pages\/7998\/revisions\/13806"}],"wp:attachment":[{"href":"https:\/\/culton.org\/no\/wp-json\/wp\/v2\/media?parent=7998"}],"curies":[{"name":"wp","href":"https:\/\/api.w.org\/{rel}","templated":true}]}}