{"id":6359,"date":"2022-07-26T12:00:54","date_gmt":"2022-07-26T11:00:54","guid":{"rendered":"https:\/\/culton.org\/?page_id=6359"},"modified":"2023-04-03T16:42:42","modified_gmt":"2023-04-03T15:42:42","slug":"dokumenter","status":"publish","type":"page","link":"https:\/\/culton.org\/no\/organisasjon\/dokumenter\/","title":{"rendered":"Dokumenter"},"content":{"rendered":"\n<h2 class=\"gb-headline gb-headline-4e1c59b5 gb-headline-text\">Stiftelsesdokumenter<\/h2>\n\n\n\n<p>Stiftelsesm\u00f8tet kan finne sted s\u00e5 snart stiftelseskapitalen har n\u00e5dd 100 000 kroner og bel\u00f8pet attesteres av revisjor. Dokumentene er tilgjengelige her for gjennomgang og kommentarer i en forel\u00f8pig versjon. Kontakt oss hvis du har kommentarer eller sp\u00f8rsm\u00e5l.<\/p>\n\n\n\n<div data-wp-interactive=\"core\/file\" class=\"wp-block-file\"><object data-wp-bind--hidden=\"!state.hasPdfPreview\" hidden class=\"wp-block-file__embed\" data=\"https:\/\/culton.org\/wp-content\/uploads\/2023\/03\/2023-XX-XX_CULTON_Stiftelselsdokument.pdf\" type=\"application\/pdf\" style=\"width:100%;height:600px\" aria-label=\"Innbygging av 2023-XX-XX_CULTON_Stiftelselsdokument\"><\/object><a id=\"wp-block-file--media-a0c54e95-9d64-4f70-8fc1-e269e6f7c583\" href=\"https:\/\/culton.org\/wp-content\/uploads\/2023\/03\/2023-XX-XX_CULTON_Stiftelselsdokument.pdf\">2023-XX-XX_CULTON_Stiftelselsdokument<\/a><a href=\"https:\/\/culton.org\/wp-content\/uploads\/2023\/03\/2023-XX-XX_CULTON_Stiftelselsdokument.pdf\" class=\"wp-block-file__button wp-element-button\" download aria-describedby=\"wp-block-file--media-a0c54e95-9d64-4f70-8fc1-e269e6f7c583\">Download<\/a><\/div>\n\n\n\n<p class=\"has-contrast-color has-text-color\"><strong><a href=\"https:\/\/culton.org\/wp-content\/uploads\/2022\/08\/2022-XX-XX_CULTON_Stiftelselsdokument.odt\">Redigerbar versjon (.odt)<\/a><\/strong><a href=\"https:\/\/culton.org\/wp-content\/uploads\/2022\/08\/2022-09-15_CULTON_Stiftelselsdokument.odt\"> <\/a>(nedlasting)<\/p>\n\n\n\n<div style=\"height:100px\" aria-hidden=\"true\" id=\"avtaler\" class=\"wp-block-spacer\"><\/div>\n\n\n\n<h2 class=\"gb-headline gb-headline-e3a26f53 gb-headline-text\" id=\"avtaler\">Avtaler<\/h2>\n\n\n\n<h3 class=\"wp-block-heading\">Samarbeidsavtale mellom stiftelsen og CULTONx AS<\/h3>\n\n\n\n<p>\u00c5 starte et prosjekt som CULTON inneb\u00e6rer \u00e5 investere mye tid og energi over en lang periode for \u00e5 modnes ulike aspekter; fra vitenskapelig bakgrunnskunnskap, konsept, struktur og programmering til organisering og formaliteter, nettverk og samarbeidspartnere, \u00f8konomi og finansiering, samt beskrivelse og nettside.<\/p>\n\n\n\n<p>Bi-O har bestemt seg for \u00e5 gi dette prosjektet til verden, fordi det er den rette tingen \u00e5 gj\u00f8re. Men vi oppretter ogs\u00e5 en utvekslingstjeneste, kalt <strong><a href=\"https:\/\/culton.org\/no\/organisasjon\/cultonx\/\" data-type=\"page\" data-id=\"8050\">CULTONx<\/a><\/strong>(change), som skal gi brukerne en m\u00e5te \u00e5 holde styr p\u00e5 materialet deres, inkludert deres formeringsmateriale (fr\u00f8, stiklinger, kyllingegg, soppmycel osv.), og en m\u00e5te \u00e5 utveksle dette utbredelsesmaterialet med andre brukere av systemet, innenfor \u00e9n jurisdiksjon (p\u00e5 grunn av alle regler og vurderinger ang\u00e5ende kryssing av grenser). Denne tjenesten m\u00e5 drives kommersielt. Ellers vil det aldri v\u00e6re mulig \u00e5 bygge eller drive, og dette vil ogs\u00e5 i stor grad betale for arbeidet i CULTON. For \u00e5 sikre at stiftelsen har n\u00f8dvendige driftsmidler er det inntatt i avtalen at 1 % av inntektene innenfor CULTONx skal g\u00e5 til finansiering av CULTON.<\/p>\n\n\n\n<p>Avtalen nedenfor er n\u00f8dvendig for \u00e5 sikre CULTON at den n\u00f8dvendige tekniske kompetanse er p\u00e5 plass, selv om det skulle v\u00e6re perioder, som n\u00e5 i oppstarten, der det ikke finnes finansielle resurser til \u00e5 betale for dette. Avtalen sikrer ander veien CULTONx en m\u00e5te \u00e5 kompensere for denne byrden, ved at selskapet har enerett i 10 p\u00e5 \u00e5 drive sin kommersielle utvekslingsplattform p\u00e5 basis av CULTON-databasen. Avtalen planlegges underskrevet i forbindelse med stiftelsesm\u00f8tet og er tilgjengelig for gjennomgang og kommentering i en forel\u00f8pig versjon her. Kontakt oss hvis du har kommentarer eller sp\u00f8rsm\u00e5l.<\/p>\n\n\n\n<div data-wp-interactive=\"core\/file\" class=\"wp-block-file\"><object data-wp-bind--hidden=\"!state.hasPdfPreview\" hidden class=\"wp-block-file__embed\" data=\"https:\/\/culton.org\/wp-content\/uploads\/2023\/03\/2023-XX-XX_CULTON-CULTONx_Samarbeidsavtale__utkast.pdf\" type=\"application\/pdf\" style=\"width:100%;height:600px\" aria-label=\"Innbygging av 2023-XX-XX_CULTON-CULTONx_Samarbeidsavtale__utkast\"><\/object><a id=\"wp-block-file--media-82408834-00e5-484a-bdf1-b2a9e1eef463\" href=\"https:\/\/culton.org\/wp-content\/uploads\/2023\/03\/2023-XX-XX_CULTON-CULTONx_Samarbeidsavtale__utkast.pdf\">2023-XX-XX_CULTON-CULTONx_Samarbeidsavtale__utkast<\/a><a href=\"https:\/\/culton.org\/wp-content\/uploads\/2023\/03\/2023-XX-XX_CULTON-CULTONx_Samarbeidsavtale__utkast.pdf\" class=\"wp-block-file__button wp-element-button\" download aria-describedby=\"wp-block-file--media-82408834-00e5-484a-bdf1-b2a9e1eef463\">Download<\/a><\/div>\n\n\n\n<p><strong><a href=\"https:\/\/culton.org\/wp-content\/uploads\/2023\/03\/2023-XX-XX_CULTON-CULTONx_Samarbeidsavtale__utkast.odt\">Redigerbar versjon (.odt)<\/a><\/strong><a href=\"https:\/\/culton.org\/wp-content\/uploads\/2022\/08\/2022-09-15_CULTON_Stiftelselsdokument.odt\"> <\/a>(nedlasting)<\/p>\n\n\n\n<div style=\"height:100px\" aria-hidden=\"true\" class=\"wp-block-spacer\"><\/div>\n","protected":false},"excerpt":{"rendered":"<p>Stiftelsesdokumenter Stiftelsesm\u00f8tet kan finne sted s\u00e5 snart stiftelseskapitalen har n\u00e5dd 100 000 kroner og bel\u00f8pet attesteres av revisjor. Dokumentene er tilgjengelige her for gjennomgang og kommentarer i en forel\u00f8pig versjon. Kontakt oss hvis du har kommentarer eller sp\u00f8rsm\u00e5l. Redigerbar versjon (.odt) (nedlasting) Avtaler Samarbeidsavtale mellom stiftelsen og CULTONx AS \u00c5 starte et prosjekt som CULTON &#8230; <a title=\"Dokumenter\" class=\"read-more\" href=\"https:\/\/culton.org\/no\/organisasjon\/dokumenter\/\" aria-label=\"Read more about Dokumenter\">Les mer<\/a><\/p>\n","protected":false},"author":3,"featured_media":0,"parent":4700,"menu_order":5,"comment_status":"closed","ping_status":"closed","template":"","meta":{"_bbp_topic_count":0,"_bbp_reply_count":0,"_bbp_total_topic_count":0,"_bbp_total_reply_count":0,"_bbp_voice_count":0,"_bbp_anonymous_reply_count":0,"_bbp_topic_count_hidden":0,"_bbp_reply_count_hidden":0,"_bbp_forum_subforum_count":0,"_lmt_disableupdate":"","_lmt_disable":"","footnotes":""},"class_list":["post-6359","page","type-page","status-publish"],"_links":{"self":[{"href":"https:\/\/culton.org\/no\/wp-json\/wp\/v2\/pages\/6359","targetHints":{"allow":["GET"]}}],"collection":[{"href":"https:\/\/culton.org\/no\/wp-json\/wp\/v2\/pages"}],"about":[{"href":"https:\/\/culton.org\/no\/wp-json\/wp\/v2\/types\/page"}],"author":[{"embeddable":true,"href":"https:\/\/culton.org\/no\/wp-json\/wp\/v2\/users\/3"}],"replies":[{"embeddable":true,"href":"https:\/\/culton.org\/no\/wp-json\/wp\/v2\/comments?post=6359"}],"version-history":[{"count":61,"href":"https:\/\/culton.org\/no\/wp-json\/wp\/v2\/pages\/6359\/revisions"}],"predecessor-version":[{"id":13386,"href":"https:\/\/culton.org\/no\/wp-json\/wp\/v2\/pages\/6359\/revisions\/13386"}],"up":[{"embeddable":true,"href":"https:\/\/culton.org\/no\/wp-json\/wp\/v2\/pages\/4700"}],"wp:attachment":[{"href":"https:\/\/culton.org\/no\/wp-json\/wp\/v2\/media?parent=6359"}],"curies":[{"name":"wp","href":"https:\/\/api.w.org\/{rel}","templated":true}]}}