{"id":6277,"date":"2022-07-26T10:52:52","date_gmt":"2022-07-26T09:52:52","guid":{"rendered":"https:\/\/culton.org\/?page_id=6277"},"modified":"2023-09-02T10:08:00","modified_gmt":"2023-09-02T09:08:00","slug":"partnere","status":"publish","type":"page","link":"https:\/\/culton.org\/no\/organisasjon\/partnere\/","title":{"rendered":"Partnere"},"content":{"rendered":"\n<div style=\"height:100px\" aria-hidden=\"true\" id=\"gbif\" class=\"wp-block-spacer\"><\/div>\n\n\n\n<figure class=\"wp-block-image size-full is-resized\"><a href=\"https:\/\/www.gbif.no\/\" target=\"_blank\" rel=\"noreferrer noopener\"><img loading=\"lazy\" decoding=\"async\" src=\"https:\/\/culton.org\/wp-content\/uploads\/2022\/08\/gbif-no.png\" alt=\"\" class=\"wp-image-7249\" style=\"width:301px;height:128px\" width=\"301\" height=\"128\" srcset=\"https:\/\/culton.org\/wp-content\/uploads\/2022\/08\/gbif-no.png 602w, https:\/\/culton.org\/wp-content\/uploads\/2022\/08\/gbif-no-300x128.png 300w\" sizes=\"auto, (max-width: 301px) 100vw, 301px\" \/><\/a><\/figure>\n\n\n\n<p>Bi-O tok kontakt med den norske <strong><a rel=\"noreferrer noopener\" href=\"https:\/\/www.gbif.no\/\" target=\"_blank\">GBIF-noden<\/a><\/strong>, med kontorer ved <strong><a rel=\"noreferrer noopener\" href=\"https:\/\/www.nhm.uio.no\/index.html\" target=\"_blank\">Oslo Botaniske Hage<\/a><\/strong>, sommeren 2020, og har siden den gang hatt en dialog om mange sider ved dette prosjektet som har v\u00e6rt avgj\u00f8rende for \u00e5 komme frem til forst\u00e5else og klarhet rundt systematikk og teknisk struktur. Culton-prosjektet bruker n\u00e5 GBIF-taksondatasettet for taksonomiske data, og vil fortsette \u00e5 lete etter m\u00e5ter \u00e5 integrere begge veier s\u00e5 optimalt som mulig.<\/p>\n\n\n\n<p>GBIFs hovedm\u00e5l er \u00e5 legge til rette for datapublisering innenfor GBIF-rammeverket, og det vil derfor v\u00e6re interessant \u00e5 publisere de kultonomiske dataene som er akkumulert i Culton-prosjektet. Vi har imidlertid kommet til en midlertidig konklusjon at v\u00e5r systematiske tiln\u00e6rming er s\u00e5 annerledes at det til \u00e5 begynne med er bedre \u00e5 vente. Dag Endresen skriver:<\/p>\n\n\n\n<p><em>&laquo;Jeg st\u00f8tter og foresl\u00e5r at du utvikler culton-sjekklisten utenfor GBIF-systemer! GBIF gir kun en datapubliseringsplattform og ikke et komplett hjem for (vedlikehold av) originale kildedata! Og jeg forventer ogs\u00e5 at datastandardene GBIF implementerer (for det meste TDWG-standarder) ikke (enn\u00e5?) vil dekke de fullstendige detaljene du trenger \u2013 og planlegger \u00e5 utvikle.&raquo;<\/em><\/p>\n\n\n\n<p>Se mer om utfordringene ifm dette <strong><a href=\"\/no\/systematikk\/kultonomi\/#taksonomiske-utfordringer\">her<\/a><\/strong>.<\/p>\n\n\n\n<div style=\"height:100px\" aria-hidden=\"true\" id=\"bi-o\" class=\"wp-block-spacer\"><\/div>\n\n\n\n<figure class=\"wp-block-image size-full\"><a href=\"https:\/\/bi-o.no\" target=\"_blank\" rel=\"noreferrer noopener\"><img loading=\"lazy\" decoding=\"async\" width=\"80\" height=\"80\" src=\"https:\/\/culton.org\/wp-content\/uploads\/2022\/07\/bi-o-logo-bright-80.png\" alt=\"\" class=\"wp-image-4643\"\/><\/a><\/figure>\n\n\n\n<p>Bi-O AS har utviklet prosjektet Culton og st\u00e5r bak id\u00e9en, og har i 2022 etablert selskapet CultonX AS for \u00e5 bygge og drifte stiftelsens tekniske l\u00f8sninger. Bi-O AS har etter dette ikke direkte med utviklingen av selve l\u00f8sningen \u00e5 gj\u00f8re, men vil f\u00f8lge opp i tidlig fase gjennom \u00e5 st\u00e5 for <strong><a href=\"\/no\/prosjekt\/finansiering\/\">finansieringsarbeidet<\/a><\/strong> og levere driftstjenester. <\/p>\n\n\n\n<div style=\"height:100px\" aria-hidden=\"true\" id=\"cultonx\" class=\"wp-block-spacer\"><\/div>\n\n\n\n<figure class=\"wp-block-image size-full is-resized\"><img loading=\"lazy\" decoding=\"async\" src=\"https:\/\/culton.org\/wp-content\/uploads\/2023\/01\/cultonx-logo-white.png\" alt=\"\" class=\"wp-image-10119\" style=\"width:150px;height:113px\" width=\"150\" height=\"113\" srcset=\"https:\/\/culton.org\/wp-content\/uploads\/2023\/01\/cultonx-logo-white.png 600w, https:\/\/culton.org\/wp-content\/uploads\/2023\/01\/cultonx-logo-white-300x225.png 300w\" sizes=\"auto, (max-width: 150px) 100vw, 150px\" \/><\/figure>\n\n\n\n<p><\/p>\n\n\n\n<p>CultonX AS blir stiftelsens viktigste samarbeidspartner med hensyn til \u00e5 drifte de tekniske l\u00f8sningene. Dette vil bli regulert gjennom en egen<a href=\"https:\/\/culton.org\/dokumenter\/#avtaler\"> <\/a><strong><a href=\"https:\/\/culton.org\/no\/organisasjon\/dokumenter\/#avtaler\">avtale<\/a><\/strong> som omhandler:<\/p>\n\n\n\n<ul class=\"wp-block-list\">\n<li>det skybaserte oppslagsverket Culton (planlagt p\u00e5 domenet <strong>culton.info<\/strong> eid av stiftelsen Culton)<\/li>\n\n\n\n<li>det skybaserte systemet for brukerdata CultonX (planlagt p\u00e5 domenet <strong><a rel=\"noreferrer noopener\" href=\"https:\/\/cultonx.net\" target=\"_blank\">cultonx.net<\/a><\/strong> eid av CultonX AS) hvor alle kan registrere en profil og vedlikeholde oversikt over sine planter og dyr, og ogs\u00e5 utveksle oppformeringsmateriale med andre<\/li>\n\n\n\n<li>systemene for installasjon p\u00e5 brukernes egne webl\u00f8sninger (til \u00e5 begynne med en plugin for WordPress) for \u00e5 gi tilkobling til de skybaserte systemene derfra (disse vil gratis basert p\u00e5 \u00e5pen kildekode)<\/li>\n<\/ul>\n\n\n\n<div style=\"height:100px\" aria-hidden=\"true\" class=\"wp-block-spacer\"><\/div>\n","protected":false},"excerpt":{"rendered":"<p>Bi-O tok kontakt med den norske GBIF-noden, med kontorer ved Oslo Botaniske Hage, sommeren 2020, og har siden den gang hatt en dialog om mange sider ved dette prosjektet som har v\u00e6rt avgj\u00f8rende for \u00e5 komme frem til forst\u00e5else og klarhet rundt systematikk og teknisk struktur. Culton-prosjektet bruker n\u00e5 GBIF-taksondatasettet for taksonomiske data, og vil &#8230; <a title=\"Partnere\" class=\"read-more\" href=\"https:\/\/culton.org\/no\/organisasjon\/partnere\/\" aria-label=\"Read more about Partnere\">Les mer<\/a><\/p>\n","protected":false},"author":3,"featured_media":0,"parent":4700,"menu_order":2,"comment_status":"closed","ping_status":"closed","template":"","meta":{"_bbp_topic_count":0,"_bbp_reply_count":0,"_bbp_total_topic_count":0,"_bbp_total_reply_count":0,"_bbp_voice_count":0,"_bbp_anonymous_reply_count":0,"_bbp_topic_count_hidden":0,"_bbp_reply_count_hidden":0,"_bbp_forum_subforum_count":0,"_lmt_disableupdate":"","_lmt_disable":"","footnotes":""},"class_list":["post-6277","page","type-page","status-publish"],"_links":{"self":[{"href":"https:\/\/culton.org\/no\/wp-json\/wp\/v2\/pages\/6277","targetHints":{"allow":["GET"]}}],"collection":[{"href":"https:\/\/culton.org\/no\/wp-json\/wp\/v2\/pages"}],"about":[{"href":"https:\/\/culton.org\/no\/wp-json\/wp\/v2\/types\/page"}],"author":[{"embeddable":true,"href":"https:\/\/culton.org\/no\/wp-json\/wp\/v2\/users\/3"}],"replies":[{"embeddable":true,"href":"https:\/\/culton.org\/no\/wp-json\/wp\/v2\/comments?post=6277"}],"version-history":[{"count":90,"href":"https:\/\/culton.org\/no\/wp-json\/wp\/v2\/pages\/6277\/revisions"}],"predecessor-version":[{"id":13849,"href":"https:\/\/culton.org\/no\/wp-json\/wp\/v2\/pages\/6277\/revisions\/13849"}],"up":[{"embeddable":true,"href":"https:\/\/culton.org\/no\/wp-json\/wp\/v2\/pages\/4700"}],"wp:attachment":[{"href":"https:\/\/culton.org\/no\/wp-json\/wp\/v2\/media?parent=6277"}],"curies":[{"name":"wp","href":"https:\/\/api.w.org\/{rel}","templated":true}]}}