{"id":4838,"date":"2022-07-18T22:21:45","date_gmt":"2022-07-18T21:21:45","guid":{"rendered":"https:\/\/culton.org\/?page_id=4838"},"modified":"2023-03-13T21:31:03","modified_gmt":"2023-03-13T20:31:03","slug":"styrets-oppgaver","status":"publish","type":"page","link":"https:\/\/culton.org\/no\/organisasjon\/styrets-oppgaver\/","title":{"rendered":"Styrets oppgaver"},"content":{"rendered":"\n<p>Denne oversikten er basert p\u00e5 Lotteri- og Stiftelsestilsynets &laquo;<a rel=\"noreferrer noopener\" href=\"https:\/\/lottstift.no\/for-stiftelser\/styretesten-en-selvtest-for-stiftelser\" target=\"_blank\"><strong>styretest for stiftelser<\/strong><\/a>&laquo;.<\/p>\n\n\n\n<h2 class=\"wp-block-heading\">1) Er stiftelsens gjeldende vedtekter registrert i Stiftelsesregisteret?<\/h2>\n\n\n\n<p>Stiftelser skal ha vedtekter. De skal bl.a. opplyse om navn, form\u00e5l, grunnkapital og styrets sammensetning. Vedtektene skal sikre tydelige og gode rammer for stiftelsens formue, form\u00e5l, forvaltning og selvstendighet. Du kan sjekke om stiftelsen er registrert i <a href=\"https:\/\/lottstift.no\/stiftelsesregisteret\/vedtektssok\" target=\"_blank\" rel=\"noreferrer noopener\"><strong>Stiftelsesregisteret<\/strong><\/a>.<\/p>\n\n\n\n<p class=\"has-accent-color has-text-color\"><strong>Status: <\/strong>Nei. Stiftelsen planlegges formelt s\u00e5 snart som mulig h\u00f8sten 2022, og registrering skjer umiddelbart etter det.<\/p>\n\n\n\n<h2 class=\"wp-block-heading\">2) Er opplysninger om stiftelsens n\u00e5v\u00e6rende styre oppdatert i Br\u00f8nn\u00f8ysundregistrene?<\/h2>\n\n\n\n<p>Stiftelser skal ha et styre. Det skal v\u00e6re valgt, og det skal utf\u00f8re arbeid og ut\u00f8ve ansvar i samsvar med stiftelsens vedtekter og stiftelsesloven. Oppdaterte opplysninger om bl.a. navn, f\u00f8dselsdato, kontaktinformasjon og ev. fullmakter for styremedlemmer skal til enhver tid v\u00e6re tilgjengelige i Br\u00f8nn\u00f8ysundregistrene og Stiftelsesregisteret. Send eventuelle endringer via samordnet registermelding.<\/p>\n\n\n\n<p class=\"has-accent-color has-text-color\"><strong>Status: <\/strong>Nei. Stiftelsen planlegges formelt s\u00e5 snart som mulig h\u00f8sten 2022, og registrering skjer umiddelbart etter det.<\/p>\n\n\n\n<h2 class=\"wp-block-heading\">3) Har stiftelsen faste styrem\u00f8ter for behandling av saker som h\u00f8rer under styret?<\/h2>\n\n\n\n<p>Styret er stiftelsens \u00f8verste organ og har ansvaret for forsvarlig forvaltning av stiftelsen. Styret skal etter stiftelsesloven gjennomf\u00f8re styrem\u00f8te minst \u00e9n gang i \u00e5ret. Vanligvis har styret flere jevnlige styrem\u00f8ter, gjerne fastsatt i en \u00e5rsplan.<\/p>\n\n\n\n<p>Siden styret har ansvaret for \u00e5 forvalte stiftelsen, m\u00e5 styret behandle saker om utdelinger, budsjett, regnskapsrapportering, inng\u00e5else av avtaler mv. Det f\u00f8lger av stiftelsesloven at styret skal vedta utdelinger og sikre kontroll med regnskap og formuesforvaltning. Dersom det er n\u00f8dvendig \u00e5 innhente annen kunnskap og kompetanse, m\u00e5 styret s\u00f8rge for dette.<\/p>\n\n\n\n<p class=\"has-accent-color has-text-color\"><strong>Status: <\/strong>Stiftelsens styre vil selv avgj\u00f8re hvor mange styrem\u00f8ter det er behov for etter at stiftelsen er etablert.<\/p>\n\n\n\n<h2 class=\"wp-block-heading\">4) Har stiftelsen skriftlig styreinstruks?<\/h2>\n\n\n\n<p>En skriftlig styreinstruks omhandler styrets ansvar og arbeid, og er et verkt\u00f8y som gir f\u00f8ringer og rammer for styrets organisering og forvaltning. Instruksen beskriver gjerne ansvars- og arbeidsfordeling b\u00e5de innad i styret og opp mot andre roller, f.eks. daglig ledelse og forretningsf\u00f8rer. Det er naturlig \u00e5 beskrive delegering og fullmakter.<\/p>\n\n\n\n<p class=\"has-accent-color has-text-color\"><strong>Status: <\/strong>Stiftelsens styre vil selv utforme sin styreintstruks etter at stiftelsen er etablert.<\/p>\n\n\n\n<h2 class=\"wp-block-heading\">5) Har stiftelsen en skriftlig plan eller strategi for gjennomf\u00f8ring av form\u00e5let?<\/h2>\n\n\n\n<p>En plan eller strategi for gjennomf\u00f8ring av form\u00e5let er n\u00f8dvendig for at styret p\u00e5 lang sikt skal kunne forvalte stiftelsen i samsvar med form\u00e5lsbestemmelsen, jf. vedtektene. Vedtektene kan ogs\u00e5 omhandle konkrete form\u00e5lsgrupper og gi f\u00f8ringer til styret for hvordan form\u00e5let skal gjennomf\u00f8res. Dette m\u00e5 styret vurdere og ta hensyn til i planen.<\/p>\n\n\n\n<p>For mange stiftelser skal form\u00e5let realiseres i form av utdelinger. If\u00f8lge stiftelsesloven skal styret beslutte alle utdelinger. Det er ogs\u00e5 styrets ansvar \u00e5 ha oversikt over om andre typer transaksjoner (utleie av bolig, kj\u00f8p av tjenester, osv.) i praksis medf\u00f8rer en utdeling, og om den i s\u00e5 fall er innenfor stiftelsens form\u00e5l.<\/p>\n\n\n\n<p class=\"has-accent-color has-text-color\"><strong>Status: <\/strong>Stiftelsens styre vil selv utforme dette etter at stiftelsen er etablert.<\/p>\n\n\n\n<h2 class=\"wp-block-heading\">6) Har stiftelsen en skriftlig plan eller strategi for kapitalforvaltning?<\/h2>\n\n\n\n<p>En plan eller strategi for kapitalforvaltning er n\u00f8dvendig for at styret skal kunne forvalte stiftelsens midler og dermed ivareta form\u00e5let p\u00e5 lang sikt. I tillegg vil planen v\u00e6re et styringsverkt\u00f8y for \u00e5 sikre forsvarlig forvaltning av stiftelsens kapital. Planen b\u00f8r fastsette en strategi samt gi oversikt over stiftelsens kapital, behovet for likviditet p\u00e5 kort og lang sikt, vurdering av risiko, hensiktsmessig fordeling, m\u00e5l for avkastning mv.<\/p>\n\n\n\n<p>Vedtektene kan gi f\u00f8ringer om plassering av kapital og h\u00e5ndtering av eventuell avkastning. Dette m\u00e5 styret vurdere og ta hensyn til i planen. Med kapitalforvaltning menes ogs\u00e5 sikring av midler p\u00e5 andre m\u00e5ter enn ren plassering av midlene, f.eks. vedlikeholdsplaner for bevaring av eiendom. Styrets ansvar gjelder selv om oppdrag er satt ut til eksterne kapitalforvaltere. Ansvaret best\u00e5r da av \u00e5 f\u00f8lge opp, bl.a. gjennom kontroll og rapportering.<\/p>\n\n\n\n<p class=\"has-accent-color has-text-color\"><strong>Status: <\/strong>Stiftelsens styre vil selv utforme dette etter at stiftelsen er etablert.<\/p>\n\n\n\n<h2 class=\"wp-block-heading\">7) Er styrearbeidet dokumentert med innkallinger og styreprotokoll?<\/h2>\n\n\n\n<p>Stiftelsens styrearbeid skal dokumenteres med innkallinger og styreprotokoll. Hensikten med saksbehandlingsreglene i stiftelsesloven er \u00e5 sikre at styrets vurderinger og vedtak er forsvarlige, transparente og etterpr\u00f8vbare. Innkallinger skal sendes p\u00e5 en hensiktsmessig m\u00e5te og med rimelig frist, og de skal vanligvis inneholde en saksliste med vedlegg som gir tilstrekkelig grunnlag for forsvarlig saksbehandling. Dokumentert styreprotokoll skal angi tid og sted, deltakere, behandlingsm\u00e5te og styrebeslutning, og den skal signeres av alle som har deltatt p\u00e5 m\u00f8tet.<\/p>\n\n\n\n<p class=\"has-accent-color has-text-color\"><strong>Status: <\/strong>Det aktuelle styret er godt kjent med styrearbeide.<\/p>\n\n\n\n<h2 class=\"gb-headline gb-headline-0e159fc6 gb-headline-text\">8) F\u00f8lger styret regler for habilitet? <\/h2>\n\n\n\n<p>Regler for habilitet skal sikre at styremedlemmer ikke er involvert i saker der medlemmet selv eller medlemmets n\u00e6rst\u00e5ende har \u00f8konomiske eller personlige s\u00e6rinteresser. Styret b\u00f8r ha skriftlige rutiner for inhabilitet og m\u00e5 praktisere at styremedlemmet i slike tilfeller ikke deltar i behandlingen eller avgj\u00f8relsen av styresaken. Stiftelsen m\u00e5 derfor ha oversikt over styremedlemmenes roller og n\u00e6rst\u00e5ende relasjoner.<\/p>\n\n\n\n<p>Hvis det er aktuelt \u00e5 inng\u00e5 avtale med en virksomhet som eies av et styremedlem eller en n\u00e6rst\u00e5ende, vil det oppst\u00e5 en risiko for stiftelsen. Styret m\u00e5 da \u2013 i tillegg til \u00e5 f\u00f8lge reglene om habilitet \u2013 sikre avtalegrunnlag og oppf\u00f8lgingsrutiner som ivaretar og dokumenterer at produkt- og tjenestekj\u00f8p skjer til markedspris og ikke inneb\u00e6rer noen ulovlig utdeling fra stiftelsen.<\/p>\n\n\n\n<p>Det overordnede form\u00e5let med de strenge reglene for inhabilitet og n\u00e6rst\u00e5ende transaksjoner er \u00e5 sikre stiftelsers selvstendighet og formue samt tillit og omd\u00f8mme. Dette gir trygghet for stiftelsen.<\/p>\n\n\n\n<p class=\"has-accent-color has-text-color\"><strong>Status: <\/strong>Det aktuelle styret vil ha h\u00f8yt fokus p\u00e5 habilitet.<\/p>\n\n\n\n<h2 class=\"gb-headline gb-headline-42211b90 gb-headline-text\">09) Har styret tilstrekkelig internkontroll? <\/h2>\n\n\n\n<p>Med det mener vi rutiner og rapportering som sikrer forvaltning i samsvar med lov, vedtekter og instrukser.<\/p>\n\n\n\n<p>\u00c5 sikre forsvarlig forvaltning av stiftelsen er et kontinuerlig ansvar for styret. Det er sentralt \u00e5 ha gode rutiner for styring av stiftelsen. Det er ogs\u00e5 viktig \u00e5 ha p\u00e5 plass rapportering som sikrer at styret fanger opp u\u00f8nskte forhold og endringer, og f\u00f8lger opp med n\u00f8dvendige tiltak. Dette b\u00f8r inng\u00e5 i den vanlige internkontrollen og organiseringen av stiftelsen. Dere kan ved behov knyte til dere s\u00e6rlig kompetanse for vurdering, f.eks. revisor.<\/p>\n\n\n\n<p class=\"has-accent-color has-text-color\"><strong>Status: <\/strong>Det aktuelle styret vil ha h\u00f8yt fokus p\u00e5 internkontroll.<\/p>\n","protected":false},"excerpt":{"rendered":"<p>Denne oversikten er basert p\u00e5 Lotteri- og Stiftelsestilsynets &laquo;styretest for stiftelser&laquo;. 1) Er stiftelsens gjeldende vedtekter registrert i Stiftelsesregisteret? Stiftelser skal ha vedtekter. De skal bl.a. opplyse om navn, form\u00e5l, grunnkapital og styrets sammensetning. Vedtektene skal sikre tydelige og gode rammer for stiftelsens formue, form\u00e5l, forvaltning og selvstendighet. Du kan sjekke om stiftelsen er registrert &#8230; <a title=\"Styrets oppgaver\" class=\"read-more\" href=\"https:\/\/culton.org\/no\/organisasjon\/styrets-oppgaver\/\" aria-label=\"Read more about Styrets oppgaver\">Les mer<\/a><\/p>\n","protected":false},"author":3,"featured_media":0,"parent":4700,"menu_order":4,"comment_status":"closed","ping_status":"closed","template":"","meta":{"_bbp_topic_count":0,"_bbp_reply_count":0,"_bbp_total_topic_count":0,"_bbp_total_reply_count":0,"_bbp_voice_count":0,"_bbp_anonymous_reply_count":0,"_bbp_topic_count_hidden":0,"_bbp_reply_count_hidden":0,"_bbp_forum_subforum_count":0,"_lmt_disableupdate":"","_lmt_disable":"","footnotes":""},"class_list":["post-4838","page","type-page","status-publish"],"_links":{"self":[{"href":"https:\/\/culton.org\/no\/wp-json\/wp\/v2\/pages\/4838","targetHints":{"allow":["GET"]}}],"collection":[{"href":"https:\/\/culton.org\/no\/wp-json\/wp\/v2\/pages"}],"about":[{"href":"https:\/\/culton.org\/no\/wp-json\/wp\/v2\/types\/page"}],"author":[{"embeddable":true,"href":"https:\/\/culton.org\/no\/wp-json\/wp\/v2\/users\/3"}],"replies":[{"embeddable":true,"href":"https:\/\/culton.org\/no\/wp-json\/wp\/v2\/comments?post=4838"}],"version-history":[{"count":36,"href":"https:\/\/culton.org\/no\/wp-json\/wp\/v2\/pages\/4838\/revisions"}],"predecessor-version":[{"id":9547,"href":"https:\/\/culton.org\/no\/wp-json\/wp\/v2\/pages\/4838\/revisions\/9547"}],"up":[{"embeddable":true,"href":"https:\/\/culton.org\/no\/wp-json\/wp\/v2\/pages\/4700"}],"wp:attachment":[{"href":"https:\/\/culton.org\/no\/wp-json\/wp\/v2\/media?parent=4838"}],"curies":[{"name":"wp","href":"https:\/\/api.w.org\/{rel}","templated":true}]}}