{"id":4796,"date":"2022-07-18T13:53:27","date_gmt":"2022-07-18T12:53:27","guid":{"rendered":"https:\/\/culton.org\/?page_id=4796"},"modified":"2023-04-02T11:05:54","modified_gmt":"2023-04-02T10:05:54","slug":"framdriftsplan","status":"publish","type":"page","link":"https:\/\/culton.org\/no\/prosjekt\/framdriftsplan\/","title":{"rendered":"Framdriftsplan"},"content":{"rendered":"\n<p class=\"has-global-color-8-color has-base-3-background-color has-text-color has-background\">Framdriftsplanen er for tiden under bearbeidelse. Prosjektet viser seg \u00e5 v\u00e6re mer komplisert \u00e5 formidle enn antatt, og folkefinansieringskampanjen trenger derfor mer tid.<\/p>\n\n\n\n<div style=\"height:100px\" aria-hidden=\"true\" class=\"wp-block-spacer\"><\/div>\n","protected":false},"excerpt":{"rendered":"<p>Framdriftsplanen er for tiden under bearbeidelse. Prosjektet viser seg \u00e5 v\u00e6re mer komplisert \u00e5 formidle enn antatt, og folkefinansieringskampanjen trenger derfor mer tid.<\/p>\n","protected":false},"author":3,"featured_media":0,"parent":4702,"menu_order":1,"comment_status":"closed","ping_status":"closed","template":"","meta":{"_bbp_topic_count":0,"_bbp_reply_count":0,"_bbp_total_topic_count":0,"_bbp_total_reply_count":0,"_bbp_voice_count":0,"_bbp_anonymous_reply_count":0,"_bbp_topic_count_hidden":0,"_bbp_reply_count_hidden":0,"_bbp_forum_subforum_count":0,"_lmt_disableupdate":"","_lmt_disable":"","footnotes":""},"class_list":["post-4796","page","type-page","status-publish"],"_links":{"self":[{"href":"https:\/\/culton.org\/no\/wp-json\/wp\/v2\/pages\/4796","targetHints":{"allow":["GET"]}}],"collection":[{"href":"https:\/\/culton.org\/no\/wp-json\/wp\/v2\/pages"}],"about":[{"href":"https:\/\/culton.org\/no\/wp-json\/wp\/v2\/types\/page"}],"author":[{"embeddable":true,"href":"https:\/\/culton.org\/no\/wp-json\/wp\/v2\/users\/3"}],"replies":[{"embeddable":true,"href":"https:\/\/culton.org\/no\/wp-json\/wp\/v2\/comments?post=4796"}],"version-history":[{"count":20,"href":"https:\/\/culton.org\/no\/wp-json\/wp\/v2\/pages\/4796\/revisions"}],"predecessor-version":[{"id":12745,"href":"https:\/\/culton.org\/no\/wp-json\/wp\/v2\/pages\/4796\/revisions\/12745"}],"up":[{"embeddable":true,"href":"https:\/\/culton.org\/no\/wp-json\/wp\/v2\/pages\/4702"}],"wp:attachment":[{"href":"https:\/\/culton.org\/no\/wp-json\/wp\/v2\/media?parent=4796"}],"curies":[{"name":"wp","href":"https:\/\/api.w.org\/{rel}","templated":true}]}}