{"id":4789,"date":"2022-07-18T13:51:03","date_gmt":"2022-07-18T12:51:03","guid":{"rendered":"https:\/\/culton.org\/?page_id=4789"},"modified":"2023-09-02T09:01:01","modified_gmt":"2023-09-02T08:01:01","slug":"budsjett","status":"publish","type":"page","link":"https:\/\/culton.org\/no\/prosjekt\/budsjett\/","title":{"rendered":"Budsjett"},"content":{"rendered":"\n<p class=\"has-global-color-8-color has-base-3-background-color has-text-color has-background\">Initiativet drives forel\u00f8pig som et prosjekt fra CultonX AS, som ogs\u00e5 etter opprettelsen av stiftelsen vil st\u00e5 for det tekniske. Alt arbeid og utgifter dekkes av selskapet s\u00e5 lenge det er n\u00f8dvendig.<\/p>\n\n\n\n<div style=\"height:100px\" aria-hidden=\"true\" class=\"wp-block-spacer\"><\/div>\n","protected":false},"excerpt":{"rendered":"<p>Initiativet drives forel\u00f8pig som et prosjekt fra CultonX AS, som ogs\u00e5 etter opprettelsen av stiftelsen vil st\u00e5 for det tekniske. Alt arbeid og utgifter dekkes av selskapet s\u00e5 lenge det er n\u00f8dvendig.<\/p>\n","protected":false},"author":3,"featured_media":0,"parent":4702,"menu_order":2,"comment_status":"closed","ping_status":"closed","template":"","meta":{"_bbp_topic_count":0,"_bbp_reply_count":0,"_bbp_total_topic_count":0,"_bbp_total_reply_count":0,"_bbp_voice_count":0,"_bbp_anonymous_reply_count":0,"_bbp_topic_count_hidden":0,"_bbp_reply_count_hidden":0,"_bbp_forum_subforum_count":0,"_lmt_disableupdate":"","_lmt_disable":"","footnotes":""},"class_list":["post-4789","page","type-page","status-publish"],"_links":{"self":[{"href":"https:\/\/culton.org\/no\/wp-json\/wp\/v2\/pages\/4789","targetHints":{"allow":["GET"]}}],"collection":[{"href":"https:\/\/culton.org\/no\/wp-json\/wp\/v2\/pages"}],"about":[{"href":"https:\/\/culton.org\/no\/wp-json\/wp\/v2\/types\/page"}],"author":[{"embeddable":true,"href":"https:\/\/culton.org\/no\/wp-json\/wp\/v2\/users\/3"}],"replies":[{"embeddable":true,"href":"https:\/\/culton.org\/no\/wp-json\/wp\/v2\/comments?post=4789"}],"version-history":[{"count":35,"href":"https:\/\/culton.org\/no\/wp-json\/wp\/v2\/pages\/4789\/revisions"}],"predecessor-version":[{"id":13805,"href":"https:\/\/culton.org\/no\/wp-json\/wp\/v2\/pages\/4789\/revisions\/13805"}],"up":[{"embeddable":true,"href":"https:\/\/culton.org\/no\/wp-json\/wp\/v2\/pages\/4702"}],"wp:attachment":[{"href":"https:\/\/culton.org\/no\/wp-json\/wp\/v2\/media?parent=4789"}],"curies":[{"name":"wp","href":"https:\/\/api.w.org\/{rel}","templated":true}]}}