{"id":4702,"date":"2022-07-17T12:33:57","date_gmt":"2022-07-17T11:33:57","guid":{"rendered":"https:\/\/culton.org\/?page_id=4702"},"modified":"2023-04-02T14:02:29","modified_gmt":"2023-04-02T13:02:29","slug":"prosjekt","status":"publish","type":"page","link":"https:\/\/culton.org\/no\/prosjekt\/","title":{"rendered":"PROSJEKT"},"content":{"rendered":"\n<p class=\"has-medium-font-size\"><strong><strong>CULTON<\/strong>-prosjektet ble igangsatt for \u00e5 skape en helhetlig oversikt over menneskehetens plantesorter (kultivarer), dyreraser og annet biologisk mangfold som er n\u00f8dvendig for landbruk, hagebruk, skogbruk og akvakultur. P\u00e5 denne siden vil vi utdype hvordan vi skal arbeide og hva vi tror prosjektet kan bidra til.<\/strong><\/p>\n\n\n\n<p class=\"has-medium-font-size\"><strong>Underveis har vi ogs\u00e5 kommet til at det er behov for en reform innenfor systematikken og navnereglene, og har derfor innf\u00f8rt en ny kultonomisk struktur som n\u00e5 ligger til grunn for prosjektet. Det vesentlige konseptet her er <span style=\"text-decoration: underline;\">kulton<\/span>, hvorfra prosjektene har f\u00e5tt navnet sitt. Les mer om dette i <a href=\"https:\/\/culton.org\/no\/systematikk\/\" data-type=\"page\" data-id=\"8588\">systematikkdelen<\/a>.<\/strong><\/p>\n\n\n\n<p><\/p>\n\n\n\n<h2 class=\"gb-headline gb-headline-4ae11a08 gb-headline-text\"><strong>Problemet<\/strong><\/h2>\n\n\n\n<p>Det er mange kilder til biologiske data, b\u00e5de innen planter og sopp, dyr og kultiverte mikroorganismer, fra store offisielle til utallige private for ulike form\u00e5l. De fleste av dem er bygget for forskning, offentlig planlegging og styring, og for store virksomheter. Og det er et voksende utvalg av sofistikerte verkt\u00f8y tilgjengelig for disse gruppene. <\/p>\n\n\n\n<p>Det er ogs\u00e5 noen tendenser i denne retningen p\u00e5 grasrotniv\u00e5et (private dyrkere og smb-er), men der vi har en lang vei \u00e5 g\u00e5. \u00c5 f\u00e5 tilgang til data, og enda mer, bruke dataene, er nesten umulig for denne gruppen, fordi kompetanseterskelen er for h\u00f8y.<\/p>\n\n\n\n<p>Frav\u00e6ret av en &laquo;enkelt kilde til sannhet&raquo; for navn og data om verdens kultivarer\/raser\/stammer f\u00f8rer til problemer i forhold til \u00e5:<\/p>\n\n\n\n<ul class=\"wp-block-list\">\n<li>oppn\u00e5 navnestabilitet og standardisering<\/li>\n\n\n\n<li>finne strukturerte data for \u00e5 sammenligne kultivarer\/raser\/stammer<\/li>\n\n\n\n<li>oppn\u00e5 verkt\u00f8y og standarder for effektiv samhandling mellom ulike akt\u00f8rer<\/li>\n\n\n\n<li>lage systemer for planlegging og overv\u00e5king av dyrkingsaktiviteter<\/li>\n<\/ul>\n\n\n\n<p class=\"has-medium-font-size\"><strong>Dette f\u00f8rer til hovedproblemet:<\/strong><\/p>\n\n\n\n<p class=\"has-medium-font-size\"><strong>Mangelen av en slik komplett infokilde er en hindring for framtidens produksjon av mat og andre naturbaserte produkter. Dette gjelder spesielt for produksjon i marginale omr\u00e5der og i ikke-industriell produksjon utf\u00f8rt p\u00e5 grunnplanet i samfunnet, som mer enn halvparten av verdens befolkning er avhengig av.<\/strong><\/p>\n\n\n\n<p><\/p>\n\n\n\n<h2 class=\"gb-headline gb-headline-07abc3f5 gb-headline-text\" id=\"l\u00f8sningen\"><strong>L\u00f8sningen<\/strong><\/h2>\n\n\n\n<p class=\"has-medium-font-size\"><strong>For \u00e5 bygge en slik l\u00f8sning, m\u00e5 vi fokusere p\u00e5 f\u00f8lgende aktiviteter:<\/strong><\/p>\n\n\n\n<h3 class=\"gb-headline gb-headline-a588b779 gb-headline-text\">Samle og kvalitetssikre kultivarnavn<\/h3>\n\n\n\n<p>Vi er i gang med \u00e5 bygge et f\u00f8rste backbone, som det gjerne kalles i bio-databaseprosjekter. For \u00e5 kunne g\u00e5 systematisk l\u00f8s p\u00e5 denne oppgaven, m\u00e5 vi utvikle metoder og kunnskap og det vil kreve tid. Men dette er en av stiftelsens kjerneoppgaver, og vil m\u00e5tte foreg\u00e5 parallelt med oppbyggingen av selve datasettene.<\/p>\n\n\n\n<figure class=\"wp-block-image size-full\"><img loading=\"lazy\" decoding=\"async\" width=\"841\" height=\"672\" src=\"https:\/\/culton.org\/wp-content\/uploads\/2022\/08\/culton-table.png\" alt=\"\" class=\"wp-image-7509\" srcset=\"https:\/\/culton.org\/wp-content\/uploads\/2022\/08\/culton-table.png 841w, https:\/\/culton.org\/wp-content\/uploads\/2022\/08\/culton-table-300x240.png 300w, https:\/\/culton.org\/wp-content\/uploads\/2022\/08\/culton-table-768x614.png 768w\" sizes=\"auto, (max-width: 841px) 100vw, 841px\" \/><figcaption class=\"wp-element-caption\">Utdrag fra culton-tabellen i systemet der man kan se begynnelsen p\u00e5 en liste med tusener av eplesorter. De systematiske kategoriene <strong>crop <\/strong>og <strong>cultivar <\/strong>framg\u00e5r i kolonnen culton_rank.<\/figcaption><\/figure>\n\n\n\n<p>Vi skal s\u00e5 bygge et nettverk av fagpersoner og andre som er kvalifiserte til \u00e5 kvalitetssjekke datasettene og de forslag som kommer fra brukerne.<\/p>\n\n\n\n<p>Navnene vi utvikler vil f\u00f8lge det teoretiske grunnlaget vi har utviklet basert p\u00e5 kulton-konseptet. <\/p>\n\n\n\n<h3 class=\"gb-headline gb-headline-4ab49b2e gb-headline-text\">Utvikle deskriptorer for kultivarer, raser og stammer<\/h3>\n\n\n\n<p>\u00c5 utvide datasettene i bredden med beskrivelser av oppf\u00f8ringene, noe som er viktig for at dataene skal kunne brukes for <\/p>\n\n\n\n<ul class=\"wp-block-list\">\n<li>planlegging av oppformering<\/li>\n\n\n\n<li>videreutvikling av nye kultivarer<\/li>\n\n\n\n<li>dyrking<\/li>\n\n\n\n<li>utveksling<\/li>\n\n\n\n<li>bruk, osv. <\/li>\n<\/ul>\n\n\n\n<p>Det vil kunne utvikles egne systemer for alle disse form\u00e5lene, og tanken er at slike systemer skal f\u00e5 oppdatert tilgang til slike data via et API. Bi-O har allerede utviklet et system for oversikt (logging av inventar, dyrking og oppformering) og for utveksling av materiale, som er blitt CULTONs s\u00f8sterprosjekt <strong><a href=\"https:\/\/culton.org\/no\/organisasjon\/cultonex\/\" data-type=\"page\" data-id=\"8050\">CULTONx<\/a><\/strong>.<\/p>\n\n\n\n<h3 class=\"gb-headline gb-headline-00cc7685 gb-headline-text\" id=\"bilder\">Berike beskrivelsene med bilder og data fra brukerne<\/h3>\n\n\n\n<p>Via <strong>CULTONx<\/strong>-appen, og <strong><strong>CULTON<\/strong>&#8216;s <\/strong>eget nettsted, kan brukere fra hele verden bidra med bilder og data fra sin dyrking. Slik far alle raskt tilgang til gode bilder gratis via <a rel=\"noreferrer noopener\" href=\"https:\/\/creativecommons.org\/\" target=\"_blank\"><strong>Creative Commons (cc)<\/strong><\/a> og annen tilsvarende lisensiering.<\/p>\n\n\n\n<p>Vi skal utvikle verkt\u00f8y og standarder for at billedmaterialet skal bli mest mulig systematisk, slik at alle kan bruke bildene til \u00e5 sammenligne og beskrive egenskaper s\u00e5 presist som mulig, og for at vi kan bygge effektive billeds\u00f8k. Et kriterium blir at alle bilder m\u00e5 ha en skala og en fargekoding, slik at de kan fargekorrigeres i billedbehandling og sammenlignes med andre ved at bildene har samme skala. <\/p>\n\n\n\n<figure class=\"wp-block-image size-full is-resized\"><img loading=\"lazy\" decoding=\"async\" src=\"https:\/\/culton.org\/wp-content\/uploads\/2022\/08\/color-tester.jpg\" alt=\"\" class=\"wp-image-7619\" width=\"250\" height=\"187\" srcset=\"https:\/\/culton.org\/wp-content\/uploads\/2022\/08\/color-tester.jpg 500w, https:\/\/culton.org\/wp-content\/uploads\/2022\/08\/color-tester-300x224.jpg 300w\" sizes=\"auto, (max-width: 250px) 100vw, 250px\" \/><\/figure>\n\n\n\n<p><\/p>\n\n\n\n<p>Data om brukernes dyrkingslokalitet, som f.eks. jordsmonn, lokalklima og lokal flora og fauna, samt data fra dyrkingen, vil v\u00e6re viktige for \u00e5 bygge opp <strong>CULTON&#8217;s <\/strong>sortsbeskrivelser.<\/p>\n\n\n\n<p><\/p>\n\n\n\n<h2 class=\"gb-headline gb-headline-edd974a2 gb-headline-text\" id=\"bidraget\"><strong>Bidraget<\/strong><\/h2>\n\n\n\n<p>Vi tror prosjektet fjerner hindringer og \u00e5pner nye muligheter for \u00e5 bygge framtidens naturbaserte produksjonssystemer. <\/p>\n\n\n\n<p>Det er ingen hemmelighet at CULTON-prosjektet kommer fra et sted hvor fokus er \u00e5 bevare s\u00e5 mye av planetens \u00f8kosystemer som mulig, og \u00e5 hjelpe den store gruppen fattige mennesker i verden som sliter med \u00e5 overleve med knappe ressurser for h\u00e5nden. Det betyr ikke at prosjekt ikke er like viktig og nyttig for den rike industrialiserte del av planeten. Tvert i mot ser vi bare synergieffekter i alle retninger av \u00e5 bygge dette prosjektet.<\/p>\n\n\n\n<p>Dersom prosjektet skal bli et bidrag til et digitalt bacbone for den b\u00e6rekraftige \u00abbioantrosf\u00e6ren\u00bb, m\u00e5 det skje p\u00e5 en annen m\u00e5te enn i dagens industriproduksjon:<\/p>\n\n\n\n<ul class=\"wp-block-list\">\n<li>elektrisitet framfor fossile energib\u00e6rere<\/li>\n\n\n\n<li>genetisk mangfold framfor monopoliserte og patenterte universalsorter<\/li>\n\n\n\n<li>polykultur og sm\u00e5 monokulturer framfor storskala monokultur<\/li>\n\n\n\n<li>integrasjon med lokalsamfunn, framfor segregering i spesialiserte avskjermede fabrikker<\/li>\n<\/ul>\n\n\n\n<p>En datakilde med alle verdens kultiverte organismer vil v\u00e6re en forutsetning for \u00e5 f\u00e5 dette til, slik at alle, hvor de enn er p\u00e5 planeten, kan finne det som passer der de bor, og ha et riktig mangfold \u00e5 velge i etter hvert som klimaendringene skaper endrede vekstbetingelser:<\/p>\n\n\n\n<ul class=\"wp-block-list\">\n<li>basis for kunnskapsoppbygging og -spredning i samfunnet<\/li>\n\n\n\n<li>mer presis og effektiv kommunikasjon i alle deler av samfunnet som befatter seg med kultivarer<\/li>\n\n\n\n<li>presis basis for utvikling av ny digitalbasert teknologi for avanserte b\u00e6rekraftige produksjonssystemer som l\u00f8ser de milj\u00f8-, klima- og arbeidslivsrelaterte problemene vi har i dagens produksjonssystem<\/li>\n\n\n\n<li>bevisstgj\u00f8ring av menneskets avhengighet av naturen, og derav en modning i retning av en ny ydmykhet og takknemlighet for de gavene naturen gir oss mennesker<\/li>\n<\/ul>\n\n\n\n<div style=\"height:100px\" aria-hidden=\"true\" class=\"wp-block-spacer\"><\/div>\n","protected":false},"excerpt":{"rendered":"<p>CULTON-prosjektet ble igangsatt for \u00e5 skape en helhetlig oversikt over menneskehetens plantesorter (kultivarer), dyreraser og annet biologisk mangfold som er n\u00f8dvendig for landbruk, hagebruk, skogbruk og akvakultur. P\u00e5 denne siden vil vi utdype hvordan vi skal arbeide og hva vi tror prosjektet kan bidra til. Underveis har vi ogs\u00e5 kommet til at det er behov &#8230; <a title=\"PROSJEKT\" class=\"read-more\" href=\"https:\/\/culton.org\/no\/prosjekt\/\" aria-label=\"Read more about PROSJEKT\">Les mer<\/a><\/p>\n","protected":false},"author":3,"featured_media":0,"parent":0,"menu_order":2,"comment_status":"closed","ping_status":"closed","template":"","meta":{"_bbp_topic_count":0,"_bbp_reply_count":0,"_bbp_total_topic_count":0,"_bbp_total_reply_count":0,"_bbp_voice_count":0,"_bbp_anonymous_reply_count":0,"_bbp_topic_count_hidden":0,"_bbp_reply_count_hidden":0,"_bbp_forum_subforum_count":0,"_lmt_disableupdate":"","_lmt_disable":"","footnotes":""},"class_list":["post-4702","page","type-page","status-publish"],"_links":{"self":[{"href":"https:\/\/culton.org\/no\/wp-json\/wp\/v2\/pages\/4702","targetHints":{"allow":["GET"]}}],"collection":[{"href":"https:\/\/culton.org\/no\/wp-json\/wp\/v2\/pages"}],"about":[{"href":"https:\/\/culton.org\/no\/wp-json\/wp\/v2\/types\/page"}],"author":[{"embeddable":true,"href":"https:\/\/culton.org\/no\/wp-json\/wp\/v2\/users\/3"}],"replies":[{"embeddable":true,"href":"https:\/\/culton.org\/no\/wp-json\/wp\/v2\/comments?post=4702"}],"version-history":[{"count":127,"href":"https:\/\/culton.org\/no\/wp-json\/wp\/v2\/pages\/4702\/revisions"}],"predecessor-version":[{"id":12788,"href":"https:\/\/culton.org\/no\/wp-json\/wp\/v2\/pages\/4702\/revisions\/12788"}],"wp:attachment":[{"href":"https:\/\/culton.org\/no\/wp-json\/wp\/v2\/media?parent=4702"}],"curies":[{"name":"wp","href":"https:\/\/api.w.org\/{rel}","templated":true}]}}