{"id":4700,"date":"2022-07-17T16:11:19","date_gmt":"2022-07-17T15:11:19","guid":{"rendered":"https:\/\/culton.org\/?page_id=4700"},"modified":"2023-09-02T10:00:30","modified_gmt":"2023-09-02T09:00:30","slug":"organisasjon","status":"publish","type":"page","link":"https:\/\/culton.org\/no\/organisasjon\/","title":{"rendered":"ORGANISASJON"},"content":{"rendered":"\n<p class=\"has-medium-font-size\"><strong>Culton-prosjektet er en uavhengig ideell stiftelse (under etablering) som bidrar til \u00e5 bevare og utvikle de genetiske ressursene som s\u00f8rger for mat, medisiner, kl\u00e6r, materialer og andre behov ved \u00e5 tilby en \u00e5pen sjekkliste med bilder og informasjon om egenskaper til verdens kultivarer <\/strong>(sorter)<strong>, raser og stammer.<\/strong><\/p>\n\n\n\n<h2 class=\"gb-headline gb-headline-8395f9d1 gb-headline-text\">Hensikt og m\u00e5l<\/h2>\n\n\n\n<p class=\"has-medium-font-size\">1) Bygge og vedlikeholde en omfattende sjekkliste over alle kjente kultivarer, raser og stammer av domestiserte (menneskep\u00e5virkede) organismer, samt de som sankes, fiskes og jaktes.<\/p>\n\n\n\n<p class=\"has-medium-font-size\">2) Fremme utviklingen av en enhetlig systematikk (kultonomi) og en enhetlig nomenklaturkode for alle domestiserte organismer, som erstatter den eksisterende separate systematikken og kodene for domestiserte planter, sopp, dyr og bakterie- og virusstammer.<\/p>\n\n\n\n<p class=\"has-medium-font-size\">3) Avlaste det taksonomiske systemet fra byrden med \u00e5 inkludere domestiserte organismer gjennom hybridnavn og taksonomiske rekker, som for tiden er praksis, noe som gj\u00f8r taksonomien un\u00f8dvendig komplisert uten \u00e5 tjene de domestiserte optimalt.<\/p>\n\n\n\n<p class=\"has-medium-font-size\">4) Etablere kriterier for aksepterte navn, og derav synonymer, i henhold til praksis fra taksonomisk publisering.<\/p>\n\n\n\n<p class=\"has-medium-font-size\">5) Utvikle et nettverk av kompetanse for \u00e5 vedlikeholde listene og bed\u00f8mme forslag (en &laquo;CULTON&raquo; parallell til publiseringstidsskriftet <a rel=\"noreferrer noopener\" href=\"https:\/\/onlinelibrary.wiley.com\/journal\/19968175\" target=\"_blank\">TAXON<\/a>, drevet av <a rel=\"noreferrer noopener\" href=\"https:\/\/www.iaptglobal.org\/taxon\" target=\"_blank\">IAPT<\/a> eller tilsvarende enhet). De b\u00f8r rekrutteres bredt, fra systematikkfeltet og med representanter for sorts- og raseutviklere, dyrkere, samlere, b\u00e5de samfunnsbaserte og kommersielle.<\/p>\n\n\n\n<h2 class=\"gb-headline gb-headline-a785e65c gb-headline-text\">Oppgaver<\/h2>\n\n\n\n<ol class=\"wp-block-list\">\n<li>V\u00e6re en globalt tilgjengelig ikke-kommersiell akt\u00f8r<\/li>\n\n\n\n<li>Eie og vedlikeholde en \u00e5pent tilgjengelig database over nytteorganismer<\/li>\n\n\n\n<li>S\u00f8rge for at dataene er strukturerte og kan brukes i andre systemer p\u00e5 en forutsigbar m\u00e5te<\/li>\n\n\n\n<li>Utvikle og administrere retningslinjer for datainnsamling for \u00e5 sikre datakvalitet<\/li>\n\n\n\n<li>Utvikle og implementere personellsertifiseringssystem<\/li>\n\n\n\n<li>Inng\u00e5 avtaler med dataleverand\u00f8rer og s\u00f8rge for gode utvekslingssystemer<\/li>\n\n\n\n<li>Inng\u00e5 avtaler med systemleverand\u00f8rer om utvikling og drift av teknisk infrastruktur for den skybaserte tjenesten<\/li>\n\n\n\n<li>Initiere og overv\u00e5ke utviklingen av systemer for best mulig samhandling med systemets m\u00e5lgruppe for \u00e5 fange opp brukernes \u00f8nsker og behov<\/li>\n<\/ol>\n\n\n\n<h2 class=\"gb-headline gb-headline-8b7d7bcc gb-headline-text\">Valg av organisasjonsform<\/h2>\n\n\n\n<p>Det er tre hovedgrunner for \u00e5 velge en ideell stiftelse som organisasjonsform for dette prosjektet:<\/p>\n\n\n\n<ul class=\"wp-block-list\">\n<li>Det finnes mye data av h\u00f8y kvalitet i store, b\u00e5de offentlige og private, organisasjoner (som genbanker og lignende). Mye av dette er utviklet til ideelle form\u00e5l og er finansiert av offentlige midler. En ideell stiftelse med et allmennyttig form\u00e5l \u00e5 gj\u00f8re slike data tilgjengelig vil v\u00e6re den rette plattformen for \u00e5 lage utvekslingsl\u00f8sninger med disse institusjonene.<\/li>\n\n\n\n<li>Det er en stor verdi for et slikt system om brukerne bidrar med sine egne data, som bilder, observasjoner og autogenererte brukerdata for \u00e5 berike dataene til felles fordel. Med andre ord en form for Wikipedia-modell (dog med h\u00f8yere grad av standardisering av data). Ogs\u00e5 her regnes en uavhengig stiftelse som den optimale garantisten og forvalteren.<\/li>\n\n\n\n<li>Prosjektet vil gj\u00f8re en helt konkret jobb som skal st\u00f8tte opp om medlemsorganisasjoners arbeid, men vil trolig ikke tjene p\u00e5 selv \u00e5 v\u00e6re en medlemsorganisasjon med alle de aktiviteter og administrative prosesser det inneb\u00e6rer. Stiftelser kan ha medlemsorganer som en del av sin formelle organisasjon, men dette prosjektet b\u00f8r i utgangspunktet ha en s\u00e5 slank og effektiv organisasjon som mulig, og derfor velge en modell med styret som eneste beslutningsorgan, dog med en r\u00e5dgivende referansegruppe som en st\u00f8ttefunksjon.<\/li>\n<\/ul>\n\n\n\n<p><strong><a href=\"\/no\/organisasjon\/dokumenter\/\" data-type=\"page\" data-id=\"6359\">Gjeldende versjon av stiftelsesdokumentene.<\/a><\/strong><\/p>\n\n\n\n<p>For diskusjoner om organisasjonen, g\u00e5 til <strong><a href=\"https:\/\/culton.org\/no\/?page_id=12989\" data-type=\"page\" data-id=\"12989\">forumet<\/a><\/strong> (for innloggede deltakere og kun p\u00e5 engelsk)<\/p>\n\n\n\n<div style=\"height:100px\" aria-hidden=\"true\" class=\"wp-block-spacer\"><\/div>\n\n\n\n<h2 class=\"wp-block-heading\">Styret<\/h2>\n\n\n\n<p>Styret i Culton har i hovedsak en tilsynsfunksjon, og det daglige arbeidet vil bli ledet av folkene i CultonX AS med en gradvis overf\u00f8ring av ansvar til arbeidsgruppene etter hvert som organisasjonen vokser. I utviklingen av styret f\u00f8lger vi sjekklisten fra <a href=\"https:\/\/culton.org\/no\/organisasjon\/styrets-oppgaver\/\" data-type=\"page\" data-id=\"4838\"><strong>Lotteri- og stiftelsestilsynet<\/strong><\/a>.<\/p>\n\n\n\n<p>Vi har som m\u00e5l \u00e5 n\u00e5 3-5 medlemmer for \u00e5 komme i gang. V\u00e5re meget kompetente kandidater s\u00e5 langt er:<\/p>\n\n\n<div class=\"gb-container gb-container-477d6ec8\" id=\"board\"><div class=\"gb-inside-container\">\n<div class=\"gb-grid-wrapper gb-grid-wrapper-f936ab9e\">\n<div class=\"gb-grid-column gb-grid-column-8457b168\"><div class=\"gb-container gb-container-8457b168\"><div class=\"gb-inside-container\">\n\n<figure class=\"wp-block-image size-full is-resized rounded-corners img\"><img loading=\"lazy\" decoding=\"async\" src=\"https:\/\/culton.org\/wp-content\/uploads\/2022\/07\/LONE.png\" alt=\"\" class=\"wp-image-6824\" style=\"width:155px;height:157px\" width=\"155\" height=\"157\" srcset=\"https:\/\/culton.org\/wp-content\/uploads\/2022\/07\/LONE.png 620w, https:\/\/culton.org\/wp-content\/uploads\/2022\/07\/LONE-297x300.png 297w\" sizes=\"auto, (max-width: 155px) 100vw, 155px\" \/><\/figure>\n\n\n\n<h3 class=\"gb-headline gb-headline-33244fff gb-headline-text\">Lone Fedders&nbsp;Dybdal<\/h3>\n\n\n\n<p class=\"gb-headline gb-headline-98f13fa8 gb-headline-text\"><em>Styreleder<\/em><\/p>\n\n\n\n<p>Filosof. Arbeider i <a rel=\"noreferrer noopener\" href=\"https:\/\/etikkradet.no\/\" target=\"_blank\"><strong>Etikkr\u00e5det for Oljefondet<\/strong><\/a> og er styreleder i <strong><a rel=\"noreferrer noopener\" href=\"https:\/\/kvann.no\/\" target=\"_blank\">KVANN \u2013 Norwegian Seed Savers<\/a><\/strong>, en organisasjon som arbeider for \u00e5 ta vare p\u00e5 genetisk mangfold gjennom aktiv bruk i samarbeid med<a href=\"https:\/\/www.nibio.no\/om-nibio\/vare-fagdivisjoner\/divisjon-for-kart-og-statistikk\/norsk-genressurssenter\" target=\"_blank\" rel=\"noreferrer noopener\"> <strong>NIBIOs genressurssenter<\/strong><\/a>.<\/p>\n\n<\/div><\/div><\/div>\n\n<div class=\"gb-grid-column gb-grid-column-8e8cc5d8\"><div class=\"gb-container gb-container-8e8cc5d8\"><div class=\"gb-inside-container\">\n\n<figure class=\"wp-block-image size-full is-resized rounded-corners img\"><img loading=\"lazy\" decoding=\"async\" src=\"https:\/\/culton.org\/wp-content\/uploads\/2022\/07\/Morten-Rasmussen.png\" alt=\"\" class=\"wp-image-6828\" style=\"width:108px;height:112px\" width=\"108\" height=\"112\" srcset=\"https:\/\/culton.org\/wp-content\/uploads\/2022\/07\/Morten-Rasmussen.png 433w, https:\/\/culton.org\/wp-content\/uploads\/2022\/07\/Morten-Rasmussen-290x300.png 290w\" sizes=\"auto, (max-width: 108px) 100vw, 108px\" \/><\/figure>\n\n\n\n<h3 class=\"gb-headline gb-headline-b27d2c40 gb-headline-text\">Morten Rasmussen<\/h3>\n\n\n\n<p class=\"gb-headline gb-headline-b80fae23 gb-headline-text\"><em><em><em>Styremedlem<\/em><\/em><\/em><\/p>\n\n\n\n<p>Bakgrunn innen planteforedling og plantegenetisk ressursforvaltning, og gjennom mange \u00e5r arbeidet med bevaring og b\u00e6rekraftig bruk av plantegenetiske ressurser i Norden, og frem til 2021 som seniorr\u00e5dgiver for det norske nasjonale programmet. Arbeider n\u00e5 ved Avdeling for Virus, bakterier og nematoder i skog-, jord og hagebruk ved Divisjon for bioteknologi og plantehelse, NIBIO. <a rel=\"noreferrer noopener\" href=\"https:\/\/www.nibio.no\/ansatte\/morten-rasmussen\" target=\"_blank\"><strong>Mer informasjon<\/strong><\/a><\/p>\n\n<\/div><\/div><\/div>\n\n<div class=\"gb-grid-column gb-grid-column-e7936bc4\"><div class=\"gb-container gb-container-e7936bc4\"><div class=\"gb-inside-container\">\n\n<figure class=\"wp-block-image size-full is-resized rounded-corners img\"><img loading=\"lazy\" decoding=\"async\" src=\"https:\/\/culton.org\/wp-content\/uploads\/2022\/07\/avataar.png\" alt=\"\" class=\"wp-image-4652\" style=\"width:122px;height:121px\" width=\"122\" height=\"121\" srcset=\"https:\/\/culton.org\/wp-content\/uploads\/2022\/07\/avataar.png 486w, https:\/\/culton.org\/wp-content\/uploads\/2022\/07\/avataar-300x300.png 300w, https:\/\/culton.org\/wp-content\/uploads\/2022\/07\/avataar-150x150.png 150w\" sizes=\"auto, (max-width: 122px) 100vw, 122px\" \/><\/figure>\n\n\n\n<h3 class=\"gb-headline gb-headline-7344bd30 gb-headline-text\">N. N.<\/h3>\n\n\n\n<p class=\"gb-headline gb-headline-88d49739 gb-headline-text\"><em><em><em><em><em><em><em><em>Styremedlem<\/em><\/em><\/em><\/em><\/em><\/em><\/em><\/em><\/p>\n\n\n\n<p>Vi er i ferd med \u00e5 rekruttere 1-3 styremedlem(mer) til. Hvis du er interessert eller vet om noen vi b\u00f8r sp\u00f8rre, ta gjerne <strong><a href=\"\/no\/organisasjon\/bli-med-pa-laget\/\" data-type=\"page\" data-id=\"12936\">kontakt<\/a><\/strong>.<\/p>\n\n<\/div><\/div><\/div>\n<\/div>\n<\/div><\/div>\n\n\n<h2 class=\"wp-block-heading\" id=\"referansegruppen\">Referansegruppen<\/h2>\n\n\n\n<p>En referansegruppe er viktig som plattform for uformell nettverksbygging og r\u00e5dgivning. Deltakerne s\u00e5 langt er:<\/p>\n\n\n<div class=\"gb-container gb-container-9a203eb9\" id=\"reference-group\"><div class=\"gb-inside-container\">\n<div class=\"gb-grid-wrapper gb-grid-wrapper-f9b50095\">\n<div class=\"gb-grid-column gb-grid-column-4ea53ae0\"><div class=\"gb-container gb-container-4ea53ae0\"><div class=\"gb-inside-container\">\n\n<figure class=\"wp-block-image size-large is-resized rounded-corners img\"><img loading=\"lazy\" decoding=\"async\" src=\"https:\/\/culton.org\/wp-content\/uploads\/2022\/07\/dtendres-presse-768x1024.jpg\" alt=\"\" class=\"wp-image-6833\" style=\"width:192px;height:256px\" width=\"192\" height=\"256\" srcset=\"https:\/\/culton.org\/wp-content\/uploads\/2022\/07\/dtendres-presse-768x1024.jpg 768w, https:\/\/culton.org\/wp-content\/uploads\/2022\/07\/dtendres-presse-225x300.jpg 225w, https:\/\/culton.org\/wp-content\/uploads\/2022\/07\/dtendres-presse-1152x1536.jpg 1152w, https:\/\/culton.org\/wp-content\/uploads\/2022\/07\/dtendres-presse.jpg 1500w\" sizes=\"auto, (max-width: 192px) 100vw, 192px\" \/><\/figure>\n\n\n\n<h3 class=\"gb-headline gb-headline-a4827899 gb-headline-text\">Dag Endresen<\/h3>\n\n\n\n<p class=\"gb-headline gb-headline-97f4b6f7 gb-headline-text\"><em><em>Spesialist i bioinformatikk<\/em><\/em><\/p>\n\n\n\n<p>Plante forsker. Universitetet i Oslo, Naturhistorisk museum. GBIF Node Manager for Norge. Har tidligere jobbet i Nordisk Genbank (Nordgen). <strong><a href=\"https:\/\/www.gbif.no\/about\/node-staff\/\" target=\"_blank\" rel=\"noreferrer noopener\">Mer informasjon<\/a><\/strong><\/p>\n\n<\/div><\/div><\/div>\n\n<div class=\"gb-grid-column gb-grid-column-a6078aa3\"><div class=\"gb-container gb-container-a6078aa3\"><div class=\"gb-inside-container\">\n\n<figure class=\"wp-block-image size-large is-resized rounded-corners img\"><img loading=\"lazy\" decoding=\"async\" src=\"https:\/\/culton.org\/wp-content\/uploads\/2022\/07\/rukayasj-presse-768x1024.jpg\" alt=\"\" class=\"wp-image-6835\" style=\"width:192px;height:256px\" width=\"192\" height=\"256\" srcset=\"https:\/\/culton.org\/wp-content\/uploads\/2022\/07\/rukayasj-presse-768x1024.jpg 768w, https:\/\/culton.org\/wp-content\/uploads\/2022\/07\/rukayasj-presse-225x300.jpg 225w, https:\/\/culton.org\/wp-content\/uploads\/2022\/07\/rukayasj-presse-1152x1536.jpg 1152w, https:\/\/culton.org\/wp-content\/uploads\/2022\/07\/rukayasj-presse.jpg 1500w\" sizes=\"auto, (max-width: 192px) 100vw, 192px\" \/><\/figure>\n\n\n\n<h3 class=\"gb-headline gb-headline-1b37fa71 gb-headline-text\">Rukaya Sarah Johaadien<\/h3>\n\n\n\n<p class=\"gb-headline gb-headline-54a98b90 gb-headline-text\"><em><em><em><em><em><em><em><em>Spesialist i bioinformatikk<\/em><\/em><\/em><\/em><\/em><\/em><\/em><\/em><\/p>\n\n\n\n<p>Utvikler, teknisk kontakt for GBIF Norge. Universitetet i Oslo, Naturhistorisk museum. Jobber med data, utvikling og vedlikehold. <strong><a rel=\"noreferrer noopener\" href=\"https:\/\/www.gbif.no\/about\/node-staff\/\" target=\"_blank\">Mer informasjon<\/a><\/strong><\/p>\n\n<\/div><\/div><\/div>\n\n<div class=\"gb-grid-column gb-grid-column-feef8c14\"><div class=\"gb-container gb-container-feef8c14\"><div class=\"gb-inside-container\">\n\n<figure class=\"wp-block-image size-full is-resized rounded-corners img\"><img loading=\"lazy\" decoding=\"async\" src=\"https:\/\/culton.org\/wp-content\/uploads\/2022\/07\/Kjell-Ake-Lundblad_dokumentation-IT-ansvarig-300x285-1.jpg\" alt=\"\" class=\"wp-image-6837\" style=\"width:225px;height:214px\" width=\"225\" height=\"214\"\/><\/figure>\n\n\n\n<h3 class=\"gb-headline gb-headline-db9e1094 gb-headline-text\">Kjell-\u00c5ke Lundblad<\/h3>\n\n\n\n<p class=\"gb-headline gb-headline-e1bfced2 gb-headline-text\"><em><em><em><em><em><em>Spesialist i bioinformatikk<\/em><\/em><\/em><\/em><\/em><\/em><\/p>\n\n\n\n<p>Informatiker og biologisk systematikkentusiast, som i dag jobber ved NordGen &#8211; Nordic Genressurssenter, som IT- og dokumentasjonssjef. <strong><a href=\"https:\/\/www.nordgen.org\/om-oss\/personal\/\" target=\"_blank\" rel=\"noreferrer noopener\">Mer info<\/a><\/strong><\/p>\n\n<\/div><\/div><\/div>\n\n<div class=\"gb-grid-column gb-grid-column-f191f138\"><div class=\"gb-container gb-container-f191f138\"><div class=\"gb-inside-container\">\n\n<figure class=\"wp-block-image size-full is-resized rounded-corners img\"><img loading=\"lazy\" decoding=\"async\" src=\"https:\/\/culton.org\/wp-content\/uploads\/2022\/08\/Berg-Ronald-van-den-2.jpg\" alt=\"\" class=\"wp-image-7632\" style=\"width:169px;height:207px\" width=\"169\" height=\"207\" srcset=\"https:\/\/culton.org\/wp-content\/uploads\/2022\/08\/Berg-Ronald-van-den-2.jpg 677w, https:\/\/culton.org\/wp-content\/uploads\/2022\/08\/Berg-Ronald-van-den-2-246x300.jpg 246w\" sizes=\"auto, (max-width: 169px) 100vw, 169px\" \/><\/figure>\n\n\n\n<h3 class=\"gb-headline gb-headline-42782f31 gb-headline-text\">Ronald van den Berg<\/h3>\n\n\n\n<p class=\"gb-headline gb-headline-d1c8b1fa gb-headline-text\"><em>Systematikkspesialist<\/em><\/p>\n\n\n\n<p>Plantesystematiker, n\u00e5 pensjonert professor fra Wageningen universitet. <strong><a href=\"https:\/\/www.researchgate.net\/profile\/Ronald-Berg\" target=\"_blank\" rel=\"noreferrer noopener\">Mer informasjon<\/a><\/strong><\/p>\n\n<\/div><\/div><\/div>\n\n<div class=\"gb-grid-column gb-grid-column-87a7c7e7\"><div class=\"gb-container gb-container-87a7c7e7\"><div class=\"gb-inside-container\">\n\n<figure class=\"wp-block-image size-full is-resized rounded-corners img\"><img loading=\"lazy\" decoding=\"async\" src=\"https:\/\/culton.org\/wp-content\/uploads\/2022\/07\/Wilbert-Hetterscheid-tegen-een-steen-met-de-plaquette-Onderscheiding-van-Verdienste-van-de-IDS-uit-1989.jpg\" alt=\"\" class=\"wp-image-6839\" style=\"width:212px;height:222px\" width=\"212\" height=\"222\"\/><\/figure>\n\n\n\n<h3 class=\"gb-headline gb-headline-1a165af4 gb-headline-text\">Wilbert Hetterscheid<\/h3>\n\n\n\n<p class=\"gb-headline gb-headline-876d5169 gb-headline-text\"><em><em><em><em><em><em><em>Systematikkspesialist<\/em><\/em><\/em><\/em><\/em><\/em><\/em><\/p>\n\n\n\n<p>Plantesystematiker, n\u00e5 pensjonert professor fra Wageningen universitet. Inntil nylig direkt\u00f8r for <a rel=\"noreferrer noopener\" href=\"https:\/\/dendrologie.nl\/arbor-vitae\/wilbert-hetterscheid-bevlogen-directeur-van-het-nationaal-bomenmuseum-gimborn\/\" target=\"_blank\">det nederlandske tremuseet<\/a>. <strong><a href=\"https:\/\/www.researchgate.net\/profile\/Wilbert-Hetterscheid\" target=\"_blank\" rel=\"noreferrer noopener\">Mer informasjon<\/a><\/strong><\/p>\n\n<\/div><\/div><\/div>\n<\/div>\n<\/div><\/div>\n\n\n<h2 class=\"wp-block-heading\">Arbeidsgruppe for systematikk<\/h2>\n\n\n\n<p>Denne gruppen er enn\u00e5 ikke etablert, men vil v\u00e6re en naturlig &laquo;avlegger&raquo; fra den f\u00f8rste referansegruppen. G\u00e5 til <strong><a href=\"\/forum\/systematics-forum\/\">forumet<\/a><\/strong> (for p\u00e5loggede deltakere og kun p\u00e5 engelsk), eller <strong><a href=\"\/no\/organisasjon\/bli-med-pa-laget\/\" data-type=\"page\" data-id=\"12936\">bli med her<\/a><\/strong><\/p>\n\n\n\n<h2 class=\"wp-block-heading\">Gruppen for navnemoderasjon<\/h2>\n\n\n\n<p>Denne gruppen har et potensial til \u00e5 bli ganske stor, siden det blir mye arbeid med \u00e5 vedlikeholde dataene. Vi har f\u00f8rst begynt \u00e5 etablere denne gruppen. G\u00e5 til <strong><a href=\"\/forum\/team-forum\/\">forumet<\/a><\/strong> (for p\u00e5loggede deltakere og kun p\u00e5 engelsk), eller <strong><a href=\"\/no\/organisasjon\/bli-med-pa-laget\/\" data-type=\"page\" data-id=\"12936\">bli med her<\/a><\/strong><\/p>\n\n\n\n<h2 class=\"wp-block-heading\">Administrasjon<\/h2>\n\n\n\n<p>M\u00e5let er \u00e5 gj\u00f8re ting s\u00e5 enkelt som mulig slik at styret kan styre virksomheten med f\u00e5 m\u00f8ter per \u00e5r, og med lite behov for l\u00f8pende administrativt arbeid. Den \u00f8konomiske hovedaktiviteten i stiftelsen vil v\u00e6re sentrert rundt de tekniske aspektene, i hvert fall de f\u00f8rste \u00e5rene. Og siden dette skal outsources, er det sv\u00e6rt lite intern \u00f8konomisk aktivitet. <\/p>\n\n\n\n<h3 class=\"wp-block-heading\">Sekret\u00e6r og offentlig kontakt<\/h3>\n\n\n\n<p>Styret oppnevner formell sekret\u00e6r og offentlig kontakt. Siden stiftelsens aktiviteter er mest \u00e5 v\u00e6re en tilrettelegger og garantist for offentlig tilgang, b\u00f8r ikke denne aktiviteten kreve mye arbeid og kan i stor grad erstattes av automatiserte systemer, i tr\u00e5d med selve prosjektets fokus og m\u00e5l. Bi-Os daglig leder, Karl Aakerro, vil yte sekret\u00e6rtjeneste sammen med rollen som initiativtager og koordinator inntil stiftelsen er etablert.<\/p>\n\n\n\n<figure class=\"wp-block-image size-full is-resized\"><img loading=\"lazy\" decoding=\"async\" src=\"https:\/\/culton.org\/wp-content\/uploads\/2023\/01\/karl-aakerro.jpg\" alt=\"\" class=\"wp-image-10064\" style=\"width:170px;height:217px\" width=\"170\" height=\"217\" srcset=\"https:\/\/culton.org\/wp-content\/uploads\/2023\/01\/karl-aakerro.jpg 340w, https:\/\/culton.org\/wp-content\/uploads\/2023\/01\/karl-aakerro-235x300.jpg 235w\" sizes=\"auto, (max-width: 170px) 100vw, 170px\" \/><\/figure>\n\n\n\n<p><\/p>\n\n\n\n<h3 class=\"wp-block-heading\">Teknisk drift<\/h3>\n\n\n\n<p>Teknisk samarbeidspartner er CultonX AS, som er etablert av intitiativtaker Bi-O AS for dette form\u00e5let. Samarbeidet vil bli formalisert i det stiftelsen har sitt stiftelsesm\u00f8te i tr\u00e5d med p\u00e5 forh\u00e5nd utviklet <strong><a href=\"\/no\/organisasjon\/dokumenter\/\">avtaledokument<\/a><\/strong>.<\/p>\n\n\n\n<h3 class=\"wp-block-heading\">Regnskap<\/h3>\n\n\n\n<p>Bi-O bruker <strong><a rel=\"noreferrer noopener\" href=\"https:\/\/www.tripletex.no\/\" target=\"_blank\">Tripletex <\/a><\/strong>regnskapssystem, og vil gi f\u00f8rstehjelp med \u00e5 sette opp dette og gj\u00f8re selve arbeidet s\u00e5 lenge det trengs. N\u00e5r finansieringen tillater det, anbefales det at dette arbeidet settes ut fullstendig. Det er mange regnskapsf\u00f8rere som bruker Tripletex.<\/p>\n\n\n\n<h3 class=\"wp-block-heading\">Revisjon<\/h3>\n\n\n\n<p>Stiftelser plikter \u00e5 f\u00e5 sine regnskaper revidert av registrert eller statsautorisert revisor, registrert hos <strong><a rel=\"noreferrer noopener\" href=\"https:\/\/www.finanstilsynet.no\" target=\"_blank\">Finanstilsynet<\/a><\/strong>. Partner Revisjon, n\u00e5 <strong><a rel=\"noreferrer noopener\" href=\"https:\/\/www.crowe.com\/\" target=\"_blank\">Crowe<\/a><\/strong>, har v\u00e6rt med oss i etableringsprosessen siden 2020, og de er ogs\u00e5 godt kjent med Tripletex.<\/p>\n","protected":false},"excerpt":{"rendered":"<p>Culton-prosjektet er en uavhengig ideell stiftelse (under etablering) som bidrar til \u00e5 bevare og utvikle de genetiske ressursene som s\u00f8rger for mat, medisiner, kl\u00e6r, materialer og andre behov ved \u00e5 tilby en \u00e5pen sjekkliste med bilder og informasjon om egenskaper til verdens kultivarer (sorter), raser og stammer. Hensikt og m\u00e5l 1) Bygge og vedlikeholde en &#8230; <a title=\"ORGANISASJON\" class=\"read-more\" href=\"https:\/\/culton.org\/no\/organisasjon\/\" aria-label=\"Read more about ORGANISASJON\">Les mer<\/a><\/p>\n","protected":false},"author":3,"featured_media":0,"parent":0,"menu_order":5,"comment_status":"closed","ping_status":"closed","template":"","meta":{"_bbp_topic_count":0,"_bbp_reply_count":0,"_bbp_total_topic_count":0,"_bbp_total_reply_count":0,"_bbp_voice_count":0,"_bbp_anonymous_reply_count":0,"_bbp_topic_count_hidden":0,"_bbp_reply_count_hidden":0,"_bbp_forum_subforum_count":0,"_lmt_disableupdate":"","_lmt_disable":"","footnotes":""},"class_list":["post-4700","page","type-page","status-publish"],"_links":{"self":[{"href":"https:\/\/culton.org\/no\/wp-json\/wp\/v2\/pages\/4700","targetHints":{"allow":["GET"]}}],"collection":[{"href":"https:\/\/culton.org\/no\/wp-json\/wp\/v2\/pages"}],"about":[{"href":"https:\/\/culton.org\/no\/wp-json\/wp\/v2\/types\/page"}],"author":[{"embeddable":true,"href":"https:\/\/culton.org\/no\/wp-json\/wp\/v2\/users\/3"}],"replies":[{"embeddable":true,"href":"https:\/\/culton.org\/no\/wp-json\/wp\/v2\/comments?post=4700"}],"version-history":[{"count":90,"href":"https:\/\/culton.org\/no\/wp-json\/wp\/v2\/pages\/4700\/revisions"}],"predecessor-version":[{"id":13840,"href":"https:\/\/culton.org\/no\/wp-json\/wp\/v2\/pages\/4700\/revisions\/13840"}],"wp:attachment":[{"href":"https:\/\/culton.org\/no\/wp-json\/wp\/v2\/media?parent=4700"}],"curies":[{"name":"wp","href":"https:\/\/api.w.org\/{rel}","templated":true}]}}