{"id":4698,"date":"2022-07-17T12:30:49","date_gmt":"2022-07-17T11:30:49","guid":{"rendered":"https:\/\/culton.org\/?page_id=4698"},"modified":"2023-10-24T20:59:51","modified_gmt":"2023-10-24T19:59:51","slug":"finansiering","status":"publish","type":"page","link":"https:\/\/culton.org\/no\/prosjekt\/finansiering\/","title":{"rendered":"Finansiering"},"content":{"rendered":"\n<figure class=\"wp-block-image size-large is-resized\"><img loading=\"lazy\" decoding=\"async\" width=\"1024\" height=\"683\" src=\"https:\/\/culton.org\/wp-content\/uploads\/2022\/07\/funding-1024x683.jpg\" alt=\"\" class=\"wp-image-4665\" style=\"width:256px;height:171px\" srcset=\"https:\/\/culton.org\/wp-content\/uploads\/2022\/07\/funding-1024x683.jpg 1024w, https:\/\/culton.org\/wp-content\/uploads\/2022\/07\/funding-300x200.jpg 300w, https:\/\/culton.org\/wp-content\/uploads\/2022\/07\/funding-768x512.jpg 768w, https:\/\/culton.org\/wp-content\/uploads\/2022\/07\/funding-1536x1024.jpg 1536w, https:\/\/culton.org\/wp-content\/uploads\/2022\/07\/funding-2048x1366.jpg 2048w\" sizes=\"auto, (max-width: 1024px) 100vw, 1024px\" \/><\/figure>\n\n\n\n<p class=\"has-small-font-size\">Foto: <a rel=\"noreferrer noopener\" href=\"https:\/\/unsplash.com\/@micheile?utm_source=unsplash&amp;utm_medium=referral&amp;utm_content=creditCopyText\" target=\"_blank\">micheile dot com<\/a> p\u00e5 <a rel=\"noreferrer noopener\" href=\"https:\/\/unsplash.com\/photos\/ZVprbBmT8QA\" target=\"_blank\">Unsplash<\/a><\/p>\n\n\n\n<p>Prosjektet <strong>Culton <\/strong>vil bli organisert som en ideell stiftelse registrert i Norge, formelt etablert av initiativtaker <a rel=\"noreferrer noopener\" href=\"https:\/\/bi-o.no\/firmainfo\/\" target=\"_blank\"><strong>Bi-O AS<\/strong><\/a>, som ogs\u00e5 samler inn stiftelseskapitalen fra folkeinvesteringskampanjen p\u00e5 Spleis. Vi har avklart med relevante myndigheter; Skatteetaten, LottStift og Finanstilsynet (sak 22\/8395), at denne metoden er ok, og vil ogs\u00e5 f\u00e5 Bi-O&#8217;s regnskap revidert p\u00e5 dette punktet for \u00e5 sikre gjennomsiktighet i denne finansieringsoperasjonen av stiftelsens revisor, <strong><a rel=\"noreferrer noopener\" href=\"https:\/\/www.crowe.com\/\" target=\"_blank\">Crowe.<\/a><\/strong><\/p>\n\n\n\n<p><strong>Alle donasjoner g\u00e5r i sin helhet til stiftelsen (minus ca. 5 % gebyr til finansieringsplattformene), som s\u00e5 betaler for revisjon etter etableringen.<\/strong><\/p>\n\n\n\n<p>Minimumskravet for \u00e5 etablere en stiftelse i Norge er 100.000 kroner. Vi \u00f8nsker \u00e5 starte med det dobbelte fra starten av for \u00e5 ha litt \u00e5 g\u00e5 p\u00e5, og vi synes ogs\u00e5 det ville v\u00e6re fint med mange bidragsytere, siden det etablerer et bredt milj\u00f8 rundt prosjektet.<\/p>\n\n\n\n<p>N\u00e5r stiftelsen har f\u00e5tt org.nr., kan og vil den opprette egen donasjonsl\u00f8sning, s\u00e5 for de som \u00f8nsker \u00e5 bidra mer, kan dette i framtiden gj\u00f8res direkte.<\/p>\n\n\n\n<p>Alle som bidrar vil for alltid bli listet som medstiftere av dette prosjektet, med unntak av om gaver gis anonymt. <\/p>\n\n\n\n<p>For ordens skyld: Det f\u00f8lger ingen rettigheter eller forpliktelser vis-a-vis stiftelsen som f\u00f8lge av \u00e5 gi en gave til dette form\u00e5let. Det er stiftelsens styre som har det fulle ansvaret for driften f.o.m opprettelsen. <\/p>\n\n\n\n<p class=\"has-base-background-color has-background has-medium-font-size\"><strong>Bi-O fors\u00f8kte en kampanje p\u00e5 Spleis i 2022, men den innbragte kun i underkant av kr 7000,-. Selskapet har n\u00e5 en ny folkefinansieringskampanje som kalles Bi-O Stocks til flere av selskapets satsninger, inkludert opprettelsen av Culton Foundation. <a href=\"https:\/\/bi-o.no\/stocks\/\" target=\"_blank\" rel=\"noreferrer noopener\">G\u00e5 til Bi-O Stocks<\/a><\/strong><\/p>\n\n\n\n<div style=\"height:100px\" aria-hidden=\"true\" class=\"wp-block-spacer\"><\/div>\n","protected":false},"excerpt":{"rendered":"<p>Foto: micheile dot com p\u00e5 Unsplash Prosjektet Culton vil bli organisert som en ideell stiftelse registrert i Norge, formelt etablert av initiativtaker Bi-O AS, som ogs\u00e5 samler inn stiftelseskapitalen fra folkeinvesteringskampanjen p\u00e5 Spleis. Vi har avklart med relevante myndigheter; Skatteetaten, LottStift og Finanstilsynet (sak 22\/8395), at denne metoden er ok, og vil ogs\u00e5 f\u00e5 Bi-O&#8217;s &#8230; <a title=\"Finansiering\" class=\"read-more\" href=\"https:\/\/culton.org\/no\/prosjekt\/finansiering\/\" aria-label=\"Read more about Finansiering\">Les mer<\/a><\/p>\n","protected":false},"author":3,"featured_media":0,"parent":4702,"menu_order":4,"comment_status":"closed","ping_status":"closed","template":"","meta":{"_bbp_topic_count":0,"_bbp_reply_count":0,"_bbp_total_topic_count":0,"_bbp_total_reply_count":0,"_bbp_voice_count":0,"_bbp_anonymous_reply_count":0,"_bbp_topic_count_hidden":0,"_bbp_reply_count_hidden":0,"_bbp_forum_subforum_count":0,"_lmt_disableupdate":"","_lmt_disable":"","footnotes":""},"class_list":["post-4698","page","type-page","status-publish"],"_links":{"self":[{"href":"https:\/\/culton.org\/no\/wp-json\/wp\/v2\/pages\/4698","targetHints":{"allow":["GET"]}}],"collection":[{"href":"https:\/\/culton.org\/no\/wp-json\/wp\/v2\/pages"}],"about":[{"href":"https:\/\/culton.org\/no\/wp-json\/wp\/v2\/types\/page"}],"author":[{"embeddable":true,"href":"https:\/\/culton.org\/no\/wp-json\/wp\/v2\/users\/3"}],"replies":[{"embeddable":true,"href":"https:\/\/culton.org\/no\/wp-json\/wp\/v2\/comments?post=4698"}],"version-history":[{"count":121,"href":"https:\/\/culton.org\/no\/wp-json\/wp\/v2\/pages\/4698\/revisions"}],"predecessor-version":[{"id":13882,"href":"https:\/\/culton.org\/no\/wp-json\/wp\/v2\/pages\/4698\/revisions\/13882"}],"up":[{"embeddable":true,"href":"https:\/\/culton.org\/no\/wp-json\/wp\/v2\/pages\/4702"}],"wp:attachment":[{"href":"https:\/\/culton.org\/no\/wp-json\/wp\/v2\/media?parent=4698"}],"curies":[{"name":"wp","href":"https:\/\/api.w.org\/{rel}","templated":true}]}}