{"id":4689,"date":"2020-09-18T14:36:38","date_gmt":"2020-09-18T13:36:38","guid":{"rendered":"https:\/\/culton.org\/hjem\/"},"modified":"2024-01-22T21:54:21","modified_gmt":"2024-01-22T20:54:21","slug":"hjem","status":"publish","type":"page","link":"https:\/\/culton.org\/no\/","title":{"rendered":"Hjem"},"content":{"rendered":"<div class=\"gb-container gb-container-95f45c80\"><div class=\"gb-inside-container\">\n<div class=\"gb-grid-wrapper gb-grid-wrapper-779b14a4\">\n<div class=\"gb-grid-column gb-grid-column-60c49e70\"><div class=\"gb-container gb-container-60c49e70\"><div class=\"gb-inside-container\">\n\n<h1 class=\"gb-headline gb-headline-5a00549f gb-headline-text\">Genetisk mangfold for framtidens matproduksjon!<\/h1>\n\n<\/div><\/div><\/div>\n<\/div>\n<\/div><\/div>\n\n<div class=\"gb-container gb-container-4a1ed703\"><div class=\"gb-inside-container\">\n<div class=\"gb-grid-wrapper gb-grid-wrapper-2f58ca26\">\n<div class=\"gb-grid-column gb-grid-column-e033eea6\"><div class=\"gb-container gb-container-e033eea6\"><div class=\"gb-inside-container\">\n\n<p style=\"font-size:30px\">Biologisk mangfold gir mulighet for lokal tilpasning. Vi kan dyrke vindruer i Norge eller tomater i Sibir. Viktigst av alt trenger vi genetisk mangfold for \u00e5 kunne tilpasse oss klimaendringene. For \u00e5 utvikle nye sorter, er vi avhengige av et stort register \u00e5 velge fra. Eldre stabile sorter, inkludert lokaltilpassede landsorter, er en viktig del av dette mangfoldet. <\/p>\n\n\n\n<p style=\"font-size:30px\">Vi inviterer deg til \u00e5 delta i v\u00e5rt arbeide med \u00e5 samle dette mangfoldet. Sammen kan vi utveksle bilder og observasjoner, samt informasjon om vekstvilk\u00e5r og sykdommer. Vi lager en kilde til kunnskap for effektiv dyrking og utveksling av fr\u00f8, planter og dyr. La oss bygge Culton &#8211; den f\u00f8rste samlede kultonomien.<\/p>\n\n<\/div><\/div><\/div>\n\n<div class=\"gb-grid-column gb-grid-column-adfdc0a3\"><div class=\"gb-container gb-container-adfdc0a3\"><div class=\"gb-inside-container\">\n\n<figure class=\"wp-block-image size-large left-align\"><img loading=\"lazy\" decoding=\"async\" width=\"1024\" height=\"722\" src=\"https:\/\/culton.org\/wp-content\/uploads\/2022\/08\/12-sunchokes-1024x722.jpg\" alt=\"\" class=\"wp-image-7402\" srcset=\"https:\/\/culton.org\/wp-content\/uploads\/2022\/08\/12-sunchokes-1024x722.jpg 1024w, https:\/\/culton.org\/wp-content\/uploads\/2022\/08\/12-sunchokes-300x212.jpg 300w, https:\/\/culton.org\/wp-content\/uploads\/2022\/08\/12-sunchokes-768x542.jpg 768w, https:\/\/culton.org\/wp-content\/uploads\/2022\/08\/12-sunchokes.jpg 1460w\" sizes=\"auto, (max-width: 1024px) 100vw, 1024px\" \/><figcaption class=\"wp-element-caption\"><em><a href=\"https:\/\/bi-o.no\/2021\/09\/19\/kryssing-av-nye-jordskokkvarianter\/\" target=\"_blank\" rel=\"noreferrer noopener\">Utvikling av nye jordskokksorter<\/a> som b\u00e5de kan dyrkes n\u00e6rmere polene og har mindre knudrete form.<\/em><\/figcaption><\/figure>\n\n<\/div><\/div><\/div>\n<\/div>\n<\/div><\/div>\n\n<div class=\"gb-container gb-container-40a405db\"><div class=\"gb-inside-container\">\n<div class=\"gb-grid-wrapper gb-grid-wrapper-1cc769e3\">\n<div class=\"gb-grid-column gb-grid-column-01274536\"><div class=\"gb-container gb-container-01274536\"><div class=\"gb-inside-container\">\n\n<h2 class=\"gb-headline gb-headline-9d6052bb gb-headline-text\" id=\"bioantrosfaeren\">Potensialet i b\u00e6rekraftig mangfold<\/h2>\n\n\n\n<p class=\"has-medium-font-size\">Enkeltmennesker, foreninger og sm\u00e5bedrifter som arbeider med dyrking av mat og andre produkter fra naturen, er b\u00e6rere av kunnskaper og ferdigheter av vital betydning for menneskehetens eksistens. Over halvparten av menneskeheten fors\u00f8ker \u00e5 f\u00e5 sine behov dekket basert p\u00e5 tradisjonelle metoder uten bruk av pestisider, insektisider eller kunstgj\u00f8dsel.  <\/p>\n\n\n\n<p class=\"has-medium-font-size\">Selv om moderne industrielt landbruk har overtatt mye av produksjonen, er det mange, b\u00e5de i fattige og rike omr\u00e5der som vet at disse tradisjonene b\u00e6rer et enormt potensiale for \u00e5 bidra til framtidens b\u00e6rekraftige produksjon av livsn\u00f8dvendige r\u00e5varer. Dersom dette potensialet skal utl\u00f8ses, m\u00e5 disse dyrkerne f\u00e5 hjelp av teknologi, og ikke minst: gode strukturerte data over alle kultiverte livsformer. <\/p>\n\n\n<div class=\"gb-button-wrapper gb-button-wrapper-8cae97c2\">\n\n<a class=\"gb-button gb-button-63590c2b\" href=\"\/no\/prosjekt\/#bidraget\"><span class=\"gb-button-text\">Les mer<\/span><span class=\"gb-icon\"><svg xmlns=\"http:\/\/www.w3.org\/2000\/svg\" viewBox=\"0 0 256 512\" width=\"1em\" height=\"1em\" aria-hidden=\"true\"><path d=\"M224.3 273l-136 136c-9.4 9.4-24.6 9.4-33.9 0l-22.6-22.6c-9.4-9.4-9.4-24.6 0-33.9l96.4-96.4-96.4-96.4c-9.4-9.4-9.4-24.6 0-33.9L54.3 103c9.4-9.4 24.6-9.4 33.9 0l136 136c9.5 9.4 9.5 24.6.1 34z\" fill=\"currentColor\"><\/path><\/svg><\/span><\/a>\n\n<\/div>\n<\/div><\/div><\/div>\n\n<div class=\"gb-grid-column gb-grid-column-95dea228\"><div class=\"gb-container gb-container-95dea228\"><div class=\"gb-inside-container\">\n\n<figure class=\"wp-block-image left-align\"><img loading=\"lazy\" decoding=\"async\" width=\"1280\" height=\"850\" src=\"https:\/\/culton.org\/wp-content\/uploads\/2022\/07\/1280px-Terraced_fields_Sa_Pa_Vietnam.jpg\" alt=\"\" class=\"wp-image-5215\" srcset=\"https:\/\/culton.org\/wp-content\/uploads\/2022\/07\/1280px-Terraced_fields_Sa_Pa_Vietnam.jpg 1280w, https:\/\/culton.org\/wp-content\/uploads\/2022\/07\/1280px-Terraced_fields_Sa_Pa_Vietnam-300x199.jpg 300w, https:\/\/culton.org\/wp-content\/uploads\/2022\/07\/1280px-Terraced_fields_Sa_Pa_Vietnam-1024x680.jpg 1024w, https:\/\/culton.org\/wp-content\/uploads\/2022\/07\/1280px-Terraced_fields_Sa_Pa_Vietnam-768x510.jpg 768w\" sizes=\"auto, (max-width: 1280px) 100vw, 1280px\" \/><figcaption class=\"wp-element-caption\"><em>Foto: Konstantin Krismer, <a rel=\"noreferrer noopener\" href=\"https:\/\/creativecommons.org\/licenses\/by\/3.0\" target=\"_blank\">CC BY 3.0<\/a>, via <a rel=\"noreferrer noopener\" href=\"https:\/\/commons.wikimedia.org\/wiki\/File:Terraced_fields_Sa_Pa_Vietnam.JPG\" target=\"_blank\">Wikimedia Commons<\/a><\/em><\/figcaption><\/figure>\n\n<\/div><\/div><\/div>\n<\/div>\n<\/div><\/div>\n\n<div class=\"gb-container gb-container-38152ee1\"><div class=\"gb-inside-container\">\n<div class=\"gb-grid-wrapper gb-grid-wrapper-f08f8ee5\">\n<div class=\"gb-grid-column gb-grid-column-c10ba244\"><div class=\"gb-container gb-container-c10ba244\"><div class=\"gb-inside-container\">\n\n<h2 class=\"gb-headline gb-headline-23fa3db0 gb-headline-text\" id=\"taksonomi\">Culton &#8211; en samlet oversikt over verdens domestiserte organismer<\/h2>\n\n\n\n<p class=\"has-medium-font-size\">Det eksisterer ingen samlet katalog over plantekultivarer (ofte kalt sorter), dyreraser og stammer av mikroorganismer. Kun spesialiserte fagsystemer og kataloger fra kommersielle akt\u00f8rer. <\/p>\n\n\n\n<p class=\"has-medium-font-size\"><strong>Vi trenger \u00e9n fullstendig og oppdatert kilde med strukturert informasjon, gratis tilgjengelig for alltid. Slik kan alle finne varianter med de egenskaper som trengs for \u00e5 bygge lokalt tilpassede b\u00e6rekraftige produksjonssystemer. <\/strong><\/p>\n\n\n\n<p class=\"has-medium-font-size\">Stiftelsen Culton etablerer prosesser for innsamling, kvalitetssikring og deling av kultonomiske data. Kunnskap for videreutvikling av nye kultivarer og raser, oppformering, og dyrking for mat og andre produkter. <\/p>\n\n\n<div class=\"gb-button-wrapper gb-button-wrapper-17cbb58a\">\n\n<a class=\"gb-button gb-button-a80d5948\" href=\"\/no\/prosjekt\/#l\u00f8sningen\"><span class=\"gb-button-text\">Les mer<\/span><span class=\"gb-icon\"><svg xmlns=\"http:\/\/www.w3.org\/2000\/svg\" viewBox=\"0 0 256 512\" width=\"1em\" height=\"1em\" aria-hidden=\"true\"><path d=\"M224.3 273l-136 136c-9.4 9.4-24.6 9.4-33.9 0l-22.6-22.6c-9.4-9.4-9.4-24.6 0-33.9l96.4-96.4-96.4-96.4c-9.4-9.4-9.4-24.6 0-33.9L54.3 103c9.4-9.4 24.6-9.4 33.9 0l136 136c9.5 9.4 9.5 24.6.1 34z\" fill=\"currentColor\"><\/path><\/svg><\/span><\/a>\n\n<\/div>\n<\/div><\/div><\/div>\n\n<div class=\"gb-grid-column gb-grid-column-9fb76fe0\"><div class=\"gb-container gb-container-9fb76fe0\"><div class=\"gb-inside-container\">\n\n<figure class=\"wp-block-image size-full left-align\"><img loading=\"lazy\" decoding=\"async\" width=\"980\" height=\"715\" src=\"https:\/\/culton.org\/wp-content\/uploads\/2022\/08\/apples-data.jpg\" alt=\"\" class=\"wp-image-8897\" srcset=\"https:\/\/culton.org\/wp-content\/uploads\/2022\/08\/apples-data.jpg 980w, https:\/\/culton.org\/wp-content\/uploads\/2022\/08\/apples-data-300x219.jpg 300w, https:\/\/culton.org\/wp-content\/uploads\/2022\/08\/apples-data-768x560.jpg 768w\" sizes=\"auto, (max-width: 980px) 100vw, 980px\" \/><figcaption class=\"wp-element-caption\"><em>Illustrasjon av Bi-O basert p\u00e5 foto fra&nbsp;<\/em><a rel=\"noreferrer noopener\" href=\"https:\/\/www.pexels.com\/photo\/low-angle-view-of-green-apples-on-tree-4854957\/\" target=\"_blank\"><em>Fluxx Films p\u00e5 Pexel<\/em><\/a><\/figcaption><\/figure>\n\n<\/div><\/div><\/div>\n<\/div>\n<\/div><\/div>\n\n<div class=\"gb-container gb-container-c8da4ba6\"><div class=\"gb-inside-container\">\n<div class=\"gb-grid-wrapper gb-grid-wrapper-a367fb26\">\n<div class=\"gb-grid-column gb-grid-column-2254e75a\"><div class=\"gb-container gb-container-2254e75a\"><div class=\"gb-inside-container\">\n\n<h2 class=\"gb-headline gb-headline-a98049b6 gb-headline-text\" id=\"taksonomi\">Del dine bilder og erfaringer med verdens dyrkere<\/h2>\n\n\n\n<p class=\"has-medium-font-size\">En viktig del av prosjektet er billedsamlingen. Med et \u00e5pent og fritt tilgjengelig fotoarkiv basert p\u00e5 Creative Commons, kan vi sammenligne og beskrive egenskaper  presist, og bygge effektive billeds\u00f8k.<\/p>\n\n\n\n<p class=\"has-medium-font-size\">Dine erfaringer fra dyrking i ditt n\u00e6rmilj\u00f8, med sitt unike jordsmonn, lokalklima og lokal flora og fauna, vil v\u00e6re viktige for \u00e5 bygge opp Cultons sortsbeskrivelser.<\/p>\n\n\n<div class=\"gb-button-wrapper gb-button-wrapper-c56c6780\">\n\n<a class=\"gb-button gb-button-35c1883f\" href=\"\/no\/prosjekt\/#bilder\"><span class=\"gb-button-text\">Les mer<\/span><span class=\"gb-icon\"><svg xmlns=\"http:\/\/www.w3.org\/2000\/svg\" viewBox=\"0 0 256 512\" width=\"1em\" height=\"1em\" aria-hidden=\"true\"><path d=\"M224.3 273l-136 136c-9.4 9.4-24.6 9.4-33.9 0l-22.6-22.6c-9.4-9.4-9.4-24.6 0-33.9l96.4-96.4-96.4-96.4c-9.4-9.4-9.4-24.6 0-33.9L54.3 103c9.4-9.4 24.6-9.4 33.9 0l136 136c9.5 9.4 9.5 24.6.1 34z\" fill=\"currentColor\"><\/path><\/svg><\/span><\/a>\n\n<\/div>\n<\/div><\/div><\/div>\n\n<div class=\"gb-grid-column gb-grid-column-1d84398f\"><div class=\"gb-container gb-container-1d84398f\"><div class=\"gb-inside-container\">\n\n<figure class=\"wp-block-image left-align\"><img loading=\"lazy\" decoding=\"async\" width=\"2269\" height=\"2560\" src=\"https:\/\/culton.org\/wp-content\/uploads\/2022\/07\/photographer-scaled.jpg\" alt=\"\" class=\"wp-image-4667\" srcset=\"https:\/\/culton.org\/wp-content\/uploads\/2022\/07\/photographer-scaled.jpg 2269w, https:\/\/culton.org\/wp-content\/uploads\/2022\/07\/photographer-266x300.jpg 266w, https:\/\/culton.org\/wp-content\/uploads\/2022\/07\/photographer-907x1024.jpg 907w, https:\/\/culton.org\/wp-content\/uploads\/2022\/07\/photographer-768x867.jpg 768w, https:\/\/culton.org\/wp-content\/uploads\/2022\/07\/photographer-1361x1536.jpg 1361w, https:\/\/culton.org\/wp-content\/uploads\/2022\/07\/photographer-1815x2048.jpg 1815w\" sizes=\"auto, (max-width: 2269px) 100vw, 2269px\" \/><figcaption class=\"wp-element-caption\"><em>Foto:&nbsp;<\/em><a rel=\"noreferrer noopener\" href=\"https:\/\/unsplash.com\/@nicolasladinosilva?utm_source=unsplash&amp;utm_medium=referral&amp;utm_content=creditCopyText\" target=\"_blank\"><em>Nicolas Ladino Silva<\/em><\/a><em>&nbsp;p\u00e5&nbsp;<\/em><a rel=\"noreferrer noopener\" href=\"https:\/\/unsplash.com\/s\/photos\/photographer-plant?utm_source=unsplash&amp;utm_medium=referral&amp;utm_content=creditCopyText\" target=\"_blank\"><em>Unsplash<\/em><\/a><\/figcaption><\/figure>\n\n<\/div><\/div><\/div>\n<\/div>\n<\/div><\/div>\n\n<div class=\"gb-container gb-container-f81f7181\"><div class=\"gb-inside-container\">\n<div class=\"gb-grid-wrapper gb-grid-wrapper-26b5a83b\">\n<div class=\"gb-grid-column gb-grid-column-1ff8fef1\"><div class=\"gb-container gb-container-1ff8fef1\"><div class=\"gb-inside-container\">\n\n<h2 class=\"gb-headline gb-headline-604a7a23 gb-headline-text\" id=\"taksonomi\">CultonX &#8211; utveksling av biologisk materiale<\/h2>\n\n\n\n<p class=\"has-medium-font-size\">I tillegg til \u00e5 sikre allmenn fri tilgang til samlingen av generell informasjon gjennom Culton-databasen, tilbyr vi en markedsplass der brukerne kan utveksle fr\u00f8, planter og dyr for \u00e5 utvikle sine dyrkingssystemer. Dette utvikles som en separat tjeneste kalt CultonX, som skal eies og drives av et selskap med samme navn. M\u00e5lene med dette er:<\/p>\n\n\n\n<ul class=\"wp-block-list\">\n<li><span style=\"background-color: var(--base-3); color: var(--contrast);\">teste ut nye varianter hos mange dyrkere<\/span><\/li>\n\n\n\n<li>bidra til at flere utvikler nye varianter<\/li>\n\n\n\n<li>spore og stoppe utbrudd av sykdommer<\/li>\n\n\n\n<li>opplyse om regler for import og spredning<\/li>\n\n\n\n<li>skape inntekter for \u00e5 finansiere utviklingen og st\u00f8tten til b\u00e5de Culton og CultonX<\/li>\n<\/ul>\n\n\n<div class=\"gb-button-wrapper gb-button-wrapper-6fffe3c6\">\n\n<a class=\"gb-button gb-button-5cb4773c\" href=\"\/no\/organisasjon\/cultonx\/\"><span class=\"gb-button-text\">Les mer<\/span><span class=\"gb-icon\"><svg xmlns=\"http:\/\/www.w3.org\/2000\/svg\" viewBox=\"0 0 256 512\" width=\"1em\" height=\"1em\" aria-hidden=\"true\"><path d=\"M224.3 273l-136 136c-9.4 9.4-24.6 9.4-33.9 0l-22.6-22.6c-9.4-9.4-9.4-24.6 0-33.9l96.4-96.4-96.4-96.4c-9.4-9.4-9.4-24.6 0-33.9L54.3 103c9.4-9.4 24.6-9.4 33.9 0l136 136c9.5 9.4 9.5 24.6.1 34z\" fill=\"currentColor\"><\/path><\/svg><\/span><\/a>\n\n<\/div>\n<\/div><\/div><\/div>\n\n<div class=\"gb-grid-column gb-grid-column-5d637f4e\"><div class=\"gb-container gb-container-5d637f4e\"><div class=\"gb-inside-container\">\n\n<figure class=\"wp-block-image size-full is-resized left-align\"><img loading=\"lazy\" decoding=\"async\" width=\"600\" height=\"450\" src=\"https:\/\/culton.org\/wp-content\/uploads\/2023\/01\/cultonx-logo-white.png\" alt=\"\" class=\"wp-image-10119\" style=\"width:300px;height:225px\" srcset=\"https:\/\/culton.org\/wp-content\/uploads\/2023\/01\/cultonx-logo-white.png 600w, https:\/\/culton.org\/wp-content\/uploads\/2023\/01\/cultonx-logo-white-300x225.png 300w\" sizes=\"auto, (max-width: 600px) 100vw, 600px\" \/><figcaption class=\"wp-element-caption\"><em>Illustrasjon: CultonX<\/em> <em>AS<\/em><\/figcaption><\/figure>\n\n<\/div><\/div><\/div>\n<\/div>\n<\/div><\/div>\n\n<div class=\"gb-container gb-container-0e755bff\"><div class=\"gb-inside-container\">\n<div class=\"gb-grid-wrapper gb-grid-wrapper-470a570c\">\n<div class=\"gb-grid-column gb-grid-column-039f0101\"><div class=\"gb-container gb-container-039f0101\"><div class=\"gb-inside-container\">\n\n<h2 class=\"gb-headline gb-headline-010aaeac gb-headline-text\" id=\"losning\">Introduserer et reformert navnesystem for dyrkede organismer<\/h2>\n\n\n\n<p class=\"has-medium-font-size\">Vi gj\u00f8r en ting til. Vi baserer prosjektet p\u00e5 en lenge foresl\u00e5tt reform innen systematikk-vitenskapen: en selvstendig kultonomi basert p\u00e5 begrepet kulton.<\/p>\n\n\n\n<p class=\"has-medium-font-size\">De fleste kjenner den s\u00e5kalt binomiale navnestrukturen for arter i naturen, som ble utviklet av Carl von Linn\u00e9 p\u00e5 1700-tallet. Dette brukes ogs\u00e5 som grunnlag for kultivarer, og en gulrotkultivar skrives f.eks. p\u00e5 f\u00f8lgende form: Daucus carota \u2018Kultivarnavn\u2019.<\/p>\n\n\n\n<p class=\"has-medium-font-size\">Men denne m\u00e5tene \u00e5 lage kultivarnavn er problematisk, bl.a. fordi kultivarene ofte er utviklet s\u00e5 langt fra de naturlige formene gjennom hybridisering mellom arter at \u00e5 velge kun ett vitenskapelig navn i beste fall er en halvsannhet. I tillegg forandrer kultivarnavn seg ofte fordi biologene oppdager nye evolusjon\u00e6re sammenhenger gjennom genkartlegging.<\/p>\n\n\n\n<p class=\"has-medium-font-size\">Siden Culton-prosjektet er uavhengig b\u00e5de \u00f8konomisk og faglig, benytter vi n\u00e5 denne unike muligheten vi har for \u00e5 sl\u00e5 et slag for denne reformen.<\/p>\n\n\n<div class=\"gb-button-wrapper gb-button-wrapper-98308880\">\n\n<a class=\"gb-button gb-button-717e5039\" href=\"\/no\/systematikk\/cultons-tilnarming\/\"><span class=\"gb-button-text\">Les mer<\/span><span class=\"gb-icon\"><svg xmlns=\"http:\/\/www.w3.org\/2000\/svg\" viewBox=\"0 0 256 512\" width=\"1em\" height=\"1em\" aria-hidden=\"true\"><path d=\"M224.3 273l-136 136c-9.4 9.4-24.6 9.4-33.9 0l-22.6-22.6c-9.4-9.4-9.4-24.6 0-33.9l96.4-96.4-96.4-96.4c-9.4-9.4-9.4-24.6 0-33.9L54.3 103c9.4-9.4 24.6-9.4 33.9 0l136 136c9.5 9.4 9.5 24.6.1 34z\" fill=\"currentColor\"><\/path><\/svg><\/span><\/a>\n\n<\/div>\n<\/div><\/div><\/div>\n\n<div class=\"gb-grid-column gb-grid-column-a38f18b6\"><div class=\"gb-container gb-container-a38f18b6\"><div class=\"gb-inside-container\">\n<div class=\"wp-block-image left-align\">\n<figure class=\"aligncenter size-large\"><img loading=\"lazy\" decoding=\"async\" width=\"1024\" height=\"911\" src=\"https:\/\/culton.org\/wp-content\/uploads\/2023\/03\/taxon-relevanse-culton-illustrasjon-1-1024x911.png\" alt=\"\" class=\"wp-image-12373\" srcset=\"https:\/\/culton.org\/wp-content\/uploads\/2023\/03\/taxon-relevanse-culton-illustrasjon-1-1024x911.png 1024w, https:\/\/culton.org\/wp-content\/uploads\/2023\/03\/taxon-relevanse-culton-illustrasjon-1-300x267.png 300w, https:\/\/culton.org\/wp-content\/uploads\/2023\/03\/taxon-relevanse-culton-illustrasjon-1-768x683.png 768w, https:\/\/culton.org\/wp-content\/uploads\/2023\/03\/taxon-relevanse-culton-illustrasjon-1.png 1200w\" sizes=\"auto, (max-width: 1024px) 100vw, 1024px\" \/><figcaption class=\"wp-element-caption\"><em>Illustrasjon: <em>CultonX<\/em> AS<\/em><\/figcaption><\/figure>\n<\/div>\n<\/div><\/div><\/div>\n<\/div>\n<\/div><\/div>\n\n\n<p class=\"has-small-font-size\"><em>Foto \u00f8verst av&nbsp;<\/em><a href=\"https:\/\/unsplash.com\/es\/@vklee?utm_source=unsplash&amp;utm_medium=referral&amp;utm_content=creditCopyText\" target=\"_blank\" rel=\"noreferrer noopener\"><em>Vince Lee<\/em><\/a><em>&nbsp;p\u00e5&nbsp;<a rel=\"noreferrer noopener\" href=\"https:\/\/unsplash.com\/es\/fotos\/gwT4rs_xlUA\" target=\"_blank\">Unsplash<\/a>, under av <a rel=\"noreferrer noopener\" href=\"https:\/\/unsplash.com\/@danimillington\" target=\"_blank\">Dani Millington<\/a> p\u00e5 <a rel=\"noreferrer noopener\" href=\"https:\/\/unsplash.com\/photos\/J6EpY43_1jg\" target=\"_blank\">Unsplash<\/a><\/em><\/p>\n\n\n<div class=\"gb-container gb-container-39bfdacb\" id=\"honer\"><div class=\"gb-inside-container\">\n<div class=\"gb-button-wrapper gb-button-wrapper-ce59c7c7\">\n\n<a class=\"gb-button gb-button-a3e3ab09\" href=\"https:\/\/culton.org\/no\/finansiering\/\"><span class=\"gb-button-text\">Folkefinansiering<\/span><span class=\"gb-icon\"><svg xmlns=\"http:\/\/www.w3.org\/2000\/svg\" viewBox=\"0 0 256 512\" width=\"1em\" height=\"1em\" aria-hidden=\"true\"><path d=\"M224.3 273l-136 136c-9.4 9.4-24.6 9.4-33.9 0l-22.6-22.6c-9.4-9.4-9.4-24.6 0-33.9l96.4-96.4-96.4-96.4c-9.4-9.4-9.4-24.6 0-33.9L54.3 103c9.4-9.4 24.6-9.4 33.9 0l136 136c9.5 9.4 9.5 24.6.1 34z\" fill=\"currentColor\"><\/path><\/svg><\/span><\/a>\n\n<\/div>\n\n\n<p><\/p>\n\n\n\n<h2 class=\"gb-headline gb-headline-e982b89b gb-headline-text\">v\u00e6r med p\u00e5 \u00e5 etablere stiftelsen<\/h2>\n\n<\/div><\/div>\n\n<div class=\"gb-container gb-container-d5a1ef1d\"><div class=\"gb-inside-container\">\n\n<p class=\"gb-headline gb-headline-63189cf8\"><span class=\"gb-icon\"><svg xmlns=\"http:\/\/www.w3.org\/2000\/svg\" viewBox=\"0 0 36.7 3\"><path d=\"M0 0h36.7v3H0z\"><\/path><\/svg><\/span><span class=\"gb-headline-text\">partnerE<\/span><\/p>\n\n\n<div class=\"gb-grid-wrapper gb-grid-wrapper-efee85a4\">\n<div class=\"gb-grid-column gb-grid-column-5563a2fe\"><div class=\"gb-container gb-container-5563a2fe\"><div class=\"gb-inside-container\">\n<div class=\"wp-block-image\">\n<figure class=\"aligncenter size-full is-resized\"><a href=\"\/no\/organisasjon\/partnere\/#gbif\"><img loading=\"lazy\" decoding=\"async\" width=\"602\" height=\"256\" src=\"https:\/\/culton.org\/wp-content\/uploads\/2022\/08\/gbif-no.png\" alt=\"\" class=\"wp-image-7249\" style=\"width:301px;height:128px\" srcset=\"https:\/\/culton.org\/wp-content\/uploads\/2022\/08\/gbif-no.png 602w, https:\/\/culton.org\/wp-content\/uploads\/2022\/08\/gbif-no-300x128.png 300w\" sizes=\"auto, (max-width: 602px) 100vw, 602px\" \/><\/a><figcaption class=\"wp-element-caption\">\t\t\t\t\t\t<\/figcaption><\/figure>\n<\/div>\n<\/div><\/div><\/div>\n\n<div class=\"gb-grid-column gb-grid-column-de0576d9\"><div class=\"gb-container gb-container-de0576d9\"><div class=\"gb-inside-container\">\n<div class=\"wp-block-image\">\n<figure class=\"aligncenter size-full is-resized\"><a href=\"\/no\/partnere\/#bi-o\"><img loading=\"lazy\" decoding=\"async\" width=\"80\" height=\"80\" src=\"https:\/\/culton.org\/wp-content\/uploads\/2022\/07\/bi-o-logo-bright-80.png\" alt=\"\" class=\"wp-image-4643\" style=\"width:83px;height:83px\"\/><\/a><figcaption class=\"wp-element-caption\">\t\t\t\t\t\t<\/figcaption><\/figure>\n<\/div>\n<\/div><\/div><\/div>\n\n<div class=\"gb-grid-column gb-grid-column-748383b4\"><div class=\"gb-container gb-container-748383b4\"><div class=\"gb-inside-container\">\n<div class=\"wp-block-image\">\n<figure class=\"aligncenter size-full is-resized\"><a href=\"\/no\/partnere\/#cultonx\"><img loading=\"lazy\" decoding=\"async\" width=\"600\" height=\"450\" src=\"https:\/\/culton.org\/wp-content\/uploads\/2023\/01\/cultonx-logo-white.png\" alt=\"\" class=\"wp-image-10119\" style=\"width:150px;height:113px\" srcset=\"https:\/\/culton.org\/wp-content\/uploads\/2023\/01\/cultonx-logo-white.png 600w, https:\/\/culton.org\/wp-content\/uploads\/2023\/01\/cultonx-logo-white-300x225.png 300w\" sizes=\"auto, (max-width: 600px) 100vw, 600px\" \/><\/a><\/figure>\n<\/div>\n<\/div><\/div><\/div>\n<\/div>\n<\/div><\/div>","protected":false},"excerpt":{"rendered":"<p>Foto \u00f8verst av&nbsp;Vince Lee&nbsp;p\u00e5&nbsp;Unsplash, under av Dani Millington p\u00e5 Unsplash v\u00e6r med p\u00e5 \u00e5 etablere stiftelsen partnerE<\/p>\n","protected":false},"author":3,"featured_media":0,"parent":0,"menu_order":0,"comment_status":"closed","ping_status":"closed","template":"","meta":{"_bbp_topic_count":0,"_bbp_reply_count":0,"_bbp_total_topic_count":0,"_bbp_total_reply_count":0,"_bbp_voice_count":0,"_bbp_anonymous_reply_count":0,"_bbp_topic_count_hidden":0,"_bbp_reply_count_hidden":0,"_bbp_forum_subforum_count":0,"_lmt_disableupdate":"","_lmt_disable":"","footnotes":""},"class_list":["post-4689","page","type-page","status-publish"],"_links":{"self":[{"href":"https:\/\/culton.org\/no\/wp-json\/wp\/v2\/pages\/4689","targetHints":{"allow":["GET"]}}],"collection":[{"href":"https:\/\/culton.org\/no\/wp-json\/wp\/v2\/pages"}],"about":[{"href":"https:\/\/culton.org\/no\/wp-json\/wp\/v2\/types\/page"}],"author":[{"embeddable":true,"href":"https:\/\/culton.org\/no\/wp-json\/wp\/v2\/users\/3"}],"replies":[{"embeddable":true,"href":"https:\/\/culton.org\/no\/wp-json\/wp\/v2\/comments?post=4689"}],"version-history":[{"count":438,"href":"https:\/\/culton.org\/no\/wp-json\/wp\/v2\/pages\/4689\/revisions"}],"predecessor-version":[{"id":13931,"href":"https:\/\/culton.org\/no\/wp-json\/wp\/v2\/pages\/4689\/revisions\/13931"}],"wp:attachment":[{"href":"https:\/\/culton.org\/no\/wp-json\/wp\/v2\/media?parent=4689"}],"curies":[{"name":"wp","href":"https:\/\/api.w.org\/{rel}","templated":true}]}}