{"id":12587,"date":"2023-04-01T11:54:06","date_gmt":"2023-04-01T10:54:06","guid":{"rendered":"https:\/\/culton.org\/?page_id=12587"},"modified":"2023-09-02T09:33:29","modified_gmt":"2023-09-02T08:33:29","slug":"regulering","status":"publish","type":"page","link":"https:\/\/culton.org\/no\/data\/regulering\/","title":{"rendered":"Regulering"},"content":{"rendered":"\n<p><strong>Disse dataene gjelder de juridiske systemene som styrer \u00e5ndsverk (rettigheter for sortsutviklere, vedlikeholdere osv.), restriksjoner p\u00e5 import\/eksport mellom geografiske regioner av hensyn til helse, biologisk mangfold etc.<\/strong><\/p>\n\n\n\n<figure class=\"wp-block-image size-large left-align\"><img loading=\"lazy\" decoding=\"async\" width=\"1024\" height=\"420\" src=\"https:\/\/culton.org\/wp-content\/uploads\/2023\/04\/pexels-thisisengineering-3912479-1-1024x420.jpg\" alt=\"\" class=\"wp-image-13322\" srcset=\"https:\/\/culton.org\/wp-content\/uploads\/2023\/04\/pexels-thisisengineering-3912479-1-1024x420.jpg 1024w, https:\/\/culton.org\/wp-content\/uploads\/2023\/04\/pexels-thisisengineering-3912479-1-300x123.jpg 300w, https:\/\/culton.org\/wp-content\/uploads\/2023\/04\/pexels-thisisengineering-3912479-1-768x315.jpg 768w, https:\/\/culton.org\/wp-content\/uploads\/2023\/04\/pexels-thisisengineering-3912479-1-1536x630.jpg 1536w, https:\/\/culton.org\/wp-content\/uploads\/2023\/04\/pexels-thisisengineering-3912479-1-2048x840.jpg 2048w\" sizes=\"auto, (max-width: 1024px) 100vw, 1024px\" \/><figcaption class=\"wp-element-caption\">Foto: <a rel=\"noreferrer noopener\" href=\"https:\/\/www.pexels.com\/photo\/scientist-checking-crops-in-laboratory-3912479\/\" target=\"_blank\">ThisIsEngineering<\/a><\/figcaption><\/figure>\n\n\n\n<h2 class=\"wp-block-heading\">Kilder<\/h2>\n\n\n\n<ul class=\"wp-block-list\">\n<li><strong>UPOV<\/strong>:&nbsp;<a rel=\"noreferrer noopener\" href=\"https:\/\/www.upov.int\/portal\/index.html.en\" target=\"_blank\">https:\/\/www.upov.int\/portal\/index.html.en<\/a><\/li>\n\n\n\n<li>Relevante myndigheter i alle jurisdiksjoner systemet v\u00e5rt skal betjene \n<ul class=\"wp-block-list\">\n<li>Norge: <a href=\"https:\/\/www.mattilsynet.no\/sok\/?search=import+\" target=\"_blank\" rel=\"noreferrer noopener\">Mattilsynet om import<\/a><\/li>\n\n\n\n<li>Portaler om andre land:\n<ul class=\"wp-block-list\">\n<li><a rel=\"noreferrer noopener\" href=\"https:\/\/www.pda.org\/scientific-and-regulatory-affairs\/regulatory-resources\/global-regulatory-authority-websites\" target=\"_blank\">Global Regulatory Authority Websites (pda.org)<\/a><\/li>\n\n\n\n<li><a href=\"https:\/\/www.canada.ca\/en\/health-canada\/services\/drugs-health-products\/compliance-enforcement\/legislation-regulatory-amendments\/incorporation-by-reference\/list-foreign-countries.html\">List of Foreign Countries or Regions and Their Regulatory Authorities for the Application of Subsection C.02.019(5) of the Food and Drug Regulations &#8211; Canada.ca<\/a><\/li>\n\n\n\n<li><a href=\"https:\/\/en.wikipedia.org\/wiki\/List_of_food_safety_organisations\">List of food safety organisations &#8211; Wikipedia<\/a><\/li>\n\n\n\n<li><a href=\"https:\/\/www.raps.org\/regulatory-focus\/news-articles\/2015\/4\/the-essential-list-of-regulatory-authorities-in-asia\">The Essential List of Regulatory Authorities in Asia | RAPS<\/a><\/li>\n<\/ul>\n<\/li>\n<\/ul>\n<\/li>\n<\/ul>\n\n\n\n<p>Vi har bare s\u00e5 vidt begynt \u00e5 lete her, s\u00e5 hvis noen har gode tips, er det hjertelig velkomment.<\/p>\n\n\n\n<p class=\"has-global-color-8-color has-base-background-color has-text-color has-background\"><a href=\"\/no\/data\/tips-om-datakilde\/\"><strong>Tips oss om kilder<\/strong><\/a><\/p>\n\n\n\n<h2 class=\"wp-block-heading\">Metode<\/h2>\n\n\n\n<p>Disse datasettene vil v\u00e6re vanskelige \u00e5 bygge p\u00e5 grunn av kompleksiteten til oppgaven, og fordi feltet er i endring. Begge gj\u00f8r tilgang til og vedlikehold av data vanskelig.<\/p>\n\n\n\n<p>Det er til hovedgrupper av data her:<\/p>\n\n\n\n<ol class=\"wp-block-list\">\n<li>immaterielle rettigheter (oppdrettere\/vedlikeholdsholdere\/produsentrettigheter etc), som er knyttet til enkeltkultivarer og dermed m\u00e5 brytes ned til det niv\u00e5et i v\u00e5r database<\/li>\n\n\n\n<li>restriksjoner p\u00e5 import\/eksport mellom geografiske regioner av hensyn til helse, biologisk mangfold etc., som er knyttet til arten og dermed avlinger\/husdyr\/mikroorganismeniv\u00e5et i v\u00e5r database<\/li>\n<\/ol>\n\n\n\n<h3 class=\"wp-block-heading\">En tentativ metode ang\u00e5ende \u00e5ndsverk:<\/h3>\n\n\n\n<ol class=\"wp-block-list\">\n<li>Opprette datautvekslingsl\u00f8sning med UPOV for dette. V\u00e5rt argument til dem vil v\u00e6re at vi bygger et system for amat\u00f8rer og sm\u00e5 og mellomstore bedrifter, med brukere som ofte ikke vet mye om oppdrettere\/vedlikeholdere\/produsenters rettigheter og trenger \u00e5 beskytte disse, og \u00e5 utdanne dem gjennom deres bruk av Culton vil v\u00e6re en stor seier for UPOV med denne respekten.<\/li>\n\n\n\n<li>Bygge et datautvekslingssystem som holder systemet v\u00e5rt oppdatert med s\u00e5 mye automatisering som mulig<\/li>\n<\/ol>\n\n\n\n<h3 class=\"wp-block-heading\">En tentativ metode for restriksjoner p\u00e5 import\/eksport mellom geografiske regioner:<\/h3>\n\n\n\n<ol class=\"wp-block-list\">\n<li>Opprette datautvekslingsl\u00f8sning med myndigheter i alle jurisdiksjoner Culton- og CultonX-systemene skal v\u00e6re tilgjengelige i<\/li>\n\n\n\n<li>Bygge interne prosedyrer for \u00e5 normalisere og holde slike data opp mot data, noe som vil v\u00e6re en enorm oppgave, fordi man ikke kan forvente at slike data leveres p\u00e5 noen m\u00e5te i n\u00e6rheten av en standardisert m\u00e5te.<\/li>\n<\/ol>\n\n\n\n<h2 class=\"wp-block-heading\">Data<\/h2>\n\n\n\n<p><\/p>\n\n\n\n<p class=\"has-global-color-8-color has-base-background-color has-text-color has-background\">V\u00e5r f\u00f8rste betaversjon av sjekklistetjenesten vil kj\u00f8re fra <strong><a href=\"https:\/\/beta.culton.org\/\">beta.culton.org<\/a><\/strong>. Her p\u00e5 culton.org er det <a href=\"\/no\/data\/datasett\/\" data-type=\"URL\" data-id=\"\/no\/data\/datasett\/\">utviklingsdatasett<\/a>, for det meste i regnearkformat, kun for intern diskusjon og tilgang begrenset til p\u00e5loggede deltakere i prosjektet. Dersom det er lagt ut slike data, lenkes det dit under her:<\/p>\n\n\n\n<div style=\"height:100px\" aria-hidden=\"true\" class=\"wp-block-spacer\"><\/div>\n","protected":false},"excerpt":{"rendered":"<p>Disse dataene gjelder de juridiske systemene som styrer \u00e5ndsverk (rettigheter for sortsutviklere, vedlikeholdere osv.), restriksjoner p\u00e5 import\/eksport mellom geografiske regioner av hensyn til helse, biologisk mangfold etc. Kilder Vi har bare s\u00e5 vidt begynt \u00e5 lete her, s\u00e5 hvis noen har gode tips, er det hjertelig velkomment. Metode Disse datasettene vil v\u00e6re vanskelige \u00e5 bygge &#8230; <a title=\"Regulering\" class=\"read-more\" href=\"https:\/\/culton.org\/no\/data\/regulering\/\" aria-label=\"Read more about Regulering\">Les mer<\/a><\/p>\n","protected":false},"author":3,"featured_media":0,"parent":7998,"menu_order":6,"comment_status":"closed","ping_status":"closed","template":"","meta":{"_bbp_topic_count":0,"_bbp_reply_count":0,"_bbp_total_topic_count":0,"_bbp_total_reply_count":0,"_bbp_voice_count":0,"_bbp_anonymous_reply_count":0,"_bbp_topic_count_hidden":0,"_bbp_reply_count_hidden":0,"_bbp_forum_subforum_count":0,"_lmt_disableupdate":"","_lmt_disable":"","footnotes":""},"class_list":["post-12587","page","type-page","status-publish"],"_links":{"self":[{"href":"https:\/\/culton.org\/no\/wp-json\/wp\/v2\/pages\/12587","targetHints":{"allow":["GET"]}}],"collection":[{"href":"https:\/\/culton.org\/no\/wp-json\/wp\/v2\/pages"}],"about":[{"href":"https:\/\/culton.org\/no\/wp-json\/wp\/v2\/types\/page"}],"author":[{"embeddable":true,"href":"https:\/\/culton.org\/no\/wp-json\/wp\/v2\/users\/3"}],"replies":[{"embeddable":true,"href":"https:\/\/culton.org\/no\/wp-json\/wp\/v2\/comments?post=12587"}],"version-history":[{"count":28,"href":"https:\/\/culton.org\/no\/wp-json\/wp\/v2\/pages\/12587\/revisions"}],"predecessor-version":[{"id":13813,"href":"https:\/\/culton.org\/no\/wp-json\/wp\/v2\/pages\/12587\/revisions\/13813"}],"up":[{"embeddable":true,"href":"https:\/\/culton.org\/no\/wp-json\/wp\/v2\/pages\/7998"}],"wp:attachment":[{"href":"https:\/\/culton.org\/no\/wp-json\/wp\/v2\/media?parent=12587"}],"curies":[{"name":"wp","href":"https:\/\/api.w.org\/{rel}","templated":true}]}}