{"id":12058,"date":"2023-03-28T22:19:41","date_gmt":"2023-03-28T21:19:41","guid":{"rendered":"https:\/\/culton.org\/?page_id=12058"},"modified":"2023-09-02T09:31:27","modified_gmt":"2023-09-02T08:31:27","slug":"egenskaper","status":"publish","type":"page","link":"https:\/\/culton.org\/no\/data\/egenskaper\/","title":{"rendered":"Egenskaper"},"content":{"rendered":"\n<p><strong>I tillegg til de tre viktigste &laquo;kjerne&raquo;-datasettene ovenfor, er det et annet like viktig datasett som beskriver alle typer egenskaper, spesielt de som varierer innenfor en avling\/husdyr\/mikroorganisme: grunnlaget for hvorfor vi behandler dem som kultivarer (og raser og stammer) i utgangspunktet. \u00c5 finne og strukturere denne typen data for alle verdens domestiserte organismer er en overveldende oppgave, og vil v\u00e6re et hovedm\u00e5l for stiftelsens aktivitet.<\/strong><\/p>\n\n\n\n<figure class=\"wp-block-image size-large left-align\"><img loading=\"lazy\" decoding=\"async\" width=\"1024\" height=\"528\" src=\"https:\/\/culton.org\/wp-content\/uploads\/2023\/04\/cropontology-apple-1024x528.png\" alt=\"\" class=\"wp-image-13301\" srcset=\"https:\/\/culton.org\/wp-content\/uploads\/2023\/04\/cropontology-apple-1024x528.png 1024w, https:\/\/culton.org\/wp-content\/uploads\/2023\/04\/cropontology-apple-300x155.png 300w, https:\/\/culton.org\/wp-content\/uploads\/2023\/04\/cropontology-apple-768x396.png 768w, https:\/\/culton.org\/wp-content\/uploads\/2023\/04\/cropontology-apple-1536x791.png 1536w, https:\/\/culton.org\/wp-content\/uploads\/2023\/04\/cropontology-apple.png 1572w\" sizes=\"auto, (max-width: 1024px) 100vw, 1024px\" \/><figcaption class=\"wp-element-caption\">Eksempel p\u00e5 egenskapsontologi for standardisert kartlegging ifm epleavl. Skjermbilde fra <a rel=\"noreferrer noopener\" href=\"https:\/\/cropontology.org\/ontology\/CO_370\" target=\"_blank\"><strong>cropontology.org<\/strong><\/a><\/figcaption><\/figure>\n\n\n\n<h2 class=\"wp-block-heading\">Kilder<\/h2>\n\n\n\n<p>Kilder vi bruker n\u00e5: <\/p>\n\n\n\n<ul class=\"wp-block-list\">\n<li><strong>Crop Ontology<\/strong>: <a rel=\"noreferrer noopener\" href=\"https:\/\/cropontology.org\/page\/CropCodes\" target=\"_blank\">https:\/\/cropontology.org\/<\/a><\/li>\n\n\n\n<li><strong>Bioversity<\/strong>: <a rel=\"noreferrer noopener\" href=\"https:\/\/www.bioversityinternational.org\/e-library\/publications\/detail\/descripteurs-de-passeport-multi-cultures-faobioversity-v21\/\" target=\"_blank\">https:\/\/www.bioversityinternational.org\/e-library\/publications\/detail\/descripteurs-de-passeport-multi-cultures-faobioversity-v21\/<\/a><\/li>\n\n\n\n<li><strong>CropTrust&#8217;s Genesys<\/strong>: <a href=\"https:\/\/www.genesys-pgr.org\/descriptorlists\/overview\">Descriptor lists (genesys-pgr.org)<\/a><\/li>\n\n\n\n<li><strong>The Czech genebank<\/strong>: <a rel=\"noreferrer noopener\" href=\"https:\/\/grinczech.vurv.cz\/gringlobal\/search.aspx\" target=\"_blank\">https:\/\/grinczech.vurv.cz\/gringlobal\/search.aspx<\/a><\/li>\n<\/ul>\n\n\n\n<p class=\"has-global-color-8-color has-base-background-color has-text-color has-background\"><a href=\"\/no\/data\/tips-om-datakilde\/\"><strong>Tips oss om kilder<\/strong><\/a><\/p>\n\n\n\n<h2 class=\"wp-block-heading\">Metode<\/h2>\n\n\n\n<p>Vi vet enn\u00e5 ikke hvor detaljert vi trenger \u00e5 bygge egenskapssystemet for at det skal tjene form\u00e5let med Culton-sjekklisten. Den viktigste informasjonen om dyrking, lagring og bruk (s\u00e5temperatur, jordtypepreferanse, lys\/m\u00f8rke ifm spiring, h\u00f8stemetode, lagringsmetode osv.) er \u00e5penbart n\u00f8dvendig. Men det er s\u00e5 mange datapunkter man kan m\u00e5le at det kan v\u00e6re ganske overveldende. Mange av systemene vi ser p\u00e5 er utviklet for forsknings- og avlsform\u00e5l, s\u00e5 det vil v\u00e6re n\u00f8dvendig \u00e5 trekke ut de viktigste egenskapene.<\/p>\n\n\n\n<p>Det strukturelle m\u00e5let er \u00e5 lage \u00e9n enkelt liste over egenskaper (med vedvarende UUID-er) og deretter en m\u00e5te for systemet \u00e5 bruke bare de relevante egenskapene for hver organisme eller gruppe av organismer n\u00e5r disse beskrives. For eksempel er egenskapene som beskriver fruktfarge eller potetsykdommer ikke relevans for gulr\u00f8tter, mens rotform, rotfarge og gulrotsykdommer har det. Det er ingen vits i et system som p\u00e5 en m\u00e5te forventer irrelevante data.<\/p>\n\n\n\n<p>Det er \u00e5penbart noen egenskaper som er relevante for alle organismer, som opprinnelse, habitat osv. Disse kan lagres i hovedsymbiotabellen hvor alle avlinger\/husdyr\/mikroorganismer lagres.<\/p>\n\n\n\n<p>De &laquo;symbioavhengige&raquo; egenskapene lagres bedre i separate tabeller slik at disse kan bygges uten denne forventningen om irrelevante data, og tabellene kan dermed bygges mindre og lettere vedlikeholdes. Dataene i disse tabellene vil v\u00e6re de faktiske diskriptordataene for kultivarer, for eksempel fruktfarge, modningstid, lagringsevne osv. for epler.<\/p>\n\n\n\n<p>Metoden v\u00e5r vil i utgangspunktet se slik ut:<\/p>\n\n\n\n<ol class=\"wp-block-list\">\n<li>lag den f\u00f8rste versjonen av kjerne-egenskapene som skal lagres direkte i tabellen for avlinger\/husdyr\/mikroorganismer (symbiotabellen som vi kaller den teknisk sett)<\/li>\n\n\n\n<li>fyll den listen med tilgjengelige data for de avlinger\/husdyr\/mikroorganismer vi har identifisert<\/li>\n\n\n\n<li>begynn \u00e5 bygge separate egenskapslister for avlinger\/husdyr\/mikroorganismer basert p\u00e5 en sammenligning av deskriptorsystemene vi har funnet, og behold referansene til disse i tabellene<\/li>\n\n\n\n<li>for alle egenskaper vi dermed inkorporerer i systemet, vil den totale listen over egenskaper vokse, hver gitt sin unike ID (UUID)<\/li>\n\n\n\n<li>n\u00e5r systemet blir offentliggjort, vil vi kunne invitere brukerne til \u00e5 bidra med data og faktisk h\u00e5ndtere disse dataene p\u00e5 en strukturert m\u00e5te, siden rammeverket er klart<\/li>\n<\/ol>\n\n\n\n<h2 class=\"wp-block-heading\">Data<\/h2>\n\n\n\n<p class=\"has-global-color-8-color has-base-background-color has-text-color has-background\">V\u00e5r f\u00f8rste betaversjon av sjekklistetjenesten vil kj\u00f8re fra <strong><a href=\"https:\/\/beta.culton.org\/\">beta.culton.org<\/a><\/strong>. Her p\u00e5 culton.org er det <a href=\"\/no\/data\/datasett\/\" data-type=\"URL\" data-id=\"\/no\/data\/datasett\/\">utviklingsdatasett<\/a>, for det meste i regnearkformat, kun for intern diskusjon og tilgang begrenset til p\u00e5loggede deltakere i prosjektet. Dersom det er lagt ut slike data, lenkes det dit under her:<\/p>\n\n\n\n<div style=\"height:100px\" aria-hidden=\"true\" class=\"wp-block-spacer\"><\/div>\n","protected":false},"excerpt":{"rendered":"<p>I tillegg til de tre viktigste &laquo;kjerne&raquo;-datasettene ovenfor, er det et annet like viktig datasett som beskriver alle typer egenskaper, spesielt de som varierer innenfor en avling\/husdyr\/mikroorganisme: grunnlaget for hvorfor vi behandler dem som kultivarer (og raser og stammer) i utgangspunktet. \u00c5 finne og strukturere denne typen data for alle verdens domestiserte organismer er en &#8230; <a title=\"Egenskaper\" class=\"read-more\" href=\"https:\/\/culton.org\/no\/data\/egenskaper\/\" aria-label=\"Read more about Egenskaper\">Les mer<\/a><\/p>\n","protected":false},"author":3,"featured_media":0,"parent":7998,"menu_order":4,"comment_status":"closed","ping_status":"closed","template":"","meta":{"_bbp_topic_count":0,"_bbp_reply_count":0,"_bbp_total_topic_count":0,"_bbp_total_reply_count":0,"_bbp_voice_count":0,"_bbp_anonymous_reply_count":0,"_bbp_topic_count_hidden":0,"_bbp_reply_count_hidden":0,"_bbp_forum_subforum_count":0,"_lmt_disableupdate":"no","_lmt_disable":"","footnotes":""},"class_list":["post-12058","page","type-page","status-publish"],"_links":{"self":[{"href":"https:\/\/culton.org\/no\/wp-json\/wp\/v2\/pages\/12058","targetHints":{"allow":["GET"]}}],"collection":[{"href":"https:\/\/culton.org\/no\/wp-json\/wp\/v2\/pages"}],"about":[{"href":"https:\/\/culton.org\/no\/wp-json\/wp\/v2\/types\/page"}],"author":[{"embeddable":true,"href":"https:\/\/culton.org\/no\/wp-json\/wp\/v2\/users\/3"}],"replies":[{"embeddable":true,"href":"https:\/\/culton.org\/no\/wp-json\/wp\/v2\/comments?post=12058"}],"version-history":[{"count":47,"href":"https:\/\/culton.org\/no\/wp-json\/wp\/v2\/pages\/12058\/revisions"}],"predecessor-version":[{"id":13811,"href":"https:\/\/culton.org\/no\/wp-json\/wp\/v2\/pages\/12058\/revisions\/13811"}],"up":[{"embeddable":true,"href":"https:\/\/culton.org\/no\/wp-json\/wp\/v2\/pages\/7998"}],"wp:attachment":[{"href":"https:\/\/culton.org\/no\/wp-json\/wp\/v2\/media?parent=12058"}],"curies":[{"name":"wp","href":"https:\/\/api.w.org\/{rel}","templated":true}]}}