{"id":11805,"date":"2023-03-28T11:57:54","date_gmt":"2023-03-28T10:57:54","guid":{"rendered":"https:\/\/culton.org\/?page_id=11805"},"modified":"2023-04-03T15:44:54","modified_gmt":"2023-04-03T14:44:54","slug":"bruk","status":"publish","type":"page","link":"https:\/\/culton.org\/no\/data\/bruk\/","title":{"rendered":"Bruk"},"content":{"rendered":"\n<p><strong>Det finnes lite systematiserte data p\u00e5 dette, s\u00e5 langt vi har greid \u00e5 finne ut, og det vi har funnet m\u00e5 enten ekstraheres ut av sammenhengen eller tolkes i sammenligning med sett fra andre kilder. Vi tar utgangspunkt i det vi finner og bruker s\u00e5 v\u00e5r egen erfaring med domestiserte organismer og utvikler disse dataene i dialogen med brukerne og moderatorteamet.<\/strong><\/p>\n\n\n\n<figure class=\"wp-block-image size-large left-align\"><img loading=\"lazy\" decoding=\"async\" width=\"1024\" height=\"546\" src=\"https:\/\/culton.org\/wp-content\/uploads\/2023\/04\/maarten-van-den-heuvel-EzH46XCDQRY-unsplash-1024x546.jpg\" alt=\"\" class=\"wp-image-13310\" srcset=\"https:\/\/culton.org\/wp-content\/uploads\/2023\/04\/maarten-van-den-heuvel-EzH46XCDQRY-unsplash-1024x546.jpg 1024w, https:\/\/culton.org\/wp-content\/uploads\/2023\/04\/maarten-van-den-heuvel-EzH46XCDQRY-unsplash-300x160.jpg 300w, https:\/\/culton.org\/wp-content\/uploads\/2023\/04\/maarten-van-den-heuvel-EzH46XCDQRY-unsplash-768x410.jpg 768w, https:\/\/culton.org\/wp-content\/uploads\/2023\/04\/maarten-van-den-heuvel-EzH46XCDQRY-unsplash-1536x820.jpg 1536w, https:\/\/culton.org\/wp-content\/uploads\/2023\/04\/maarten-van-den-heuvel-EzH46XCDQRY-unsplash-2048x1093.jpg 2048w\" sizes=\"auto, (max-width: 1024px) 100vw, 1024px\" \/><figcaption class=\"wp-element-caption\">Foto: <a href=\"https:\/\/unsplash.com\/@mvdheuvel?utm_source=unsplash&amp;utm_medium=referral&amp;utm_content=creditCopyText\">Maarten van den Heuvel<\/a>, <a href=\"https:\/\/unsplash.com\/photos\/EzH46XCDQRY?utm_source=unsplash&amp;utm_medium=referral&amp;utm_content=creditCopyText\">Unsplash<\/a><\/figcaption><\/figure>\n\n\n\n<h2 class=\"wp-block-heading\">Kilder<\/h2>\n\n\n\n<p>Kilder vi bruker n\u00e5: <\/p>\n\n\n\n<p>(kommer)<\/p>\n\n\n\n<p class=\"has-global-color-8-color has-base-background-color has-text-color has-background\"><a href=\"\/no\/data\/tips-om-datakilde\/\"><strong>Tips oss om kilder<\/strong><\/a><\/p>\n\n\n\n<h2 class=\"wp-block-heading\">Metode<\/h2>\n\n\n\n<p><\/p>\n\n\n\n<h2 class=\"wp-block-heading\">Data<\/h2>\n\n\n\n<p class=\"has-global-color-8-color has-base-background-color has-text-color has-background\">V\u00e5r f\u00f8rste betaversjon av sjekklistetjenesten vil kj\u00f8re fra <strong><a href=\"https:\/\/beta.culton.org\/\">beta.culton.org<\/a><\/strong>. Her p\u00e5 culton.org er det <a href=\"\/no\/data\/datasett\/\" data-type=\"URL\" data-id=\"\/no\/data\/datasett\/\">utviklingsdatasett<\/a>, for det meste i regnearkformat, kun for intern diskusjon og tilgang begrenset til p\u00e5loggede deltakere i prosjektet. Dersom det er lagt ut slike data, lenkes det dit under her:<\/p>\n\n\n\n<p> <\/p>\n\n\n\n<div style=\"height:100px\" aria-hidden=\"true\" class=\"wp-block-spacer\"><\/div>\n","protected":false},"excerpt":{"rendered":"<p>Det finnes lite systematiserte data p\u00e5 dette, s\u00e5 langt vi har greid \u00e5 finne ut, og det vi har funnet m\u00e5 enten ekstraheres ut av sammenhengen eller tolkes i sammenligning med sett fra andre kilder. Vi tar utgangspunkt i det vi finner og bruker s\u00e5 v\u00e5r egen erfaring med domestiserte organismer og utvikler disse dataene &#8230; <a title=\"Bruk\" class=\"read-more\" href=\"https:\/\/culton.org\/no\/data\/bruk\/\" aria-label=\"Read more about Bruk\">Les mer<\/a><\/p>\n","protected":false},"author":3,"featured_media":0,"parent":7998,"menu_order":5,"comment_status":"closed","ping_status":"closed","template":"","meta":{"_bbp_topic_count":0,"_bbp_reply_count":0,"_bbp_total_topic_count":0,"_bbp_total_reply_count":0,"_bbp_voice_count":0,"_bbp_anonymous_reply_count":0,"_bbp_topic_count_hidden":0,"_bbp_reply_count_hidden":0,"_bbp_forum_subforum_count":0,"_lmt_disableupdate":"no","_lmt_disable":"","footnotes":""},"class_list":["post-11805","page","type-page","status-publish"],"_links":{"self":[{"href":"https:\/\/culton.org\/no\/wp-json\/wp\/v2\/pages\/11805","targetHints":{"allow":["GET"]}}],"collection":[{"href":"https:\/\/culton.org\/no\/wp-json\/wp\/v2\/pages"}],"about":[{"href":"https:\/\/culton.org\/no\/wp-json\/wp\/v2\/types\/page"}],"author":[{"embeddable":true,"href":"https:\/\/culton.org\/no\/wp-json\/wp\/v2\/users\/3"}],"replies":[{"embeddable":true,"href":"https:\/\/culton.org\/no\/wp-json\/wp\/v2\/comments?post=11805"}],"version-history":[{"count":19,"href":"https:\/\/culton.org\/no\/wp-json\/wp\/v2\/pages\/11805\/revisions"}],"predecessor-version":[{"id":13315,"href":"https:\/\/culton.org\/no\/wp-json\/wp\/v2\/pages\/11805\/revisions\/13315"}],"up":[{"embeddable":true,"href":"https:\/\/culton.org\/no\/wp-json\/wp\/v2\/pages\/7998"}],"wp:attachment":[{"href":"https:\/\/culton.org\/no\/wp-json\/wp\/v2\/media?parent=11805"}],"curies":[{"name":"wp","href":"https:\/\/api.w.org\/{rel}","templated":true}]}}