{"id":11197,"date":"2023-03-17T07:39:00","date_gmt":"2023-03-17T06:39:00","guid":{"rendered":"https:\/\/culton.org\/?page_id=11197"},"modified":"2023-04-07T13:14:17","modified_gmt":"2023-04-07T12:14:17","slug":"avlingstype-husdyr-mikroorganisme","status":"publish","type":"page","link":"https:\/\/culton.org\/no\/data\/avlingstype-husdyr-mikroorganisme\/","title":{"rendered":"Avlingstype\/Husdyr\/Mikroorganisme"},"content":{"rendered":"\n<p><strong>Avlingstype\/husdyr\/mikroorganisme som en systematisk kategori er hovedgrupper av domestiserte (+de sankede\/jaktede\/fiskede) organismene, skrevet i vanlig spr\u00e5k: gulrot, sau, yoghurtbakterier, eple, hund, etc. Tabellen for dem m\u00e5 dermed ogs\u00e5 inneholde oversettelser til de spr\u00e5k vi tilrettelegger for.<\/strong><\/p>\n\n\n\n<figure class=\"wp-block-image is-resized left-align\"><img loading=\"lazy\" decoding=\"async\" src=\"https:\/\/culton.org\/wp-content\/uploads\/2023\/04\/alex-hudson-m3I92SgM3Mk-unsplash-1024x683.jpg\" alt=\"\" class=\"wp-image-13268\" width=\"768\" height=\"512\" srcset=\"https:\/\/culton.org\/wp-content\/uploads\/2023\/04\/alex-hudson-m3I92SgM3Mk-unsplash-1024x683.jpg 1024w, https:\/\/culton.org\/wp-content\/uploads\/2023\/04\/alex-hudson-m3I92SgM3Mk-unsplash-300x200.jpg 300w, https:\/\/culton.org\/wp-content\/uploads\/2023\/04\/alex-hudson-m3I92SgM3Mk-unsplash-768x512.jpg 768w, https:\/\/culton.org\/wp-content\/uploads\/2023\/04\/alex-hudson-m3I92SgM3Mk-unsplash-1536x1024.jpg 1536w, https:\/\/culton.org\/wp-content\/uploads\/2023\/04\/alex-hudson-m3I92SgM3Mk-unsplash-2048x1365.jpg 2048w\" sizes=\"auto, (max-width: 768px) 100vw, 768px\" \/><figcaption class=\"wp-element-caption\">Photo by <a href=\"https:\/\/unsplash.com\/@aliffhassan91?utm_source=unsplash&amp;utm_medium=referral&amp;utm_content=creditCopyText\">Alex Hudson<\/a> on <a href=\"https:\/\/unsplash.com\/photos\/m3I92SgM3Mk?utm_source=unsplash&amp;utm_medium=referral&amp;utm_content=creditCopyText\">Unsplash<\/a><\/figcaption><\/figure>\n\n\n\n<h2 class=\"wp-block-heading\">Kilder<\/h2>\n\n\n\n<p>Vi \u00f8nsker \u00e5 bygge denne tabellen slik at den er mest mulig i samsvar med tilsvarende eksisterende terminologi og evt. ogs\u00e5 koder. Problemet er at det er mange systemer og koder med kun noe grad av overlapp. Vi har sammenlignet noen av dem grundig:<\/p>\n\n\n\n<ul class=\"wp-block-list\">\n<li>FAO: <a rel=\"noreferrer noopener\" href=\"https:\/\/www.fao.org\/world-census-agriculture\/wcarounds\/wca2020\/en\/\" target=\"_blank\">https:\/\/www.fao.org\/world-census-agriculture\/wcarounds\/wca2020\/en\/<\/a> (Vol.1 s.170)<\/li>\n\n\n\n<li>Crop Ontology: <a rel=\"noreferrer noopener\" href=\"https:\/\/cropontology.org\/page\/CropCodes\" target=\"_blank\">https:\/\/cropontology.org\/page\/CropCodes<\/a><\/li>\n\n\n\n<li>CropTrust&#8217;s Genesys: <a href=\"https:\/\/www.genesys-pgr.org\/c\/\" target=\"_blank\" rel=\"noreferrer noopener\">https:\/\/www.genesys-pgr.org\/c\/<\/a><\/li>\n\n\n\n<li>The Czech genebank: <a rel=\"noreferrer noopener\" href=\"https:\/\/grinczech.vurv.cz\/gringlobal\/search.aspx\" target=\"_blank\">https:\/\/grinczech.vurv.cz\/gringlobal\/search.aspx<\/a><\/li>\n<\/ul>\n\n\n\n<p class=\"has-global-color-8-color has-base-background-color has-text-color has-background\"><a href=\"\/no\/data\/tips-om-datakilde\/\"><strong>Tips oss om kilder<\/strong><\/a><\/p>\n\n\n\n<h2 class=\"wp-block-heading\">Metode<\/h2>\n\n\n\n<p>P\u00e5 grunn av mangelen p\u00e5 standardisering av denne typen data, kan man velge tre veier:<\/p>\n\n\n\n<ol class=\"wp-block-list\">\n<li>Velge en eksisterende standard og holde seg til den<\/li>\n\n\n\n<li>Lage noe nytt for eget form\u00e5l<\/li>\n\n\n\n<li>Pr\u00f8ve \u00e5 sl\u00e5 sammen de eksisterende standardene p\u00e5 en inkluderende m\u00e5te<\/li>\n<\/ol>\n\n\n\n<p>Vi skal gj\u00f8re det siste, og for \u00e5 gj\u00f8re det har vi<\/p>\n\n\n\n<ol class=\"wp-block-list\">\n<li>hentet navnene som er i bruk fra de fire kildene ovenfor (ofte ved \u00e5 trekke ut, sammenligne og rense data)<\/li>\n\n\n\n<li>normalisert og sl\u00e5tt sammen dataene<\/li>\n\n\n\n<li>beholdt referansene til kildene i egne kolonner<\/li>\n\n\n\n<li>etablert et synonymsystem for \u00e5 tillate oppf\u00f8ringer av lignende navn som egentlig betyr det samme<\/li>\n\n\n\n<li>gitt alle oppf\u00f8ringer unike ID-er (persistente UUID-er)<\/li>\n<\/ol>\n\n\n\n<p>Da blir v\u00e5r metode \u00e5 ganske enkelt utvide organisk derfra etter hvert som vi trenger nye oppf\u00f8ringer. De listene vi har sett p\u00e5 fokuserer p\u00e5 de \u00f8konomisk sett viktigste organismene, men v\u00e5rt m\u00e5l er \u00e5 omfavne s\u00e5 mange nytteorganismer som mulig.<\/p>\n\n\n\n<h2 class=\"wp-block-heading\">Data<\/h2>\n\n\n\n<p class=\"has-global-color-8-color has-base-background-color has-text-color has-background\">V\u00e5r f\u00f8rste betaversjon av sjekklistetjenesten vil kj\u00f8re fra <strong><a href=\"https:\/\/beta.culton.org\/\">beta.culton.org<\/a><\/strong>. Her p\u00e5 culton.org er det <a href=\"\/no\/data\/datasett\/\" data-type=\"URL\" data-id=\"\/no\/data\/datasett\/\">utviklingsdatasett<\/a>, for det meste i regnearkformat, kun for intern diskusjon og tilgang begrenset til p\u00e5loggede deltakere i prosjektet. Dersom det er lagt ut slike data, lenkes det dit under her:<\/p>\n\n\n\n<div style=\"height:100px\" aria-hidden=\"true\" class=\"wp-block-spacer\"><\/div>\n","protected":false},"excerpt":{"rendered":"<p>Avlingstype\/husdyr\/mikroorganisme som en systematisk kategori er hovedgrupper av domestiserte (+de sankede\/jaktede\/fiskede) organismene, skrevet i vanlig spr\u00e5k: gulrot, sau, yoghurtbakterier, eple, hund, etc. Tabellen for dem m\u00e5 dermed ogs\u00e5 inneholde oversettelser til de spr\u00e5k vi tilrettelegger for. Kilder Vi \u00f8nsker \u00e5 bygge denne tabellen slik at den er mest mulig i samsvar med tilsvarende eksisterende terminologi &#8230; <a title=\"Avlingstype\/Husdyr\/Mikroorganisme\" class=\"read-more\" href=\"https:\/\/culton.org\/no\/data\/avlingstype-husdyr-mikroorganisme\/\" aria-label=\"Read more about Avlingstype\/Husdyr\/Mikroorganisme\">Les mer<\/a><\/p>\n","protected":false},"author":3,"featured_media":0,"parent":7998,"menu_order":1,"comment_status":"closed","ping_status":"closed","template":"","meta":{"_bbp_topic_count":0,"_bbp_reply_count":0,"_bbp_total_topic_count":0,"_bbp_total_reply_count":0,"_bbp_voice_count":0,"_bbp_anonymous_reply_count":0,"_bbp_topic_count_hidden":0,"_bbp_reply_count_hidden":0,"_bbp_forum_subforum_count":0,"_lmt_disableupdate":"no","_lmt_disable":"","footnotes":""},"class_list":["post-11197","page","type-page","status-publish"],"_links":{"self":[{"href":"https:\/\/culton.org\/no\/wp-json\/wp\/v2\/pages\/11197","targetHints":{"allow":["GET"]}}],"collection":[{"href":"https:\/\/culton.org\/no\/wp-json\/wp\/v2\/pages"}],"about":[{"href":"https:\/\/culton.org\/no\/wp-json\/wp\/v2\/types\/page"}],"author":[{"embeddable":true,"href":"https:\/\/culton.org\/no\/wp-json\/wp\/v2\/users\/3"}],"replies":[{"embeddable":true,"href":"https:\/\/culton.org\/no\/wp-json\/wp\/v2\/comments?post=11197"}],"version-history":[{"count":55,"href":"https:\/\/culton.org\/no\/wp-json\/wp\/v2\/pages\/11197\/revisions"}],"predecessor-version":[{"id":13746,"href":"https:\/\/culton.org\/no\/wp-json\/wp\/v2\/pages\/11197\/revisions\/13746"}],"up":[{"embeddable":true,"href":"https:\/\/culton.org\/no\/wp-json\/wp\/v2\/pages\/7998"}],"wp:attachment":[{"href":"https:\/\/culton.org\/no\/wp-json\/wp\/v2\/media?parent=11197"}],"curies":[{"name":"wp","href":"https:\/\/api.w.org\/{rel}","templated":true}]}}