{"id":10605,"date":"2023-03-13T13:00:38","date_gmt":"2023-03-13T12:00:38","guid":{"rendered":"https:\/\/culton.org\/?page_id=10605"},"modified":"2023-09-02T09:27:27","modified_gmt":"2023-09-02T08:27:27","slug":"kultivar","status":"publish","type":"page","link":"https:\/\/culton.org\/no\/data\/kultivar\/","title":{"rendered":"Kultivar (\/rase\/stamme)"},"content":{"rendered":"\n<p><strong>Dette er hovedfokuset i Culton-prosjektet, grunniv\u00e5et i databasen og \u00e5rsaken til at prosjektet eksisterer. \u00c5 utvikle \u00e5 vedlikeholde sjekklisten vil v\u00e6re en kontinuerlig prosess som forh\u00e5pentligvis involverer en stor gruppe frivillige moderatorer og forh\u00e5pentligvis ogs\u00e5 noen betalte medarbeidere etter hvert.<\/strong><\/p>\n\n\n\n<figure class=\"wp-block-image size-large left-align\"><img loading=\"lazy\" decoding=\"async\" width=\"1024\" height=\"568\" src=\"https:\/\/culton.org\/wp-content\/uploads\/2023\/04\/hannah-lim-U6nlG0Y5sfs-unsplash-1024x568.jpg\" alt=\"\" class=\"wp-image-13294\" srcset=\"https:\/\/culton.org\/wp-content\/uploads\/2023\/04\/hannah-lim-U6nlG0Y5sfs-unsplash-1024x568.jpg 1024w, https:\/\/culton.org\/wp-content\/uploads\/2023\/04\/hannah-lim-U6nlG0Y5sfs-unsplash-300x166.jpg 300w, https:\/\/culton.org\/wp-content\/uploads\/2023\/04\/hannah-lim-U6nlG0Y5sfs-unsplash-768x426.jpg 768w, https:\/\/culton.org\/wp-content\/uploads\/2023\/04\/hannah-lim-U6nlG0Y5sfs-unsplash-1536x852.jpg 1536w, https:\/\/culton.org\/wp-content\/uploads\/2023\/04\/hannah-lim-U6nlG0Y5sfs-unsplash-2048x1136.jpg 2048w\" sizes=\"auto, (max-width: 1024px) 100vw, 1024px\" \/><figcaption class=\"wp-element-caption\">Foto: <a href=\"https:\/\/unsplash.com\/@hannah15198?utm_source=unsplash&amp;utm_medium=referral&amp;utm_content=creditCopyText\">Hannah Lim<\/a>, <a href=\"https:\/\/unsplash.com\/photos\/U6nlG0Y5sfs?utm_source=unsplash&amp;utm_medium=referral&amp;utm_content=creditCopyText\">Unsplash<\/a><\/figcaption><\/figure>\n\n\n\n<h2 class=\"wp-block-heading\">Kilder<\/h2>\n\n\n\n<p>Vi har i l\u00f8pet av tiden dette prosjektet har utviklet seg arbeidet med data fra sv\u00e6rt mange kilder. Da vi arbeidet innenfor rammen av oppdraget for planteforeningen KVANN, var det naturligvis data fra medlemmer som stod i fokus, s\u00e6rlig Stephen Barstows omfattende plantelister basert p\u00e5 mange \u00e5rs innhenting av data fra <strong><a rel=\"noreferrer noopener\" href=\"http:\/\/www.theplantlist.org\/\" target=\"_blank\">The Plantlist<\/a><\/strong>, <strong><a rel=\"noreferrer noopener\" href=\"https:\/\/pfaf.org\/user\/Default.aspx\" target=\"_blank\">Plants For a Future (PFAF)<\/a><\/strong> og mange andre kilder. I tillegg jobbet vi med data fra <strong><a rel=\"noreferrer noopener\" href=\"https:\/\/www.nibio.no\/tema\/mat\/plantegenetiske-ressurser\/bevaring-av-plantemateriale\/bevaring-i-klonarkiv-feltgenbank\/planteregister\" target=\"_blank\">de norske klonarkivene<\/a><\/strong>, samt et eldre sett fra <strong><a rel=\"noreferrer noopener\" href=\"https:\/\/sesto.nordgen.org\/sesto\/index.php?thm=sesto\" target=\"_blank\">Nordgens SESTO- database<\/a><\/strong>, som n\u00e5 ikke lenger vedlikeholdes etter at de gikk over til \u00e5 bruke <strong><a rel=\"noreferrer noopener\" href=\"https:\/\/www.nordic-baltic-genebanks.org\/gringlobal\/search.aspx\" target=\"_blank\">GRIN<\/a><\/strong>.<\/p>\n\n\n\n<p>Vi ser n\u00e5 p\u00e5 dette som en viktig erfaringsbakgrunn for \u00e5 avdekke de problemstillingene vi har m\u00e5ttet l\u00f8se for Culton-prosjektet, f\u00f8r vi kunne ta fatt p\u00e5 \u00e5 arbeide mer systematisk med \u00e5 bygge v\u00e5re datasett. Det var rett og slett s\u00e5 mange problemer knyttet til systematikk og navning, s\u00e5 mange uoverensstemmelser mellom datasettene, og ogs\u00e5 feil og inkonsekvenser innad i settene, at det var vanskelig \u00e5 vite hva man skulle stole p\u00e5. Faktisk var dette en av grunnene til at Culton-prosjektet oppstod i det hele tatt: behovet for \u00e5 samle alt dette og lage en skikkelig sjekkliste en gang for alle, og komme ut av den situasjonen at alle satt p\u00e5 hver sin tue og gjorde kollektivt sett dobbeltarbeide som dessuten er en stor feilkilde.<\/p>\n\n\n\n<p>Kilder vi bruker n\u00e5: <\/p>\n\n\n\n<ul class=\"wp-block-list\">\n<li><strong>CropTrust&#8217;s Genesys<\/strong>: <a rel=\"noreferrer noopener\" href=\"https:\/\/www.genesys-pgr.org\/a\/overview\" target=\"_blank\">https:\/\/www.genesys-pgr.org\/a\/overview<\/a><\/li>\n\n\n\n<li><strong>Eurisco<\/strong> <a href=\"https:\/\/eurisco.ipk-gatersleben.de\/apex\/eurisco_ws\/r\/eurisco\/home\">Home (ipk-gatersleben.de)<\/a><\/li>\n\n\n\n<li><strong>Nordisk og Baltisk genbank (GeNBIS)<\/strong>: <a rel=\"noreferrer noopener\" href=\"https:\/\/www.nordic-baltic-genebanks.org\/gringlobal\/search.aspx\" target=\"_blank\">https:\/\/www.nordic-baltic-genebanks.org\/gringlobal\/search.aspx<\/a><\/li>\n\n\n\n<li><strong>The Czech genebank:<\/strong> <a rel=\"noreferrer noopener\" href=\"https:\/\/grinczech.vurv.cz\/gringlobal\/search.aspx\" target=\"_blank\">https:\/\/grinczech.vurv.cz\/gringlobal\/search.aspx<\/a><\/li>\n\n\n\n<li><strong>SKUD Svensk kulturv\u00e4xtdatabas<\/strong>: <a href=\"https:\/\/skud.slu.se\/nav\/taxa\" target=\"_blank\" rel=\"noreferrer noopener\">https:\/\/skud.slu.se\/nav\/taxa<\/a><\/li>\n\n\n\n<li><strong>UPOV<\/strong>: <a rel=\"noreferrer noopener\" href=\"https:\/\/www.upov.int\/portal\/index.html.en\" target=\"_blank\">https:\/\/www.upov.int\/portal\/index.html.en<\/a><\/li>\n\n\n\n<li><strong>The <a href=\"\/2023\/02\/09\/250-000-accepted-cultivar-names-gives-culton-a-flying-start\/\">lists from Theo Damen<\/a><\/strong> which again comes from many sources<\/li>\n<\/ul>\n\n\n\n<p class=\"has-global-color-8-color has-base-background-color has-text-color has-background\"><a href=\"\/no\/data\/tips-om-datakilde\/\"><strong>Tips oss om kilder<\/strong><\/a><\/p>\n\n\n\n<h3 class=\"wp-block-heading\" id=\"kultivarstatus\">Kultivarstatus<\/h3>\n\n\n\n<p>Som beskrevet i v\u00e5r <strong><a href=\"\/no\/systematikk\/cultons-tilnarming\/#kultivar-type\" data-type=\"page\" data-id=\"4703\">systematikk tiln\u00e6rming<\/a><\/strong>, vi bygger p\u00e5 genbanktypene og MCPD for planter. For ogs\u00e5 \u00e5 inkludere husdyr og mikroorganismer m\u00e5 vi nok justere denne listen, men prinsippet vil v\u00e6re det samme. Kultivartyper bli lagret i en kolonne i sorttabellen og vises i frontend der det er n\u00f8dvendig.<\/p>\n\n\n\n<p>For planter vil dataene i stor grad m\u00e5tte komme fra genbankene, s\u00e5 vi blir avhengig av et godt samarbeid med dem, f.eks. gennom <strong><a rel=\"noreferrer noopener\" href=\"https:\/\/www.croptrust.org\/\" target=\"_blank\">Crop Trust<\/a><\/strong>. Vi har innledet en dialog med dem om tilgang til Genesys-dataene.<\/p>\n\n\n\n<h2 class=\"wp-block-heading\">Metode<\/h2>\n\n\n\n<p>Kultivardataene vil ligge i \u00e9n hovedtabell med et synonymsystem, samt tilleggstabeller med egenskapsdata for de enkelte kultivarene. <\/p>\n\n\n\n<p>Det f\u00f8rste kultivar-datasettet blir til ved \u00e5 fokusere p\u00e5 \u00e9n og \u00e9n avlingstype\/husdyr\/microorganisme (symbio) og gjennomf\u00f8re f\u00f8lgende prosedyre:<\/p>\n\n\n\n<ol class=\"wp-block-list\">\n<li>hente navnene som er i bruk fra kildene ovenfor<\/li>\n\n\n\n<li>normalisere og sl\u00e5 sammen dataene der det er naturlig<\/li>\n\n\n\n<li>beholde referansene til kildene i egne kolonner<\/li>\n\n\n\n<li>gi alle oppf\u00f8ringer unike ID-er (persistente UUID-er)<\/li>\n\n\n\n<li>i utgangspunktet sette alle oppf\u00f8ringer med status &laquo;uverifisert&raquo;, dvs. at det er ikke er tatt stilling til hva som skal v\u00e6re akseptert og hva som skal v\u00e6re synonom<\/li>\n<\/ol>\n\n\n\n<p>N\u00e5r dette innledende arbeidet er gjort, vil vi utvikle et brukergrensesnitt for monitorering i frontend p\u00e5 culton.info. Her vil da monitoreringsteamet arbeide med verifisering av de importerte dataene, samt l\u00f8pende vurdering av forslag fra publikum. <\/p>\n\n\n\n<h2 class=\"wp-block-heading\">Data<\/h2>\n\n\n\n<p>Det vil ikke v\u00e6re hensiktsmessig \u00e5 tilby en full utskrift av alle kultivarer, raser og stammer, fordi det kommer raskt til \u00e5 v\u00e6re mange hundre tusen oppf\u00f8ringer. I stedet vil vi utvikle en rekke m\u00e5ter \u00e5 s\u00f8ke og sette sammen informasjon p\u00e5 som s\u00e5 kan eksporteres eller skrives ut.<\/p>\n\n\n\n<p class=\"has-global-color-8-color has-base-background-color has-text-color has-background\">V\u00e5r f\u00f8rste betaversjon av sjekklistetjenesten vil kj\u00f8re fra <strong><a href=\"https:\/\/beta.culton.org\/\">beta.culton.org<\/a><\/strong>. Her p\u00e5 culton.org er det <a href=\"\/no\/data\/datasett\/\" data-type=\"URL\" data-id=\"\/no\/data\/datasett\/\">utviklingsdatasett<\/a>, for det meste i regnearkformat, kun for intern diskusjon og tilgang begrenset til p\u00e5loggede deltakere i prosjektet. Dersom det er lagt ut slike data, lenkes det dit under her:<\/p>\n\n\n\n<div style=\"height:100px\" aria-hidden=\"true\" class=\"wp-block-spacer\"><\/div>\n","protected":false},"excerpt":{"rendered":"<p>Dette er hovedfokuset i Culton-prosjektet, grunniv\u00e5et i databasen og \u00e5rsaken til at prosjektet eksisterer. \u00c5 utvikle \u00e5 vedlikeholde sjekklisten vil v\u00e6re en kontinuerlig prosess som forh\u00e5pentligvis involverer en stor gruppe frivillige moderatorer og forh\u00e5pentligvis ogs\u00e5 noen betalte medarbeidere etter hvert. Kilder Vi har i l\u00f8pet av tiden dette prosjektet har utviklet seg arbeidet med data &#8230; <a title=\"Kultivar (\/rase\/stamme)\" class=\"read-more\" href=\"https:\/\/culton.org\/no\/data\/kultivar\/\" aria-label=\"Read more about Kultivar (\/rase\/stamme)\">Les mer<\/a><\/p>\n","protected":false},"author":3,"featured_media":0,"parent":7998,"menu_order":3,"comment_status":"closed","ping_status":"closed","template":"","meta":{"_bbp_topic_count":0,"_bbp_reply_count":0,"_bbp_total_topic_count":0,"_bbp_total_reply_count":0,"_bbp_voice_count":0,"_bbp_anonymous_reply_count":0,"_bbp_topic_count_hidden":0,"_bbp_reply_count_hidden":0,"_bbp_forum_subforum_count":0,"_lmt_disableupdate":"","_lmt_disable":"","footnotes":""},"class_list":["post-10605","page","type-page","status-publish"],"_links":{"self":[{"href":"https:\/\/culton.org\/no\/wp-json\/wp\/v2\/pages\/10605","targetHints":{"allow":["GET"]}}],"collection":[{"href":"https:\/\/culton.org\/no\/wp-json\/wp\/v2\/pages"}],"about":[{"href":"https:\/\/culton.org\/no\/wp-json\/wp\/v2\/types\/page"}],"author":[{"embeddable":true,"href":"https:\/\/culton.org\/no\/wp-json\/wp\/v2\/users\/3"}],"replies":[{"embeddable":true,"href":"https:\/\/culton.org\/no\/wp-json\/wp\/v2\/comments?post=10605"}],"version-history":[{"count":74,"href":"https:\/\/culton.org\/no\/wp-json\/wp\/v2\/pages\/10605\/revisions"}],"predecessor-version":[{"id":13810,"href":"https:\/\/culton.org\/no\/wp-json\/wp\/v2\/pages\/10605\/revisions\/13810"}],"up":[{"embeddable":true,"href":"https:\/\/culton.org\/no\/wp-json\/wp\/v2\/pages\/7998"}],"wp:attachment":[{"href":"https:\/\/culton.org\/no\/wp-json\/wp\/v2\/media?parent=10605"}],"curies":[{"name":"wp","href":"https:\/\/api.w.org\/{rel}","templated":true}]}}