{"id":10555,"date":"2023-03-13T12:40:31","date_gmt":"2023-03-13T11:40:31","guid":{"rendered":"https:\/\/culton.org\/?page_id=10555"},"modified":"2023-04-03T16:30:10","modified_gmt":"2023-04-03T15:30:10","slug":"takso-kultonomi","status":"publish","type":"page","link":"https:\/\/culton.org\/no\/systematikk\/takso-kultonomi\/","title":{"rendered":"Takso- &#038; kultonomi"},"content":{"rendered":"\n<h2 class=\"gb-headline gb-headline-16bfa14f gb-headline-text\" id=\"problems\">Tr\u00f8bbel i forholdet?<\/h2>\n\n\n\n<figure class=\"wp-block-image size-large is-resized\"><img loading=\"lazy\" decoding=\"async\" src=\"https:\/\/culton.org\/wp-content\/uploads\/2022\/07\/tomatos-1024x683.jpg\" alt=\"\" class=\"wp-image-4572\" width=\"512\" height=\"342\" srcset=\"https:\/\/culton.org\/wp-content\/uploads\/2022\/07\/tomatos-1024x683.jpg 1024w, https:\/\/culton.org\/wp-content\/uploads\/2022\/07\/tomatos-300x200.jpg 300w, https:\/\/culton.org\/wp-content\/uploads\/2022\/07\/tomatos-768x512.jpg 768w, https:\/\/culton.org\/wp-content\/uploads\/2022\/07\/tomatos-1536x1024.jpg 1536w, https:\/\/culton.org\/wp-content\/uploads\/2022\/07\/tomatos-2048x1365.jpg 2048w\" sizes=\"auto, (max-width: 512px) 100vw, 512px\" \/><\/figure>\n\n\n\n<p class=\"has-small-font-size\"><em><em>Foto av <a rel=\"noreferrer noopener\" href=\"https:\/\/unsplash.com\/es\/@vklee?utm_source=unsplash&amp;utm_medium=referral&amp;utm_content=creditCopyText\" target=\"_blank\">Vince Lee<\/a> p\u00e5 <a rel=\"noreferrer noopener\" href=\"https:\/\/unsplash.com\/s\/photos\/tomato?utm_source=unsplash&amp;utm_medium=referral&amp;utm_content=creditCopyText\" target=\"_blank\">Unsplash<\/a><\/em><\/em><\/p>\n\n\n\n<p>Den dominerende tenkning innen kultonomi-milj\u00f8ene er at taksonomien for ville organismer skal utgj\u00f8re grunnstammen ogs\u00e5 i beskrivelsen av menneskep\u00e5virkede organismer. Dette f\u00f8rer til ul\u00f8selige problemer og uklarheter:<\/p>\n\n\n\n<h3 class=\"gb-headline gb-headline-4b7677ce gb-headline-text\">1 Taksonomien og vitenskapelige navn endrer seg mye<\/h3>\n\n\n\n<p>Som skrevet om <a href=\"https:\/\/culton.org\/no\/systematikk\/taksonomi\/\" data-type=\"page\" data-id=\"8027\"><strong>taksonomi<\/strong><\/a>, representerer\/reflekterer linneiske binomialer fylogeni, med andre ord evolusjon\u00e6rt baserte slektskapsforhold som kommer til syne via genkartlegging. Dette betyr at navn vil endres n\u00e5r nye forhold oppdages.<\/p>\n\n\n\n<p class=\"has-contrast-color has-text-color\">Systematikk bruker ikke gener, taksonomi gj\u00f8r det. Systematikk innen biovitenskap hevder at gener er et viktig verkt\u00f8y for \u00e5 rekonstruere evolusjon\u00e6re forhold mellom organismer (dette er systematisk teori), ved siden av andre verkt\u00f8y (f.eks. morfologiske, kjemiske, etc. karakterer). Taksonomi er handelen med \u00e5 faktisk foresl\u00e5 taksonomier for utvalgte organismer, enten ved \u00e5 bruke morfologi, eller gener eller begge deler, eller enda mer.<\/p>\n\n\n\n<p>Dette er et problem for spesielt hagebruk, landbruk og skogbruksvitenskap, fordi man ender opp med mange forskjellige navn i ulike kataloger og oversikter, som igjen skaper problemer for de mange n\u00e6ringene og andre som jobber med dyrkede former. Tomat nevnes f.eks. n\u00e5 av botanikerne som <strong><a rel=\"noreferrer noopener\" href=\"https:\/\/www.gbif.org\/species\/2930137\" target=\"_blank\">Solanum lycopersicum L.<\/a><\/strong>, men for ikke lenge siden gikk den under <strong><a rel=\"noreferrer noopener\" href=\"https:\/\/www.gbif.org\/species\/2930181\" target=\"_blank\">Lycopersicon esculentum Mill.<\/a><\/strong>, som alts\u00e5 st\u00e5r igjen i mange lister, men n\u00e5 er definert som et synonym.<\/p>\n\n\n\n<h3 class=\"gb-headline gb-headline-885f738a gb-headline-text\">2 Mange kultivarer har kompleks historikk som ikke kan beskrives takonomisk<\/h3>\n\n\n\n<p>I dag brukes taksonomiske navn i kultonomi, selv der det i mange tilfeller ikke er mulig \u00e5 spore en kultivar tilbake til bare ett takson. Som regel pr\u00f8ver man seg p\u00e5 en art, en underart (subsp.) eller en variant (var.), men i realiteten er de menneskep\u00e5virkede (domestiserte) organismene i mange tilfeller utviklet langt fra sine ville former gjennom hybridisering mellom arter. I noen tilfeller er det ingen ville slektninger igjen i det hele tatt, som f.eks. for mange varianter av korn som har blitt dyrket over sv\u00e6rt lang tid (de kalles kultigener).<\/p>\n\n\n\n<p>Det er v\u00e5r tilsiktede kunstige seleksjon, avl og endring av organismer gjennom avlsprogrammer og ikke f\u00f8rst og fremst evolusjonsmekanismene, som har v\u00e6rt avgj\u00f8rende. Dette gj\u00f8r dem vanskelige \u00e5 passe inn i biovitenskapens fylogenetisk baserte taksonomier, slik at \u00e5 velge et vitenskapelig navn i beste fall egentlig er en halvsannhet. Alle taksoner som kan tenkes \u00e5 inng\u00e5 i en kultivars utviklingshistorikk b\u00f8r i s\u00e5 fall nevnes, og ogs\u00e5 s\u00e5 langt det er mulig hvordan hybridiseringen har skjedd.<\/p>\n\n\n\n<h3 class=\"gb-headline gb-headline-c8ad4f4c gb-headline-text\" id=\"taksonomiske-utfordringer\">3 De kultiverte organismene skaper utfordringer for taksonomien<\/h3>\n\n\n\n<p>Et sentralt trekk ved ICN-koden har v\u00e6rt intensjonen om \u00e5 fase ut alle dyrkede planter og sopp og i stedet la ICNCP ta seg av disse. Men de siste \u00e5rene har det blitt gjort fors\u00f8k p\u00e5 \u00e5 m\u00f8te kultonomenes behov for mer passende vitenskapelige navn.<\/p>\n\n\n\n<p>Et problem er at vi f\u00e5r en eksplosjon av hybridnavn (de med enten \u00abx\u00bb eller \u00ab\u00d7\u00bb), og et stort vedlegg med navneregler for hybrider i ICN som resultat. Et annet problem har mer \u00e5 gj\u00f8re med det grunnleggende om taksonomisk tenkning, i henhold til utfordringene nevnt i (1) og (2) ovenfor.<\/p>\n\n\n\n<p>GBIF har for eksempel gjort mye arbeid med hensyn til feltet agrobiodiversitet (ABD), som er n\u00f8kkelbegrepet er der, noe som hovedsakelig har f\u00f8rt til to resultater:<\/p>\n\n\n\n<ul class=\"wp-block-list\">\n<li>Rapporten <strong><a rel=\"noreferrer noopener\" href=\"https:\/\/www.gbif.org\/document\/82283\/report-of-the-task-group-on-gbif-data-fitness-for-use-in-agrobiodiversity\" target=\"_blank\">Report of the Task Group on GBIF Data Fitness for Use in Agrobiodiversity<\/a><\/strong><\/li>\n\n\n\n<li>Et takson (i GBIF) kalt <strong>Cultivar <\/strong>som er &laquo;rangert&raquo; innenfor det taksonomiske hierarkiet.<br><a rel=\"noreferrer noopener\" href=\"https:\/\/github.com\/tdwg\/dwc\/issues\/41\" target=\"_blank\">https:\/\/github.com\/tdwg\/dwc\/issues\/41<\/a><br><a href=\"https:\/\/en.wikipedia.org\/wiki\/Cultivar#Formal_definition\">https:\/\/en.wikipedia.org\/wiki\/Cultivar#Formal_definition<\/a><br><a href=\"https:\/\/github.com\/gbif\/name-parser\/blob\/master\/name-parser-api\/src\/main\/java\/org\/gbif\/nameparser\/api\/Rank.java#L268\">https:\/\/github.com\/gbif\/name-parser\/blob\/master\/name-parser-api\/src\/main\/java\/org\/gbif\/nameparser\/api\/Rank.java#L<\/a><\/li>\n<\/ul>\n\n\n\n<p>Alt dette er interessant, og siden GBIF er partner i prosjektet, vil vi f\u00f8lge dette n\u00f8ye.<\/p>\n\n\n\n<p>***<\/p>\n\n\n\n<p>Les videre <strong><a href=\"\/no\/systematikk\/ny-kultonomi\/\" data-type=\"page\" data-id=\"10559\">her<\/a><a href=\"https:\/\/culton.org\/no\/systematikk\/avlingsbasert-kultonomi\/\" data-type=\"page\" data-id=\"10559\"> <\/a><\/strong>om hvordan systematikerne Ronald van den Berg og Wilbert Hetterscheid l\u00f8ser disse utfordringene.<\/p>\n\n\n\n<div style=\"height:100px\" aria-hidden=\"true\" class=\"wp-block-spacer\"><\/div>\n","protected":false},"excerpt":{"rendered":"<p>Tr\u00f8bbel i forholdet? Foto av Vince Lee p\u00e5 Unsplash Den dominerende tenkning innen kultonomi-milj\u00f8ene er at taksonomien for ville organismer skal utgj\u00f8re grunnstammen ogs\u00e5 i beskrivelsen av menneskep\u00e5virkede organismer. Dette f\u00f8rer til ul\u00f8selige problemer og uklarheter: 1 Taksonomien og vitenskapelige navn endrer seg mye Som skrevet om taksonomi, representerer\/reflekterer linneiske binomialer fylogeni, med andre ord &#8230; <a title=\"Takso- &#038; kultonomi\" class=\"read-more\" href=\"https:\/\/culton.org\/no\/systematikk\/takso-kultonomi\/\" aria-label=\"Read more about Takso- &#038; kultonomi\">Les mer<\/a><\/p>\n","protected":false},"author":3,"featured_media":0,"parent":8588,"menu_order":3,"comment_status":"closed","ping_status":"closed","template":"","meta":{"_bbp_topic_count":0,"_bbp_reply_count":0,"_bbp_total_topic_count":0,"_bbp_total_reply_count":0,"_bbp_voice_count":0,"_bbp_anonymous_reply_count":0,"_bbp_topic_count_hidden":0,"_bbp_reply_count_hidden":0,"_bbp_forum_subforum_count":0,"_lmt_disableupdate":"","_lmt_disable":"","footnotes":""},"class_list":["post-10555","page","type-page","status-publish"],"_links":{"self":[{"href":"https:\/\/culton.org\/no\/wp-json\/wp\/v2\/pages\/10555","targetHints":{"allow":["GET"]}}],"collection":[{"href":"https:\/\/culton.org\/no\/wp-json\/wp\/v2\/pages"}],"about":[{"href":"https:\/\/culton.org\/no\/wp-json\/wp\/v2\/types\/page"}],"author":[{"embeddable":true,"href":"https:\/\/culton.org\/no\/wp-json\/wp\/v2\/users\/3"}],"replies":[{"embeddable":true,"href":"https:\/\/culton.org\/no\/wp-json\/wp\/v2\/comments?post=10555"}],"version-history":[{"count":10,"href":"https:\/\/culton.org\/no\/wp-json\/wp\/v2\/pages\/10555\/revisions"}],"predecessor-version":[{"id":13372,"href":"https:\/\/culton.org\/no\/wp-json\/wp\/v2\/pages\/10555\/revisions\/13372"}],"up":[{"embeddable":true,"href":"https:\/\/culton.org\/no\/wp-json\/wp\/v2\/pages\/8588"}],"wp:attachment":[{"href":"https:\/\/culton.org\/no\/wp-json\/wp\/v2\/media?parent=10555"}],"curies":[{"name":"wp","href":"https:\/\/api.w.org\/{rel}","templated":true}]}}