{"id":10241,"date":"2023-02-12T15:48:00","date_gmt":"2023-02-12T14:48:00","guid":{"rendered":"https:\/\/culton.org\/?page_id=10241"},"modified":"2023-09-02T10:02:17","modified_gmt":"2023-09-02T09:02:17","slug":"forum","status":"publish","type":"page","link":"https:\/\/culton.org\/no\/organisasjon\/forum\/","title":{"rendered":"Forum"},"content":{"rendered":"\n<p><strong>Vi har satt opp et en forumsl\u00f8sning for interne diskusjoner i prosjektet. L\u00f8sningen er kun p\u00e5 engelsk, s\u00e5 spr\u00e5kvelgeren forsvinner i menyen n\u00e5r man er inne i fora. S\u00e5 langt er det startet tre fora (<a rel=\"noreferrer noopener\" href=\"\/no\/wp-login.php?redirect_to=https%3A%2F%2Fculton.org%2Fno%2Forganisasjon%2Fforum%2F\" target=\"_blank\">innloggede <\/a>deltakere kommer dit via overskriftene):<\/strong><\/p>\n\n\n\n<h2 class=\"wp-block-heading\"><a href=\"\/forum\/systematics-forum\/\"><strong>Forum for systematikk<\/strong><\/a><\/h2>\n\n\n\n<ol class=\"wp-block-list\">\n<li>systematikkteori generelt<\/li>\n\n\n\n<li>forholdet mellom taksonomi for ville organismer og kultonomi for domestiserte<\/li>\n\n\n\n<li>kultonomien fremmet av Wilbert Hetterscheid og Ronald van den Berg<\/li>\n\n\n\n<li>valgene Culton-prosjektet er basert p\u00e5 n\u00e5r det gjelder systematikk<\/li>\n\n\n\n<li>andre emner deltakerne \u00f8nsker \u00e5 ta opp<\/li>\n<\/ol>\n\n\n\n<p>Tanken er at de generelle diskusjonene om kultonomi diskuteres her i dette forumet. En kultonomisk <strong><a href=\"https:\/\/www.tdwg.org\/community\/#interest-and-task-groups\" target=\"_blank\" rel=\"noreferrer noopener\">interessegruppe ved TDWG-prosjektet<\/a><\/strong> vil ogs\u00e5 bli opprettet, mest for diskusjoner og utvikling av databasestrukturen til prosjektet.<\/p>\n\n\n\n<h2 class=\"wp-block-heading\"><strong><a href=\"\/forum\/name-moderation-team\/\">Forum for gruppen for navnemoderasjon<\/a><\/strong><\/h2>\n\n\n\n<ol class=\"wp-block-list\">\n<li>kvalifikasjonskriterier for teammedlemmer<\/li>\n\n\n\n<li>metoder og prinsipper for overv\u00e5king av Culton-oppf\u00f8ringer<\/li>\n\n\n\n<li>andre emner deltakerne \u00f8nsker \u00e5 ta opp<\/li>\n<\/ol>\n\n\n\n<p>Vi planlegger en seksjon for teamarbeidet for det som skal bli prosjektets operasjonelle nettsted: Culton.info. Kjernen i denne vil v\u00e6re en portal der moderatorer ser lister over navneforslag fra publikum som skal bed\u00f8mmes til akseptert\/synonym\/avvist basert p\u00e5 de kriterier prosjektet utvikler.<\/p>\n\n\n\n<h2 class=\"wp-block-heading\"><strong><a href=\"\/forum\/forum-for-organisation-development\/\" data-type=\"page\" data-id=\"11261\">Forum for utvikling av organisasjonen<\/a><\/strong><\/h2>\n\n\n\n<ol class=\"wp-block-list\">\n<li>form\u00e5l, m\u00e5l, oppgaver og hvordan de gjenspeiles i vedtekter og andre dokumenter<\/li>\n\n\n\n<li>hvordan utvikle styret: medlemsforslag mm<\/li>\n\n\n\n<li>organisasjonsutvikling generelt<\/li>\n\n\n\n<li>partnerskap, juridiske samarbeidsdokumenter mm<\/li>\n\n\n\n<li>andre temaer deltakerne \u00f8nsker \u00e5 ta opp<\/li>\n<\/ol>\n\n\n\n<div style=\"height:100px\" aria-hidden=\"true\" class=\"wp-block-spacer\"><\/div>\n","protected":false},"excerpt":{"rendered":"<p>Vi har satt opp et en forumsl\u00f8sning for interne diskusjoner i prosjektet. L\u00f8sningen er kun p\u00e5 engelsk, s\u00e5 spr\u00e5kvelgeren forsvinner i menyen n\u00e5r man er inne i fora. S\u00e5 langt er det startet tre fora (innloggede deltakere kommer dit via overskriftene): Forum for systematikk Tanken er at de generelle diskusjonene om kultonomi diskuteres her i &#8230; <a title=\"Forum\" class=\"read-more\" href=\"https:\/\/culton.org\/no\/organisasjon\/forum\/\" aria-label=\"Read more about Forum\">Les mer<\/a><\/p>\n","protected":false},"author":3,"featured_media":0,"parent":4700,"menu_order":1,"comment_status":"closed","ping_status":"closed","template":"","meta":{"_bbp_topic_count":0,"_bbp_reply_count":0,"_bbp_total_topic_count":0,"_bbp_total_reply_count":0,"_bbp_voice_count":0,"_bbp_anonymous_reply_count":0,"_bbp_topic_count_hidden":0,"_bbp_reply_count_hidden":0,"_bbp_forum_subforum_count":0,"_lmt_disableupdate":"","_lmt_disable":"","footnotes":""},"class_list":["post-10241","page","type-page","status-publish"],"_links":{"self":[{"href":"https:\/\/culton.org\/no\/wp-json\/wp\/v2\/pages\/10241","targetHints":{"allow":["GET"]}}],"collection":[{"href":"https:\/\/culton.org\/no\/wp-json\/wp\/v2\/pages"}],"about":[{"href":"https:\/\/culton.org\/no\/wp-json\/wp\/v2\/types\/page"}],"author":[{"embeddable":true,"href":"https:\/\/culton.org\/no\/wp-json\/wp\/v2\/users\/3"}],"replies":[{"embeddable":true,"href":"https:\/\/culton.org\/no\/wp-json\/wp\/v2\/comments?post=10241"}],"version-history":[{"count":24,"href":"https:\/\/culton.org\/no\/wp-json\/wp\/v2\/pages\/10241\/revisions"}],"predecessor-version":[{"id":13842,"href":"https:\/\/culton.org\/no\/wp-json\/wp\/v2\/pages\/10241\/revisions\/13842"}],"up":[{"embeddable":true,"href":"https:\/\/culton.org\/no\/wp-json\/wp\/v2\/pages\/4700"}],"wp:attachment":[{"href":"https:\/\/culton.org\/no\/wp-json\/wp\/v2\/media?parent=10241"}],"curies":[{"name":"wp","href":"https:\/\/api.w.org\/{rel}","templated":true}]}}